{"id":10581,"date":"2021-06-08T20:26:49","date_gmt":"2021-06-08T18:26:49","guid":{"rendered":"https:\/\/www.lyrebirdbeatbox.com\/journal\/"},"modified":"2022-12-03T01:13:19","modified_gmt":"2022-12-03T00:13:19","slug":"journal","status":"publish","type":"page","link":"https:\/\/www.lyrebirdbeatbox.com\/fr\/journal\/","title":{"rendered":"Journal"},"content":{"rendered":"\n\t\t\t<div class=\"wp-block-uagb-post-grid uagb-post-grid blocblog uagb-post__image-position-top uagb-post__image-enabled uagb-block-ec22da58     uagb-post__items uagb-post__columns-1 is-grid uagb-post__columns-tablet-1 uagb-post__columns-mobile-1 uagb-post__equal-height\" data-total=\"7\" style=\"\">\n\n\t\t\t\t\t\t\t\t\t\t\t\t<article class=\"uagb-post__inner-wrap\">\t\t\t\t\t\t\t\t<h2 class=\"uagb-post__title uagb-post__text\">\n\t\t\t\t<a href=\"https:\/\/www.lyrebirdbeatbox.com\/fr\/maitrise-lart-du-beatbox-au-florida-beatbox-festival-26-des-ateliers-pour-tous-les-niveaux\/\" target=\"_self\" rel=\"bookmark noopener\">Ma\u00eetrise l&rsquo;Art du Beatbox au Florida Beatbox Festival 26 \u2013 Des ateliers pour tous les niveaux<\/a>\n\t\t\t<\/h2>\n\t\t\t\t\t\t\t<div class='uagb-post__text uagb-post__excerpt'>\n\t\t\t\t\t<p>Rejoins-nous pour deux ateliers exclusifs et dynamiques afin de d\u00e9couvrir le beatbox et am\u00e9liorer tes&#8230;\t\t\t\t<\/div>\n\t\t\t\t\t\t<div class=\"uagb-post__text uagb-post__cta wp-block-button\">\n\t\t\t\t<a class=\"wp-block-button__link uagb-text-link\" style=\"\" href=\"https:\/\/www.lyrebirdbeatbox.com\/fr\/maitrise-lart-du-beatbox-au-florida-beatbox-festival-26-des-ateliers-pour-tous-les-niveaux\/\" target=\"_self\" rel=\"bookmark noopener\">Lire la suite<\/a>\n\t\t\t<\/div>\n\t\t\t\t\t\t<div class='uagb-post__text uagb-post-grid-byline'>\n\t\t\t\t\t\t\t\t<time datetime=\"2026-04-01T19:57:05+02:00\" class=\"uagb-post__date\">\n\t\t\t\t<span class=\"dashicons-calendar dashicons\"><\/span>\t\t\t\t\t1 avril 2026\t\t\t\t<\/time>\n\t\t\t\t\t\t\t<span class=\"uagb-post__comment\">\n\t\t\t\t<span class=\"dashicons-admin-comments dashicons\"><\/span>\t\t\t\t\tAucun commentaire\t\t\t\t<\/span>\n\t\t\t\t\t\t<\/div>\n\t\t\t\n\t\t\t\t\t\t\t\t\t<\/article>\n\t\t\t\t\t\t\t\t\t\t\t\t\t\t\t\t<article class=\"uagb-post__inner-wrap\">\t\t\t\t\t\t\t\t<div class='uagb-post__image'>\n\t\t\t\t\t\t\t\t\t<a href=\"https:\/\/www.lyrebirdbeatbox.com\/fr\/programme-wildcard-beatbox-lyrebird-fevrier-2026\/\" target=\"_self\" rel=\"bookmark noopener\" class='uagb-image-ratio-inherit'><img fetchpriority=\"high\" decoding=\"async\" width=\"1080\" height=\"1080\" src=\"https:\/\/www.lyrebirdbeatbox.com\/wp-content\/uploads\/lyrebird_beatbox_school-how_to_build_your_beatbox_wildcard-programme.webp\" class=\"attachment-full size-full\" alt=\"Programme commentconstruire ta wildcard beatbox par l&#039;\u00e9cole de Beatbox Lyrebird\" srcset=\"https:\/\/www.lyrebirdbeatbox.com\/wp-content\/uploads\/lyrebird_beatbox_school-how_to_build_your_beatbox_wildcard-programme.webp 1080w, https:\/\/www.lyrebirdbeatbox.com\/wp-content\/uploads\/lyrebird_beatbox_school-how_to_build_your_beatbox_wildcard-programme-300x300.webp 300w, https:\/\/www.lyrebirdbeatbox.com\/wp-content\/uploads\/lyrebird_beatbox_school-how_to_build_your_beatbox_wildcard-programme-1024x1024.webp 1024w, https:\/\/www.lyrebirdbeatbox.com\/wp-content\/uploads\/lyrebird_beatbox_school-how_to_build_your_beatbox_wildcard-programme-150x150.webp 150w, https:\/\/www.lyrebirdbeatbox.com\/wp-content\/uploads\/lyrebird_beatbox_school-how_to_build_your_beatbox_wildcard-programme-768x768.webp 768w, https:\/\/www.lyrebirdbeatbox.com\/wp-content\/uploads\/lyrebird_beatbox_school-how_to_build_your_beatbox_wildcard-programme-624x624.webp 624w, https:\/\/www.lyrebirdbeatbox.com\/wp-content\/uploads\/lyrebird_beatbox_school-how_to_build_your_beatbox_wildcard-programme-400x400.webp 400w, https:\/\/www.lyrebirdbeatbox.com\/wp-content\/uploads\/lyrebird_beatbox_school-how_to_build_your_beatbox_wildcard-programme-600x600.webp 600w, https:\/\/www.lyrebirdbeatbox.com\/wp-content\/uploads\/lyrebird_beatbox_school-how_to_build_your_beatbox_wildcard-programme-100x100.webp 100w\" sizes=\"(max-width: 1080px) 100vw, 1080px\" \/>\t\t\t\t\t<\/a>\n\t\t\t\t\t\t\t<\/div>\n\t\t\t\t\t\t<h2 class=\"uagb-post__title uagb-post__text\">\n\t\t\t\t<a href=\"https:\/\/www.lyrebirdbeatbox.com\/fr\/programme-wildcard-beatbox-lyrebird-fevrier-2026\/\" target=\"_self\" rel=\"bookmark noopener\">Programme Wildcard Beatbox Lyrebird \u2013 F\u00e9vrier 2026<\/a>\n\t\t\t<\/h2>\n\t\t\t\t\t\t\t<div class='uagb-post__text uagb-post__excerpt'>\n\t\t\t\t\t\t\t\t\t<\/div>\n\t\t\t\t\t\t<div class=\"uagb-post__text uagb-post__cta wp-block-button\">\n\t\t\t\t<a class=\"wp-block-button__link uagb-text-link\" style=\"\" href=\"https:\/\/www.lyrebirdbeatbox.com\/fr\/programme-wildcard-beatbox-lyrebird-fevrier-2026\/\" target=\"_self\" rel=\"bookmark noopener\">Lire la suite<\/a>\n\t\t\t<\/div>\n\t\t\t\t\t\t<div class='uagb-post__text uagb-post-grid-byline'>\n\t\t\t\t\t\t\t\t<time datetime=\"2026-01-21T22:11:07+01:00\" class=\"uagb-post__date\">\n\t\t\t\t<span class=\"dashicons-calendar dashicons\"><\/span>\t\t\t\t\t21 janvier 2026\t\t\t\t<\/time>\n\t\t\t\t\t\t\t<span class=\"uagb-post__comment\">\n\t\t\t\t<span class=\"dashicons-admin-comments dashicons\"><\/span>\t\t\t\t\tAucun commentaire\t\t\t\t<\/span>\n\t\t\t\t\t\t<\/div>\n\t\t\t\n\t\t\t\t\t\t\t\t\t<\/article>\n\t\t\t\t\t\t\t\t\t\t\t\t\t\t\t\t<article class=\"uagb-post__inner-wrap\">\t\t\t\t\t\t\t\t<h2 class=\"uagb-post__title uagb-post__text\">\n\t\t\t\t<a href=\"https:\/\/www.lyrebirdbeatbox.com\/fr\/championnats-de-france-de-beatbox-2025-ateliers-de-beatbox-pour-tous-les-niveaux\/\" target=\"_self\" rel=\"bookmark noopener\">CHAMPIONNATS DE FRANCE DE BEATBOX 2025 \u2013 Ateliers de beatbox pour tous les niveaux<\/a>\n\t\t\t<\/h2>\n\t\t\t\t\t\t\t<div class='uagb-post__text uagb-post__excerpt'>\n\t\t\t\t\t<p>Pr\u00e9pare-toi \u00e0 r\u00e9v\u00e9ler ton potentiel de beatboxeur gr\u00e2ce \u00e0 nos 2 ateliers beatbox exclusifs organis\u00e9s&#8230;\t\t\t\t<\/div>\n\t\t\t\t\t\t<div class=\"uagb-post__text uagb-post__cta wp-block-button\">\n\t\t\t\t<a class=\"wp-block-button__link uagb-text-link\" style=\"\" href=\"https:\/\/www.lyrebirdbeatbox.com\/fr\/championnats-de-france-de-beatbox-2025-ateliers-de-beatbox-pour-tous-les-niveaux\/\" target=\"_self\" rel=\"bookmark noopener\">Lire la suite<\/a>\n\t\t\t<\/div>\n\t\t\t\t\t\t<div class='uagb-post__text uagb-post-grid-byline'>\n\t\t\t\t\t\t\t\t<time datetime=\"2025-12-04T20:04:43+01:00\" class=\"uagb-post__date\">\n\t\t\t\t<span class=\"dashicons-calendar dashicons\"><\/span>\t\t\t\t\t4 d\u00e9cembre 2025\t\t\t\t<\/time>\n\t\t\t\t\t\t\t<span class=\"uagb-post__comment\">\n\t\t\t\t<span class=\"dashicons-admin-comments dashicons\"><\/span>\t\t\t\t\tAucun commentaire\t\t\t\t<\/span>\n\t\t\t\t\t\t<\/div>\n\t\t\t\n\t\t\t\t\t\t\t\t\t<\/article>\n\t\t\t\t\t\t\t\t\t\t\t\t\t\t\t\t<article class=\"uagb-post__inner-wrap\">\t\t\t\t\t\t\t\t<div class='uagb-post__image'>\n\t\t\t\t\t\t\t\t\t<a href=\"https:\/\/www.lyrebirdbeatbox.com\/fr\/florida-beatbox-festival-25-ateliers-de-beatbox-pour-tous-les-niveaux\/\" target=\"_self\" rel=\"bookmark noopener\" class='uagb-image-ratio-inherit'><img decoding=\"async\" width=\"1200\" height=\"627\" src=\"https:\/\/www.lyrebirdbeatbox.com\/wp-content\/uploads\/florida_beatbox_festival_2025-workshops_with_keumart_and_footboxg-hd.png\" class=\"attachment-full size-full\" alt=\"Workshops with Keumart and FootboxG at the Florida Beatbox Festival 2025\" srcset=\"https:\/\/www.lyrebirdbeatbox.com\/wp-content\/uploads\/florida_beatbox_festival_2025-workshops_with_keumart_and_footboxg-hd.png 1200w, https:\/\/www.lyrebirdbeatbox.com\/wp-content\/uploads\/florida_beatbox_festival_2025-workshops_with_keumart_and_footboxg-hd-300x157.png 300w, https:\/\/www.lyrebirdbeatbox.com\/wp-content\/uploads\/florida_beatbox_festival_2025-workshops_with_keumart_and_footboxg-hd-1024x535.png 1024w, https:\/\/www.lyrebirdbeatbox.com\/wp-content\/uploads\/florida_beatbox_festival_2025-workshops_with_keumart_and_footboxg-hd-768x401.png 768w, https:\/\/www.lyrebirdbeatbox.com\/wp-content\/uploads\/florida_beatbox_festival_2025-workshops_with_keumart_and_footboxg-hd-624x326.png 624w, https:\/\/www.lyrebirdbeatbox.com\/wp-content\/uploads\/florida_beatbox_festival_2025-workshops_with_keumart_and_footboxg-hd-600x314.png 600w\" sizes=\"(max-width: 1200px) 100vw, 1200px\" \/>\t\t\t\t\t<\/a>\n\t\t\t\t\t\t\t<\/div>\n\t\t\t\t\t\t<h2 class=\"uagb-post__title uagb-post__text\">\n\t\t\t\t<a href=\"https:\/\/www.lyrebirdbeatbox.com\/fr\/florida-beatbox-festival-25-ateliers-de-beatbox-pour-tous-les-niveaux\/\" target=\"_self\" rel=\"bookmark noopener\">Florida Beatbox Festival 25 &#8211; Ateliers de Beatbox pour tous les niveaux<\/a>\n\t\t\t<\/h2>\n\t\t\t\t\t\t\t<div class='uagb-post__text uagb-post__excerpt'>\n\t\t\t\t\tLib\u00e9re ton potentiel de beatbox au Florida Beatbox Festival 2025 ! \ud83c\udfa4 Participe \u00e0 des&#8230;\t\t\t\t<\/div>\n\t\t\t\t\t\t<div class=\"uagb-post__text uagb-post__cta wp-block-button\">\n\t\t\t\t<a class=\"wp-block-button__link uagb-text-link\" style=\"\" href=\"https:\/\/www.lyrebirdbeatbox.com\/fr\/florida-beatbox-festival-25-ateliers-de-beatbox-pour-tous-les-niveaux\/\" target=\"_self\" rel=\"bookmark noopener\">Lire la suite<\/a>\n\t\t\t<\/div>\n\t\t\t\t\t\t<div class='uagb-post__text uagb-post-grid-byline'>\n\t\t\t\t\t\t\t\t<time datetime=\"2025-03-29T11:33:34+01:00\" class=\"uagb-post__date\">\n\t\t\t\t<span class=\"dashicons-calendar dashicons\"><\/span>\t\t\t\t\t29 mars 2025\t\t\t\t<\/time>\n\t\t\t\t\t\t\t<span class=\"uagb-post__comment\">\n\t\t\t\t<span class=\"dashicons-admin-comments dashicons\"><\/span>\t\t\t\t\tAucun commentaire\t\t\t\t<\/span>\n\t\t\t\t\t\t<\/div>\n\t\t\t\n\t\t\t\t\t\t\t\t\t<\/article>\n\t\t\t\t\t\t\t\t\t\t\t\t\t\t\t\t<article class=\"uagb-post__inner-wrap\">\t\t\t\t\t\t\t\t<div class='uagb-post__image'>\n\t\t\t\t\t\t\t\t\t<a href=\"https:\/\/www.lyrebirdbeatbox.com\/fr\/winter-beatbox-jam-avec-footboxg-champion-du-monde-de-beatbox\/\" target=\"_self\" rel=\"bookmark noopener\" class='uagb-image-ratio-inherit'><img decoding=\"async\" width=\"1200\" height=\"627\" src=\"https:\/\/www.lyrebirdbeatbox.com\/wp-content\/uploads\/winter_beatbox_jam_2025_with_footboxg-in_cold_crash_reze_1200x627.webp\" class=\"attachment-full size-full\" alt=\"Winter Beatbox Jam 2025 with FootboxG in Cold Crash Rez\u00e9 France\" srcset=\"https:\/\/www.lyrebirdbeatbox.com\/wp-content\/uploads\/winter_beatbox_jam_2025_with_footboxg-in_cold_crash_reze_1200x627.webp 1200w, https:\/\/www.lyrebirdbeatbox.com\/wp-content\/uploads\/winter_beatbox_jam_2025_with_footboxg-in_cold_crash_reze_1200x627-300x157.webp 300w, https:\/\/www.lyrebirdbeatbox.com\/wp-content\/uploads\/winter_beatbox_jam_2025_with_footboxg-in_cold_crash_reze_1200x627-1024x535.webp 1024w, https:\/\/www.lyrebirdbeatbox.com\/wp-content\/uploads\/winter_beatbox_jam_2025_with_footboxg-in_cold_crash_reze_1200x627-768x401.webp 768w, https:\/\/www.lyrebirdbeatbox.com\/wp-content\/uploads\/winter_beatbox_jam_2025_with_footboxg-in_cold_crash_reze_1200x627-624x326.webp 624w, https:\/\/www.lyrebirdbeatbox.com\/wp-content\/uploads\/winter_beatbox_jam_2025_with_footboxg-in_cold_crash_reze_1200x627-600x314.webp 600w\" sizes=\"(max-width: 1200px) 100vw, 1200px\" \/>\t\t\t\t\t<\/a>\n\t\t\t\t\t\t\t<\/div>\n\t\t\t\t\t\t<h2 class=\"uagb-post__title uagb-post__text\">\n\t\t\t\t<a href=\"https:\/\/www.lyrebirdbeatbox.com\/fr\/winter-beatbox-jam-avec-footboxg-champion-du-monde-de-beatbox\/\" target=\"_self\" rel=\"bookmark noopener\">WINTER BEATBOX JAM avec FootboxG &#8211; Champion du Monde de Beatbox<\/a>\n\t\t\t<\/h2>\n\t\t\t\t\t\t\t<div class='uagb-post__text uagb-post__excerpt'>\n\t\t\t\t\tRejoins-nous le 24 janvier 2025 \u00e0 Cold Crash, Rez\u00e9 pour une inoubliable Winter Beatbox Jam&#8230;\t\t\t\t<\/div>\n\t\t\t\t\t\t<div class=\"uagb-post__text uagb-post__cta wp-block-button\">\n\t\t\t\t<a class=\"wp-block-button__link uagb-text-link\" style=\"\" href=\"https:\/\/www.lyrebirdbeatbox.com\/fr\/winter-beatbox-jam-avec-footboxg-champion-du-monde-de-beatbox\/\" target=\"_self\" rel=\"bookmark noopener\">Lire la suite<\/a>\n\t\t\t<\/div>\n\t\t\t\t\t\t<div class='uagb-post__text uagb-post-grid-byline'>\n\t\t\t\t\t\t\t\t<time datetime=\"2025-01-08T11:00:59+01:00\" class=\"uagb-post__date\">\n\t\t\t\t<span class=\"dashicons-calendar dashicons\"><\/span>\t\t\t\t\t8 janvier 2025\t\t\t\t<\/time>\n\t\t\t\t\t\t\t<span class=\"uagb-post__comment\">\n\t\t\t\t<span class=\"dashicons-admin-comments dashicons\"><\/span>\t\t\t\t\tAucun commentaire\t\t\t\t<\/span>\n\t\t\t\t\t\t<\/div>\n\t\t\t\n\t\t\t\t\t\t\t\t\t<\/article>\n\t\t\t\t\t\t\t\t\t\t\t\t\t\t\t\t<article class=\"uagb-post__inner-wrap\">\t\t\t\t\t\t\t\t<div class='uagb-post__image'>\n\t\t\t\t\t\t\t\t\t<a href=\"https:\/\/www.lyrebirdbeatbox.com\/fr\/construire-une-carriere-dans-le-beatbox-de-la-passion-a-la-profession\/\" target=\"_self\" rel=\"bookmark noopener\" class='uagb-image-ratio-inherit'><img loading=\"lazy\" decoding=\"async\" width=\"1200\" height=\"627\" src=\"https:\/\/www.lyrebirdbeatbox.com\/wp-content\/uploads\/from_passion_to_profession_beatboxing_opportunities.webp\" class=\"attachment-full size-full\" alt=\"Beatboxers : Lexie T, Afra, Daichi, Rinka, Tom Thum, MB14, Reggie Watts, and Bookie Blanco\" srcset=\"https:\/\/www.lyrebirdbeatbox.com\/wp-content\/uploads\/from_passion_to_profession_beatboxing_opportunities.webp 1200w, https:\/\/www.lyrebirdbeatbox.com\/wp-content\/uploads\/from_passion_to_profession_beatboxing_opportunities-300x157.webp 300w, https:\/\/www.lyrebirdbeatbox.com\/wp-content\/uploads\/from_passion_to_profession_beatboxing_opportunities-1024x535.webp 1024w, https:\/\/www.lyrebirdbeatbox.com\/wp-content\/uploads\/from_passion_to_profession_beatboxing_opportunities-768x401.webp 768w, https:\/\/www.lyrebirdbeatbox.com\/wp-content\/uploads\/from_passion_to_profession_beatboxing_opportunities-624x326.webp 624w, https:\/\/www.lyrebirdbeatbox.com\/wp-content\/uploads\/from_passion_to_profession_beatboxing_opportunities-600x314.webp 600w\" sizes=\"(max-width: 1200px) 100vw, 1200px\" \/>\t\t\t\t\t<\/a>\n\t\t\t\t\t\t\t<\/div>\n\t\t\t\t\t\t<h2 class=\"uagb-post__title uagb-post__text\">\n\t\t\t\t<a href=\"https:\/\/www.lyrebirdbeatbox.com\/fr\/construire-une-carriere-dans-le-beatbox-de-la-passion-a-la-profession\/\" target=\"_self\" rel=\"bookmark noopener\">Comment construire une carri\u00e8re dans le beatbox : De la passion \u00e0 la profession<\/a>\n\t\t\t<\/h2>\n\t\t\t\t\t\t\t<div class='uagb-post__text uagb-post__excerpt'>\n\t\t\t\t\tD\u00e9couvre les opportunit\u00e9s de carri\u00e8re en beatbox : performances, production, ateliers ou th\u00e9rapies. Fais de&#8230;\t\t\t\t<\/div>\n\t\t\t\t\t\t<div class=\"uagb-post__text uagb-post__cta wp-block-button\">\n\t\t\t\t<a class=\"wp-block-button__link uagb-text-link\" style=\"\" href=\"https:\/\/www.lyrebirdbeatbox.com\/fr\/construire-une-carriere-dans-le-beatbox-de-la-passion-a-la-profession\/\" target=\"_self\" rel=\"bookmark noopener\">Lire la suite<\/a>\n\t\t\t<\/div>\n\t\t\t\t\t\t<div class='uagb-post__text uagb-post-grid-byline'>\n\t\t\t\t\t\t\t\t<time datetime=\"2024-10-02T17:20:05+02:00\" class=\"uagb-post__date\">\n\t\t\t\t<span class=\"dashicons-calendar dashicons\"><\/span>\t\t\t\t\t2 octobre 2024\t\t\t\t<\/time>\n\t\t\t\t\t\t\t<span class=\"uagb-post__comment\">\n\t\t\t\t<span class=\"dashicons-admin-comments dashicons\"><\/span>\t\t\t\t\tAucun commentaire\t\t\t\t<\/span>\n\t\t\t\t\t\t<\/div>\n\t\t\t\n\t\t\t\t\t\t\t\t\t<\/article>\n\t\t\t\t\t\t\t\t\t\t\t\t\t<div class=\"uagb-post-pagination-wrap\">\n\t\t\t\t\t\t<span aria-current=\"page\" class=\"page-numbers current\">1<\/span>\n<a class=\"page-numbers\" href=\"https:\/\/www.lyrebirdbeatbox.com\/fr\/wp-json\/wp\/v2\/pages\/10581\/page\/2\/\">2<\/a>\n<a class=\"page-numbers\" href=\"https:\/\/www.lyrebirdbeatbox.com\/fr\/wp-json\/wp\/v2\/pages\/10581\/page\/3\/\">3<\/a>\n<a class=\"page-numbers\" href=\"https:\/\/www.lyrebirdbeatbox.com\/fr\/wp-json\/wp\/v2\/pages\/10581\/page\/4\/\">4<\/a>\n<a class=\"page-numbers\" href=\"https:\/\/www.lyrebirdbeatbox.com\/fr\/wp-json\/wp\/v2\/pages\/10581\/page\/5\/\">5<\/a>\n<a class=\"page-numbers\" href=\"https:\/\/www.lyrebirdbeatbox.com\/fr\/wp-json\/wp\/v2\/pages\/10581\/page\/6\/\">6<\/a>\n<a class=\"page-numbers\" href=\"https:\/\/www.lyrebirdbeatbox.com\/fr\/wp-json\/wp\/v2\/pages\/10581\/page\/7\/\">7<\/a>\n<a class=\"next page-numbers\" href=\"https:\/\/www.lyrebirdbeatbox.com\/fr\/wp-json\/wp\/v2\/pages\/10581\/page\/2\/\">Next \u00bb<\/a>\t\t\t\t\t<\/div>\n\t\t\t\t\t\t\t\t<\/div>\n\t\t\t","protected":false},"excerpt":{"rendered":"","protected":false},"author":2074,"featured_media":0,"parent":0,"menu_order":0,"comment_status":"closed","ping_status":"closed","template":"","meta":{"_seopress_robots_primary_cat":"0","_seopress_titles_title":"","_seopress_titles_desc":"","_seopress_robots_index":"","_uag_custom_page_level_css":"","footnotes":""},"class_list":["post-10581","page","type-page","status-publish"],"uagb_featured_image_src":{"full":false,"thumbnail":false,"medium":false,"medium_large":false,"large":false,"1536x1536":false,"2048x2048":false,"post-thumbnail":false,"woocommerce_thumbnail":false,"woocommerce_single":false,"woocommerce_gallery_thumbnail":false},"uagb_author_info":{"display_name":"Jabe","author_link":"https:\/\/www.lyrebirdbeatbox.com\/fr\/author\/jabe\/"},"uagb_comment_info":0,"uagb_excerpt":null,"_links":{"self":[{"href":"https:\/\/www.lyrebirdbeatbox.com\/fr\/wp-json\/wp\/v2\/pages\/10581","targetHints":{"allow":["GET"]}}],"collection":[{"href":"https:\/\/www.lyrebirdbeatbox.com\/fr\/wp-json\/wp\/v2\/pages"}],"about":[{"href":"https:\/\/www.lyrebirdbeatbox.com\/fr\/wp-json\/wp\/v2\/types\/page"}],"author":[{"embeddable":true,"href":"https:\/\/www.lyrebirdbeatbox.com\/fr\/wp-json\/wp\/v2\/users\/2074"}],"replies":[{"embeddable":true,"href":"https:\/\/www.lyrebirdbeatbox.com\/fr\/wp-json\/wp\/v2\/comments?post=10581"}],"version-history":[{"count":0,"href":"https:\/\/www.lyrebirdbeatbox.com\/fr\/wp-json\/wp\/v2\/pages\/10581\/revisions"}],"wp:attachment":[{"href":"https:\/\/www.lyrebirdbeatbox.com\/fr\/wp-json\/wp\/v2\/media?parent=10581"}],"curies":[{"name":"wp","href":"https:\/\/api.w.org\/{rel}","templated":true}]}}