{"id":12394,"date":"2021-11-29T00:31:54","date_gmt":"2021-11-28T23:31:54","guid":{"rendered":"https:\/\/www.lyrebirdbeatbox.com\/reserver-efaybee\/"},"modified":"2023-07-18T20:54:04","modified_gmt":"2023-07-18T18:54:04","slug":"reserver-des-cours-de-beatbox-avec-efaybee","status":"publish","type":"page","link":"https:\/\/www.lyrebirdbeatbox.com\/fr\/reserver-des-cours-de-beatbox-avec-efaybee\/","title":{"rendered":"R\u00e9server des cours de beatbox avec Efaybee"},"content":{"rendered":"\n<p class=\"police\" style=\"font-size:2.4em\"><span style=\"color: #fff; background-color: #f0b022;\">CHOISIS<\/span> <span class=\"has-inline-color\" style=\"color: #033756;\">la meilleure formule pour toi !<\/span><\/p>\n\n<div class=\"wp-block-columns is-layout-flex wp-container-core-columns-is-layout-28f84493 wp-block-columns-is-layout-flex\">\n<div class=\"wp-block-column is-layout-flow wp-block-column-is-layout-flow\" style=\"flex-basis:33.33%\">\n<figure class=\"wp-block-image size-large\"><img fetchpriority=\"high\" decoding=\"async\" width=\"1010\" height=\"1024\" src=\"https:\/\/www.lyrebirdbeatbox.com\/wp-content\/uploads\/2020\/11\/Efaybee-e1606234910110-1010x1024.jpeg\" alt=\"\" class=\"wp-image-2264\" srcset=\"https:\/\/www.lyrebirdbeatbox.com\/wp-content\/uploads\/2020\/11\/Efaybee-e1606234910110-1010x1024.jpeg 1010w, https:\/\/www.lyrebirdbeatbox.com\/wp-content\/uploads\/2020\/11\/Efaybee-e1606234910110-100x100.jpeg 100w, https:\/\/www.lyrebirdbeatbox.com\/wp-content\/uploads\/2020\/11\/Efaybee-e1606234910110-600x608.jpeg 600w, https:\/\/www.lyrebirdbeatbox.com\/wp-content\/uploads\/2020\/11\/Efaybee-e1606234910110-296x300.jpeg 296w, https:\/\/www.lyrebirdbeatbox.com\/wp-content\/uploads\/2020\/11\/Efaybee-e1606234910110-768x779.jpeg 768w, https:\/\/www.lyrebirdbeatbox.com\/wp-content\/uploads\/2020\/11\/Efaybee-e1606234910110-624x633.jpeg 624w, https:\/\/www.lyrebirdbeatbox.com\/wp-content\/uploads\/2020\/11\/Efaybee-e1606234910110-50x50.jpeg 50w, https:\/\/www.lyrebirdbeatbox.com\/wp-content\/uploads\/2020\/11\/Efaybee-e1606234910110.jpeg 1136w\" sizes=\"(max-width: 1010px) 100vw, 1010px\" \/><\/figure><\/div>\n\n\n\n<div class=\"wp-block-column is-layout-flow wp-block-column-is-layout-flow\" style=\"flex-basis:66.66%\">\n<script>\n  if (typeof hasAmeliaEntitiesApiCall === 'undefined' && ('' === '' && '' !== '1')) {\n    var hasAmeliaEntitiesApiCall = true;\n  }\n  var ameliaShortcodeData = (typeof ameliaShortcodeData === 'undefined') ? [] : ameliaShortcodeData;\n  ameliaShortcodeData.push(\n    {\n      'hasApiCall': (typeof hasAmeliaEntitiesApiCall !== 'undefined') && hasAmeliaEntitiesApiCall,\n      'trigger': '',\n      'trigger_type': '',\n      'triggered_form': 'sbsNew',\n      'in_dialog': '',\n      'show': '',\n      'counter': '1000',\n      'category': '',\n      'service': '6',\n      'employee': '3',\n      'location': '',\n      'package': '',\n      'layout': '',\n    }\n  );\n\n  var ameliaShortcodeDataTriggered = (typeof ameliaShortcodeDataTriggered === 'undefined') ? [] : ameliaShortcodeDataTriggered;\n  if (ameliaShortcodeData[ameliaShortcodeData.length - 1].trigger !== '') {\n    if (ameliaShortcodeDataTriggered.filter(a => a.counter === ameliaShortcodeData[ameliaShortcodeData.length - 1].counter).length === 0) {\n      ameliaShortcodeDataTriggered.push(ameliaShortcodeData.pop());\n    } else {\n      ameliaShortcodeData.pop()\n    }\n  }\n  if (typeof hasAmeliaEntitiesApiCall !== 'undefined' && hasAmeliaEntitiesApiCall) {\n    hasAmeliaEntitiesApiCall = false;\n  }\n<\/script>\n\n<div\n  id=\"amelia-v2-booking-1000\"\n  class=\"amelia-v2-booking\"\n >\n    <step-form-wrapper><\/step-form-wrapper><\/div>\n<\/div>\n<\/div>\n\n<p><strong>Besoin d\u2019un encadrement pour progresser plus vite ? R\u00e9serve tes le\u00e7ons par visioconf\u00e9rence avec<\/strong><strong>\u00a0Efaybee<\/strong> quand tu veux et sans perdre de temps !<\/p>\n","protected":false},"excerpt":{"rendered":"<p>CHOISIS la meilleure formule pour toi ! Besoin d\u2019un encadrement pour progresser plus vite ? R\u00e9serve tes le\u00e7ons par visioconf\u00e9rence avec\u00a0Efaybee quand tu veux et&hellip;<\/p>\n","protected":false},"author":2074,"featured_media":0,"parent":0,"menu_order":0,"comment_status":"closed","ping_status":"closed","template":"","meta":{"_seopress_robots_primary_cat":"0","_seopress_titles_title":"","_seopress_titles_desc":"","_seopress_robots_index":"","_uag_custom_page_level_css":"","footnotes":""},"class_list":["post-12394","page","type-page","status-publish"],"uagb_featured_image_src":{"full":false,"thumbnail":false,"medium":false,"medium_large":false,"large":false,"1536x1536":false,"2048x2048":false,"post-thumbnail":false,"woocommerce_thumbnail":false,"woocommerce_single":false,"woocommerce_gallery_thumbnail":false},"uagb_author_info":{"display_name":"Jabe","author_link":"https:\/\/www.lyrebirdbeatbox.com\/fr\/author\/jabe\/"},"uagb_comment_info":0,"uagb_excerpt":"CHOISIS la meilleure formule pour toi ! Besoin d\u2019un encadrement pour progresser plus vite ? R\u00e9serve tes le\u00e7ons par visioconf\u00e9rence avec\u00a0Efaybee quand tu veux et&hellip;","_links":{"self":[{"href":"https:\/\/www.lyrebirdbeatbox.com\/fr\/wp-json\/wp\/v2\/pages\/12394","targetHints":{"allow":["GET"]}}],"collection":[{"href":"https:\/\/www.lyrebirdbeatbox.com\/fr\/wp-json\/wp\/v2\/pages"}],"about":[{"href":"https:\/\/www.lyrebirdbeatbox.com\/fr\/wp-json\/wp\/v2\/types\/page"}],"author":[{"embeddable":true,"href":"https:\/\/www.lyrebirdbeatbox.com\/fr\/wp-json\/wp\/v2\/users\/2074"}],"replies":[{"embeddable":true,"href":"https:\/\/www.lyrebirdbeatbox.com\/fr\/wp-json\/wp\/v2\/comments?post=12394"}],"version-history":[{"count":0,"href":"https:\/\/www.lyrebirdbeatbox.com\/fr\/wp-json\/wp\/v2\/pages\/12394\/revisions"}],"wp:attachment":[{"href":"https:\/\/www.lyrebirdbeatbox.com\/fr\/wp-json\/wp\/v2\/media?parent=12394"}],"curies":[{"name":"wp","href":"https:\/\/api.w.org\/{rel}","templated":true}]}}