{"id":24077,"date":"2023-04-20T12:19:29","date_gmt":"2023-04-20T10:19:29","guid":{"rendered":"https:\/\/www.lyrebirdbeatbox.com\/politique-de-confidentialite\/"},"modified":"2024-05-31T10:54:35","modified_gmt":"2024-05-31T08:54:35","slug":"politique-de-confidentialite","status":"publish","type":"page","link":"https:\/\/www.lyrebirdbeatbox.com\/fr\/politique-de-confidentialite\/","title":{"rendered":"Politique de confidentialit\u00e9"},"content":{"rendered":"\n<p>Bienvenue sur Lyrebird, une plateforme communautaire en ligne cr\u00e9\u00e9e par Duj Corp. E.I. pour fournir aux enseignants et amateurs de Human Beatbox un lieu interactif pour apprendre et partager leur passion, professionnaliser la discipline et am\u00e9liorer les carri\u00e8res des beatboxeurs et futurs beatboxeurs. <\/p>\n\n<p>Le site Lyrebirdbeatbox.com et le service, y compris (sans limitation) tous les sites Web, applications mobiles et autres propri\u00e9t\u00e9s interactives par le biais desquels le service est fourni (collectivement, la \u00ab\u00a0plate-forme\u00a0\u00bb) sont d\u00e9tenus, exploit\u00e9s et distribu\u00e9s par Duj Corp E.I. (d\u00e9sign\u00e9 dans les pr\u00e9sentes conditions de service par \u00ab\u00a0Lyrebird\u00a0\u00bb ou \u00ab\u00a0nous\u00a0\u00bb et par des mots similaires tels que \u00ab\u00a0nous\u00a0\u00bb, \u00ab\u00a0notre\u00a0\u00bb, etc.) En acc\u00e9dant \u00e0 toute partie du service, vous acceptez les conditions d\u00e9crites ci-dessous (les \u00ab\u00a0conditions de service\u00a0\u00bb), les conditions de notre politique de confidentialit\u00e9 (la \u00ab\u00a0politique de confidentialit\u00e9\u00a0\u00bb) et tout autre avis juridique publi\u00e9 par nous sur le service (collectivement, les \u00ab\u00a0documents de r\u00e9f\u00e9rence\u00a0\u00bb). Si vous n&rsquo;acceptez pas l&rsquo;une de ces conditions, vous ne devez pas utiliser le service. Les pr\u00e9sentes conditions d&rsquo;utilisation s&rsquo;appliquent \u00e0 tous les utilisateurs, y compris les utilisateurs qui consultent simplement le contenu disponible via le service et les utilisateurs qui se sont inscrits en tant qu&rsquo;enseignant ou \u00e9tudiant de Lyrebird. Si vous \u00eates un acheteur professionnel de Lyrebird pour les \u00e9coles, votre acc\u00e8s et votre utilisation du service sont en outre soumis \u00e0 l&rsquo;accord-cadre de services, qui se trouve \u00e0 l&rsquo;adresse suivante <a style=\"font-weight: inherit; background-color: #fafbfd; margin: 0px; padding: 0px; border: 0px; font-style: inherit; font-variant: inherit; font-stretch: inherit; line-height: inherit; vertical-align: baseline; color: #002333;\" href=\"http:\/\/teams.skillshare.com\/master-services-agreement\/\" target=\"_blank\" rel=\"noopener\">https:\/\/lyrebirdbeatbox.com\/master-services-agreement\/<\/a> (bient\u00f4t disponible)<\/p>\n\n<p>Nous pouvons, \u00e0 notre seule discr\u00e9tion, modifier les pr\u00e9sentes conditions de service \u00e0 tout moment. En acc\u00e9dant au service \u00e0 tout moment apr\u00e8s ces modifications, vous acceptez ces modifications. Les pr\u00e9sentes conditions d&rsquo;utilisation ont \u00e9t\u00e9 modifi\u00e9es pour la derni\u00e8re fois le 15 d\u00e9cembre 2020.<\/p>\n\n<h2 class=\"wp-block-heading\">G\u00e9n\u00e9ral<\/h2>\n\n<p>Nous accordons une grande importance \u00e0 la protection de votre vie priv\u00e9e. En cons\u00e9quence, nous avons \u00e9labor\u00e9 la pr\u00e9sente politique de protection de la vie priv\u00e9e afin que vous compreniez comment nous collectons, utilisons, communiquons et divulguons les donn\u00e9es \u00e0 caract\u00e8re personnel (telles que d\u00e9finies ci-dessous). Voici les grandes lignes de notre politique en mati\u00e8re de protection de la vie priv\u00e9e.<\/p>\n\n<h2 class=\"wp-block-heading\">Donn\u00e9es personnelles<\/h2>\n\n<p>Lorsque vous vous inscrivez sur notre site et devenez membre de Lyrebird, lorsque vous choisissez d&rsquo;enseigner ou d&rsquo;assister \u00e0 un cours, nous vous demandons des donn\u00e9es personnelles. Les \u00ab\u00a0donn\u00e9es personnelles\u00a0\u00bb d\u00e9signent les informations vous concernant qui peuvent \u00eatre utilis\u00e9es pour vous contacter ou vous identifier individuellement. Il s&rsquo;agit notamment de votre nom et de votre adresse \u00e9lectronique, mais pas de votre num\u00e9ro de carte de cr\u00e9dit ni des informations relatives \u00e0 la facturation. Les transactions sur Lyrebird impliquant vos informations de facturation et de paiement sont trait\u00e9es par <a href=\"https:\/\/www.paypal.com\/us\/webapps\/mpp\/ua\/privacy-full\">PayPal<\/a> et Stancer et sont soumises \u00e0 leurs politiques de confidentialit\u00e9. Nous ne conservons aucune des informations bancaires ou relatives aux cartes de cr\u00e9dit que vous fournissez \u00e0 ces processeurs de paiement. Les paiements apar d\u00e9p\u00f4t direct aux enseignants pour les le\u00e7ons programm\u00e9es seront effectu\u00e9s par l&rsquo;interm\u00e9diaire de Stancer. Stancer a ses propres r\u00e8gles de confidentialit\u00e9 qui r\u00e9gissent la fa\u00e7on dont vos informations sont trait\u00e9es.<\/p>\n\n<p>Les tiers utilis\u00e9s par le site pour effectuer les paiements aux enseignants, selon la mani\u00e8re dont les enseignants choisissent de recevoir les paiements, sont Stancer et <a style=\"background-color: #fafbfd; color: #1a5e86;\" href=\"https:\/\/www.paypal.com\/us\/webapps\/mpp\/ua\/privacy-full\">PayPal <\/a> (paiements en ligne sur votre compte Paypal). Si, en tant qu&rsquo;enseignant, vous souhaitez recevoir des paiements par d\u00e9p\u00f4t direct, vous devrez peut-\u00eatre nous fournir des donn\u00e9es personnelles suppl\u00e9mentaires, notamment votre compte bancaire, le num\u00e9ro d&rsquo;acheminement, le nom de la banque et votre adresse postale. Si, en tant qu&rsquo;enseignant, vous souhaitez \u00eatre pay\u00e9 par PayPal, nous devons recevoir votre identifiant PayPal, g\u00e9n\u00e9ralement l&rsquo;adresse \u00e9lectronique associ\u00e9e \u00e0 PayPal. Nous partagerons les informations de paiement des enseignants avec ces tiers si n\u00e9cessaire pour faciliter les d\u00e9caissements de fonds associ\u00e9s aux le\u00e7ons enseign\u00e9es par les enseignants. <\/p>\n\n<p>Nous prendrons des mesures raisonnables pour prot\u00e9ger les donn\u00e9es personnelles des enseignants que nous conservons pour effectuer des versements aux enseignants par ch\u00e8que papier ou autre. <\/p>\n\n<p>Pour que Lyrebird puisse vous envoyer des courriels, nous avons besoin de votre adresse \u00e9lectronique. Pour vous fournir des services suppl\u00e9mentaires, nous pouvons \u00e9galement vous demander votre nom, votre localisation g\u00e9n\u00e9rale et votre num\u00e9ro de t\u00e9l\u00e9phone. La quantit\u00e9 de donn\u00e9es personnelles que vous fournissez d\u00e9pend enti\u00e8rement de vous. Certaines donn\u00e9es personnelles minimales peuvent \u00eatre requises pour compl\u00e9ter l&rsquo;enregistrement sur le site web ou la plate-forme. Nous pouvons communiquer tout ou partie de ces informations pour faciliter les cours et la communication entre les \u00e9l\u00e8ves et les enseignants. Nous ne communiquerons pas votre nom, votre adresse \u00e9lectronique ou vos donn\u00e9es personnelles \u00e0 des tiers non affili\u00e9s, sauf si vous y consentez ou si la pr\u00e9sente politique de protection de la vie priv\u00e9e en dispose autrement. Les donn\u00e9es personnelles fournies par les enseignants par l&rsquo;interm\u00e9diaire de la plate-forme peuvent \u00eatre mises \u00e0 la disposition des visiteurs de la plate-forme\/des \u00e9tudiants potentiels\/des \u00e9l\u00e8ves afin de faciliter la programmation des cours. Bien que nous utilisions des mesures standard pour pr\u00e9server la vie priv\u00e9e des utilisateurs, nous pouvons \u00eatre amen\u00e9s \u00e0 divulguer des donn\u00e9es personnelles lorsque la loi l&rsquo;exige ou lorsque nous pensons de bonne foi qu&rsquo;une telle action est n\u00e9cessaire pour se conformer \u00e0 une proc\u00e9dure judiciaire en cours, \u00e0 une d\u00e9cision de justice ou \u00e0 une proc\u00e9dure l\u00e9gale que nous recevons, ou pour prot\u00e9ger nos int\u00e9r\u00eats ou la s\u00e9curit\u00e9 d&rsquo;autrui. En outre, nous pouvons fournir des donn\u00e9es \u00e0 caract\u00e8re personnel \u00e0 des employ\u00e9s, des consultants ou d&rsquo;autres entreprises ou personnes dans le but de traiter ces informations en notre nom. Dans ce cas, nous demandons \u00e0 ces parties de s&rsquo;engager \u00e0 prot\u00e9ger la confidentialit\u00e9 de ces informations et \u00e0 se conformer aux dispositions de la pr\u00e9sente politique de protection de la vie priv\u00e9e. Nous pouvons utiliser vos donn\u00e9es personnelles pour exploiter, am\u00e9liorer, comprendre et personnaliser nos services. <\/p>\n\n<h2 class=\"wp-block-heading\">Divulgation volontaire<\/h2>\n\n<p>Toute donn\u00e9e personnelle ou tout contenu que vous divulguez volontairement dans les espaces publics devient accessible au public et peut \u00eatre collect\u00e9 et utilis\u00e9 par d&rsquo;autres utilisateurs pour quelque raison que ce soit. Vos pages de profil (\u00ab\u00a0Profil\u00a0\u00bb) et toutes les classes \u00ab\u00a0publiques\u00a0\u00bb en ligne auxquelles vous participez sont g\u00e9n\u00e9ralement accessibles au public. Bien que ces informations soient facultatives, nous pouvons les utiliser pour am\u00e9liorer nos sites et\/ou personnaliser votre exp\u00e9rience sur nos sites, en vous montrant des contenus qui pourraient vous int\u00e9resser et en affichant des contenus en fonction de vos pr\u00e9f\u00e9rences. Nous pouvons \u00e9galement partager ces informations avec des affili\u00e9s ou des tiers si nous le jugeons appropri\u00e9. <\/p>\n\n<p>Informations sur l&rsquo;utilisation. En plus de collecter des informations personnelles et non personnelles, nous pouvons \u00e9galement collecter des informations non personnelles et agr\u00e9g\u00e9es sur l&rsquo;utilisation du site Lyrebirdbeatbox.com par les abonn\u00e9s. Ces informations ne sont pas personnellement identifiables et seront utilis\u00e9es pour savoir comment les abonn\u00e9s utilisent notre plate-forme et nos sites. Par exemple, ces informations nous permettent de savoir combien de temps les utilisateurs passent sur le site Lyrebirdbeatbox.com, de quels sites proviennent les abonn\u00e9s et vers quels sites vont les abonn\u00e9s. La collecte de ces informations nous permet d&rsquo;optimiser la fonctionnalit\u00e9 des sites. Nous pouvons \u00e9galement partager ces informations avec des affili\u00e9s ou des tiers si nous le jugeons appropri\u00e9.<\/p>\n\n<p>Vous avez la possibilit\u00e9 de modifier les param\u00e8tres de votre compte afin de limiter l&rsquo;acc\u00e8s \u00e0 votre profil et de supprimer le contenu que vous publiez dans les salles de classe publiques. Si vous avez besoin d&rsquo;aide pour contr\u00f4ler les param\u00e8tres de votre compte afin de limiter l&rsquo;acc\u00e8s \u00e0 votre profil, et peut supprimer le contenu que vous publiez dans les salles de classe publiques. Si vous avez besoin d&rsquo;aide pour contr\u00f4ler les param\u00e8tres de confidentialit\u00e9 de votre compte ou pour supprimer du contenu, veuillez nous <a href=\"https:\/\/www.lyrebirdbeatbox.com\/fr\/nous-contacter\/\" data-type=\"page\" data-id=\"1505\">contacter en utilisant notre formulaire de contact<\/a>. La suppression d&rsquo;un contenu publi\u00e9 ne garantit pas la suppression compl\u00e8te ou exhaustive du contenu ou de l&rsquo;information (par exemple, certains contenus peuvent \u00eatre \u00ab\u00a0invisibles\u00a0\u00bb pour d&rsquo;autres utilisateurs mais rester sur nos serveurs sous une forme ou une autre). Vous devez faire preuve de prudence avant de divulguer vos donn\u00e9es personnelles par le biais de ces sites ou de tout autre site public. <\/p>\n\n<p>Par exemple, si vous choisissez de vous inscrire \u00e0 un compte Lyrebird, vous pouvez avoir un profil sur le site, contenant votre nom complet et quelques informations de base, notamment votre lieu de r\u00e9sidence et votre biographie. Vous pouvez \u00e9galement ajouter des informations facultatives suppl\u00e9mentaires \u00e0 votre profil. Vous pouvez contr\u00f4ler le type d&rsquo;informations du profil qui sont montr\u00e9es \u00e0 d&rsquo;autres personnes par le biais des param\u00e8tres de votre compte. Toute information que vous choisissez de fournir dans le cadre de votre profil doit refl\u00e9ter ce que vous voulez que les autres utilisateurs de Lyrebird sachent de vous. Nous vous recommandons de prot\u00e9ger vos informations sensibles et nous encourageons les membres \u00e0 r\u00e9fl\u00e9chir attentivement aux informations les concernant qu&rsquo;ils divulguent dans leurs pages de profil. Vous pouvez \u00e0 tout moment revoir et modifier les informations de votre profil. <\/p>\n\n<h2 class=\"wp-block-heading\">Choix\/refus<\/h2>\n\n<p>Si nous vous envoyons par courrier \u00e9lectronique des informations concernant nos produits ou services que vous n&rsquo;avez pas express\u00e9ment demand\u00e9es, nous vous fournirons un m\u00e9canisme d&rsquo;exclusion par lequel vous pourrez demander \u00e0 ne plus recevoir de tels courriers \u00e9lectroniques \u00e0 l&rsquo;avenir. <\/p>\n\n<h2 class=\"wp-block-heading\">Cookies<\/h2>\n\n<p>Nous pouvons placer un cookie unique sur votre navigateur et l&rsquo;utiliser pour suivre vos informations non personnellement identifiables lorsque vous \u00eates sur notre site web ou notre plate-forme. Nous ou nos partenaires commerciaux pouvons \u00e9galement collecter des informations anonymes, telles que votre adresse IP (un num\u00e9ro utilis\u00e9 pour identifier votre ordinateur sur Internet) ou le type de navigateur que vous utilisez (\u00ab\u00a0informations anonymes\u00a0\u00bb), par l&rsquo;utilisation de cookies ou par d&rsquo;autres moyens. Nous esp\u00e9rons que l&rsquo;utilisation d&rsquo;informations anonymes nous permettra de mettre \u00e0 jour le site afin de le rendre plus utile pour vous et les autres utilisateurs. Nous nous r\u00e9servons le droit de conserver, de mettre \u00e0 jour, de divulguer ou d&rsquo;utiliser d&rsquo;une autre mani\u00e8re les informations anonymes, sans limitation. <\/p>\n\n<h2 class=\"wp-block-heading\">Vie priv\u00e9e des enfants<\/h2>\n\n<p>Lyrebird est un site de cours de beatbox en ligne dispens\u00e9s par le biais de tutoriels et de vid\u00e9oconf\u00e9rences avec d&rsquo;excellents professeurs de musique du monde entier. Notre objectif est de cr\u00e9er une exp\u00e9rience \u00e9ducative joyeuse, s\u00fbre et pratique pour nos \u00e9l\u00e8ves. <\/p>\n\n<p>Nous accueillons des \u00e9tudiants de tous \u00e2ges. <\/p>\n\n<p>Les le\u00e7ons pour enfants peuvent \u00eatre r\u00e9serv\u00e9es enti\u00e8rement sur le compte du parent sans ajouter de compte \u00e9tudiant suppl\u00e9mentaire. <\/p>\n\n<p>Les parents ont un acc\u00e8s complet aux comptes de leurs enfants, y compris aux le\u00e7ons r\u00e9serv\u00e9es et aux messages envoy\u00e9s. Les parents peuvent assister \u00e0 la classe de leur enfant \u00e0 partir du m\u00eame identifiant. <\/p>\n\n<p>Toute personne qui navigue sur Lyrebirdbeatbox.com peut voir les profils des enseignants, regarder les vid\u00e9os de leur profil et consulter les articles sur Lyrebirdbeatbox.com. La possibilit\u00e9 de consulter l&#8217;emploi du temps des enseignants, d&rsquo;envoyer et de recevoir des messages de leur part, de planifier et de payer des le\u00e7ons est r\u00e9serv\u00e9e aux utilisateurs enregistr\u00e9s. Les utilisateurs de Lyrebirdbeatbox.com doivent avoir au moins 13 ans pour ouvrir un compte. Les utilisateurs de moins de 13 ans doivent \u00eatre enregistr\u00e9s par un parent. <\/p>\n\n<p>Nous v\u00e9rifions l&rsquo;\u00e2ge de l&rsquo;utilisateur d\u00e8s son inscription, avant de recueillir toute autre information personnelle identifiable de l&rsquo;utilisateur. Si l&rsquo;utilisateur a moins de 13 ans, il est invit\u00e9 \u00e0 demander \u00e0 un parent ou \u00e0 un tuteur de cr\u00e9er le compte. <\/p>\n\n<p>Comme pour votre enfant dans tout nouveau contexte interpersonnel, nous vous encourageons \u00e0 le d\u00e9couvrir par vous-m\u00eame &#8211; il est facile d&rsquo;assister \u00e0 la le\u00e7on, soit en \u00e9tant dans la salle avec votre enfant, soit en t\u00e9l\u00e9phonant d&rsquo;un autre endroit. Vous pouvez assister \u00e0 la partie audio de la le\u00e7on par t\u00e9l\u00e9phone, ou \u00e0 la partie audio et visuelle compl\u00e8te par ordinateur avec Internet, avec ou sans votre propre webcam. Il n&rsquo;y a pas de frais suppl\u00e9mentaires. <\/p>\n\n<p>Information compl\u00e9mentaire<\/p>\n\n<p>Seul le parent peut cr\u00e9er un compte pour un enfant de moins de 13 ans. Les r\u00e9servations de cours, les rappels et les notifications de messages seront envoy\u00e9s par courrier \u00e9lectronique au compte des parents. <\/p>\n\n<p>Nous permettons aux parents de r\u00e9voquer l&rsquo;inscription de leur enfant \u00e0 tout moment. Si vous annulez l&rsquo;inscription de votre enfant, nous supprimerons les informations personnelles qu&rsquo;il nous a fournies. Si vous ne r\u00e9voquez pas l&rsquo;inscription de votre enfant, nous utiliserons les informations personnelles que votre enfant nous a fournies aux fins indiqu\u00e9es dans l&rsquo;avis. Si vous souhaitez que nous r\u00e9voquions l&rsquo;inscription de votre enfant, r\u00e9pondez \u00e0 l&rsquo;e-mail que vous recevez vous informant que votre enfant a tent\u00e9 de s&rsquo;inscrire sur Lyrebirdbeatbox.com par \u00ab\u00a0r\u00e9voquer\u00a0\u00bb. <\/p>\n\n<p>En ne r\u00e9voquant pas l&rsquo;inscription de votre enfant, vous acceptez que vous et votre enfant soyez li\u00e9s par les \u00ab\u00a0Conditions de Service\u00a0\u00bb en relation avec son utilisation des Sites Lyrebirdbeatbox.com et vous acceptez de vous assurer personnellement que votre enfant respecte les Conditions de Service.<\/p>\n\n<p><strong>Les enfants peuvent participer \u00e0 certaines fonctionnalit\u00e9s du site Lyrebird sans s&rsquo;inscrire. <\/strong>Si vous d\u00e9cidez de r\u00e9voquer l&rsquo;inscription de votre enfant, celui-ci pourra toujours naviguer sur notre site et consulter les profils des enseignants et les cours publics.<\/p>\n\n<h2 class=\"wp-block-heading\">Liens vers d&rsquo;autres sites<\/h2>\n\n<p>Dans le cadre de la Plateforme, nous pouvons cr\u00e9er des liens vous permettant d&rsquo;acc\u00e9der \u00e0 des sites de tiers. Nous ne sommes pas responsables du contenu de ces sites et nous ne les approuvons pas. Veuillez consulter les politiques de confidentialit\u00e9 respectives des sites pour savoir comment ils traitent les informations des utilisateurs. <\/p>\n\n<h2 class=\"wp-block-heading\">Respect de la vie priv\u00e9e et protection des donn\u00e9es personnelles<\/h2>\n\n<p>Nous nous engageons \u00e0 ne collecter que les donn\u00e9es dont nous avons besoin pour vous fournir un service optimal, \u00e0 assurer la confidentialit\u00e9 et la s\u00e9curit\u00e9, y compris lorsque nous faisons appel \u00e0 des prestataires de services externes, et \u00e0 faciliter l&rsquo;exercice de vos droits sur vos donn\u00e9es. Ainsi, nous respectons l&rsquo;ensemble des dispositions applicables en mati\u00e8re de protection de la vie priv\u00e9e et des donn\u00e9es personnelles, notamment en ce qui concerne la loi modifi\u00e9e du 6 janvier 1978 relative \u00e0 l&rsquo;informatique, aux fichiers et aux libert\u00e9s ainsi que le R\u00e8glement UE 2016 \/ 679 du 27 avril 2016 relatif \u00e0 la protection des personnes physiques \u00e0 l&rsquo;\u00e9gard du traitement des donn\u00e9es \u00e0 caract\u00e8re personnel et \u00e0 la libre circulation de ces donn\u00e9es. <\/p>\n\n<p>La pr\u00e9sente politique d\u00e9crit les donn\u00e9es \u00e0 caract\u00e8re personnel que nous collectons, la mani\u00e8re dont elles sont utilis\u00e9es et vos droits en la mati\u00e8re. Il s&rsquo;applique \u00e0 tout \u00e9l\u00e8ve ou enseignant de Lyrebird. <\/p>\n\n<h2 class=\"wp-block-heading\">H\u00e9bergeur web<\/h2>\n\n<p>Le site Lyrebirdbeatbox.com est h\u00e9berg\u00e9 par OVH S.A.S <br\/>capitalis\u00e9 \u00e0 10 069 020 \u20ac<br\/>RCS Lille M\u00e9tropole 424 761 419 00045<br\/>2 rue Kellermann<br\/>59100 Roubaix &#8211; France<\/p>\n\n<p><\/p>\n\n<h2 class=\"wp-block-heading\">Contactez-nous<\/h2>\n\n<p>Si vous avez des questions concernant la pr\u00e9sente politique ou nos sites en g\u00e9n\u00e9ral, veuillez nous contacter en utilisant notre <a href=\"https:\/\/www.lyrebirdbeatbox.com\/fr\/nous-contacter\/\" data-type=\"page\" data-id=\"1505\">formulaire de contact<\/a>.<\/p>\n\n<p>ou<\/p>\n\n<p>LYREBIRD<br\/>31, place des martyrs de la r\u00e9sistance<br\/>44400 REZE<br\/>France<\/p>\n\n<p>ou<\/p>\n\n<p>contactez le propri\u00e9taire du site Lyrebirdbeatbox.com :<\/p>\n\n<p>Adrien CROZAT <br\/>31, place des martyrs de la r\u00e9sistance<br\/>44400 REZE<br\/>FRANCE<br\/>Num\u00e9ro de t\u00e9l\u00e9phone : <a href=\"tel:0033769114566\" data-type=\"tel\" data-id=\"tel:0033769114566\">+33 7 69 11 45 66<\/a><\/p>\n\n<p>\u00a0<\/p>\n\n<p>Les commentaires et les questions sont les bienvenus.<\/p>\n","protected":false},"excerpt":{"rendered":"<p>Bienvenue sur Lyrebird, une plateforme communautaire en ligne cr\u00e9\u00e9e par Duj Corp. E.I. pour fournir aux enseignants et amateurs de Human Beatbox un lieu interactif&hellip;<\/p>\n","protected":false},"author":1,"featured_media":0,"parent":0,"menu_order":0,"comment_status":"closed","ping_status":"closed","template":"","meta":{"_seopress_robots_primary_cat":"0","_seopress_titles_title":"","_seopress_titles_desc":"","_seopress_robots_index":"","_uag_custom_page_level_css":"","footnotes":""},"class_list":["post-24077","page","type-page","status-publish"],"uagb_featured_image_src":{"full":false,"thumbnail":false,"medium":false,"medium_large":false,"large":false,"1536x1536":false,"2048x2048":false,"post-thumbnail":false,"woocommerce_thumbnail":false,"woocommerce_single":false,"woocommerce_gallery_thumbnail":false},"uagb_author_info":{"display_name":"Lyrebird","author_link":"https:\/\/www.lyrebirdbeatbox.com\/fr\/author\/crozata\/"},"uagb_comment_info":0,"uagb_excerpt":"Bienvenue sur Lyrebird, une plateforme communautaire en ligne cr\u00e9\u00e9e par Duj Corp. E.I. pour fournir aux enseignants et amateurs de Human Beatbox un lieu interactif&hellip;","_links":{"self":[{"href":"https:\/\/www.lyrebirdbeatbox.com\/fr\/wp-json\/wp\/v2\/pages\/24077","targetHints":{"allow":["GET"]}}],"collection":[{"href":"https:\/\/www.lyrebirdbeatbox.com\/fr\/wp-json\/wp\/v2\/pages"}],"about":[{"href":"https:\/\/www.lyrebirdbeatbox.com\/fr\/wp-json\/wp\/v2\/types\/page"}],"author":[{"embeddable":true,"href":"https:\/\/www.lyrebirdbeatbox.com\/fr\/wp-json\/wp\/v2\/users\/1"}],"replies":[{"embeddable":true,"href":"https:\/\/www.lyrebirdbeatbox.com\/fr\/wp-json\/wp\/v2\/comments?post=24077"}],"version-history":[{"count":0,"href":"https:\/\/www.lyrebirdbeatbox.com\/fr\/wp-json\/wp\/v2\/pages\/24077\/revisions"}],"wp:attachment":[{"href":"https:\/\/www.lyrebirdbeatbox.com\/fr\/wp-json\/wp\/v2\/media?parent=24077"}],"curies":[{"name":"wp","href":"https:\/\/api.w.org\/{rel}","templated":true}]}}