{"id":27720,"date":"2023-11-29T16:32:38","date_gmt":"2023-11-29T15:32:38","guid":{"rendered":"https:\/\/www.lyrebirdbeatbox.com\/panier-2\/"},"modified":"2023-11-29T17:20:24","modified_gmt":"2023-11-29T16:20:24","slug":"panier","status":"publish","type":"page","link":"https:\/\/www.lyrebirdbeatbox.com\/fr\/panier\/","title":{"rendered":"Panier"},"content":{"rendered":"\n<div data-block-name=\"woocommerce\/cart\" class=\"wp-block-woocommerce-cart alignwide is-loading\">\n<div data-block-name=\"woocommerce\/filled-cart-block\" class=\"wp-block-woocommerce-filled-cart-block\">\n<div data-block-name=\"woocommerce\/cart-items-block\" class=\"wp-block-woocommerce-cart-items-block\">\n<div data-block-name=\"woocommerce\/cart-line-items-block\" class=\"wp-block-woocommerce-cart-line-items-block\"><\/div>\n\n\n\n<div data-block-name=\"woocommerce\/cart-cross-sells-block\" class=\"wp-block-woocommerce-cart-cross-sells-block\">\n<h2 class=\"wp-block-heading has-large-font-size\">Tu pourrais \u00eatre int\u00e9ress\u00e9 par\u2026<\/h2>\n\n\n\n<div data-block-name=\"woocommerce\/cart-cross-sells-products-block\" class=\"wp-block-woocommerce-cart-cross-sells-products-block\"><\/div>\n<\/div>\n<\/div>\n\n\n\n<div data-block-name=\"woocommerce\/cart-totals-block\" class=\"wp-block-woocommerce-cart-totals-block\">\n<div data-block-name=\"woocommerce\/cart-order-summary-block\" class=\"wp-block-woocommerce-cart-order-summary-block\">\n<div data-block-name=\"woocommerce\/cart-order-summary-heading-block\" class=\"wp-block-woocommerce-cart-order-summary-heading-block\"><\/div><div data-block-name=\"woocommerce\/cart-order-summary-coupon-form-block\" class=\"wp-block-woocommerce-cart-order-summary-coupon-form-block\"><\/div><div data-block-name=\"woocommerce\/cart-order-summary-totals-block\" class=\"wp-block-woocommerce-cart-order-summary-totals-block\">\n<div data-block-name=\"woocommerce\/cart-order-summary-subtotal-block\" class=\"wp-block-woocommerce-cart-order-summary-subtotal-block\"><\/div>\n<div data-block-name=\"woocommerce\/cart-order-summary-discount-block\" class=\"wp-block-woocommerce-cart-order-summary-discount-block\"><\/div>\n<div data-block-name=\"woocommerce\/cart-order-summary-fee-block\" class=\"wp-block-woocommerce-cart-order-summary-fee-block\"><\/div>\n<div data-block-name=\"woocommerce\/cart-order-summary-shipping-block\" class=\"wp-block-woocommerce-cart-order-summary-shipping-block\"><\/div>\n<div data-block-name=\"woocommerce\/cart-order-summary-taxes-block\" class=\"wp-block-woocommerce-cart-order-summary-taxes-block\"><\/div><\/div>\n<\/div>\n\n\n\n<div data-block-name=\"woocommerce\/cart-express-payment-block\" class=\"wp-block-woocommerce-cart-express-payment-block\"><\/div>\n\n\n\n<div data-block-name=\"woocommerce\/proceed-to-checkout-block\" class=\"wp-block-woocommerce-proceed-to-checkout-block\"><\/div>\n\n\n\n<div data-block-name=\"woocommerce\/cart-accepted-payment-methods-block\" class=\"wp-block-woocommerce-cart-accepted-payment-methods-block\"><\/div>\n<\/div>\n<\/div>\n\n\n\n<div data-block-name=\"woocommerce\/empty-cart-block\" class=\"wp-block-woocommerce-empty-cart-block\">\n<h2 class=\"wp-block-heading has-text-align-center with-empty-cart-icon wc-block-cart__empty-cart__title\">Ton panier est actuellement vide !<\/h2>\n\n\n\n<hr class=\"wp-block-separator has-alpha-channel-opacity is-style-dots\"\/>\n\n\n\n<h2 class=\"wp-block-heading has-text-align-center\">Nouveaut\u00e9s de la boutique<\/h2>\n\n\n<div data-block-name=\"woocommerce\/product-new\" data-columns=\"4\" data-rows=\"1\" class=\"wc-block-grid wp-block-product-new wp-block-woocommerce-product-new wc-block-product-new has-4-columns\"><ul class=\"wc-block-grid__products\"><li class=\"wc-block-grid__product\">\n\t\t\t\t<a href=\"https:\/\/www.lyrebirdbeatbox.com\/fr\/boutique\/evenements-humanbeatbox\/ateliers-en-personne\/construis-un-beatbox-puissant-avec-blackroll\/\" class=\"wc-block-grid__product-link\">\n\t\t\t\t\t\n\t\t\t\t\t<div class=\"wc-block-grid__product-image\"><img fetchpriority=\"high\" decoding=\"async\" width=\"400\" height=\"400\" src=\"https:\/\/www.lyrebirdbeatbox.com\/wp-content\/uploads\/construis_un_beatbox_puissant_avec_blackroll_au_florida_agen-400x400.webp\" class=\"attachment-woocommerce_thumbnail size-woocommerce_thumbnail\" alt=\"Construis un beatbox puissant avec Blackroll au Florida \u00e0 Agen\" srcset=\"https:\/\/www.lyrebirdbeatbox.com\/wp-content\/uploads\/construis_un_beatbox_puissant_avec_blackroll_au_florida_agen-400x400.webp 400w, https:\/\/www.lyrebirdbeatbox.com\/wp-content\/uploads\/construis_un_beatbox_puissant_avec_blackroll_au_florida_agen-300x300.webp 300w, https:\/\/www.lyrebirdbeatbox.com\/wp-content\/uploads\/construis_un_beatbox_puissant_avec_blackroll_au_florida_agen-1024x1024.webp 1024w, https:\/\/www.lyrebirdbeatbox.com\/wp-content\/uploads\/construis_un_beatbox_puissant_avec_blackroll_au_florida_agen-150x150.webp 150w, https:\/\/www.lyrebirdbeatbox.com\/wp-content\/uploads\/construis_un_beatbox_puissant_avec_blackroll_au_florida_agen-768x768.webp 768w, https:\/\/www.lyrebirdbeatbox.com\/wp-content\/uploads\/construis_un_beatbox_puissant_avec_blackroll_au_florida_agen-624x624.webp 624w, https:\/\/www.lyrebirdbeatbox.com\/wp-content\/uploads\/construis_un_beatbox_puissant_avec_blackroll_au_florida_agen-600x600.webp 600w, https:\/\/www.lyrebirdbeatbox.com\/wp-content\/uploads\/construis_un_beatbox_puissant_avec_blackroll_au_florida_agen-100x100.webp 100w, https:\/\/www.lyrebirdbeatbox.com\/wp-content\/uploads\/construis_un_beatbox_puissant_avec_blackroll_au_florida_agen.webp 1080w\" sizes=\"(max-width: 400px) 100vw, 400px\" \/><\/div>\n\t\t\t\t\t<div class=\"wc-block-grid__product-title\">Construis un Beatbox Puissant avec BlackRoll<\/div>\n\t\t\t\t<\/a>\n\t\t\t\t<div class=\"wc-block-grid__product-price price\"><span class=\"woocommerce-Price-amount amount\">15,00<span class=\"woocommerce-Price-currencySymbol\">&euro;<\/span><\/span><\/div>\n\t\t\t\t\n\t\t\t\t<div class=\"wp-block-button wc-block-grid__product-add-to-cart\"><a href=\"\/fr\/wp-json\/wp\/v2\/pages\/27720?add-to-cart=73743\" aria-label=\"Ajouter au panier\u00a0: &ldquo;Construis un Beatbox Puissant avec BlackRoll&rdquo;\" data-quantity=\"1\" data-product_id=\"73743\" data-product_sku=\"\" data-price=\"15\" rel=\"nofollow\" class=\"wp-block-button__link  add_to_cart_button ajax_add_to_cart\">Ajouter au panier<\/a><\/div>\n\t\t\t<\/li><li class=\"wc-block-grid__product\">\n\t\t\t\t<a href=\"https:\/\/www.lyrebirdbeatbox.com\/fr\/boutique\/evenements-humanbeatbox\/ateliers-en-personne\/apprends-le-beatbox-a-partir-de-zero-avec-jabe-atelier-pour-debutants\/\" class=\"wc-block-grid__product-link\">\n\t\t\t\t\t\n\t\t\t\t\t<div class=\"wc-block-grid__product-image\"><img decoding=\"async\" width=\"400\" height=\"400\" src=\"https:\/\/www.lyrebirdbeatbox.com\/wp-content\/uploads\/apprends_le_beatbox_a_partir_de_zero_avec_jabe_au_florida_agen-400x400.webp\" class=\"attachment-woocommerce_thumbnail size-woocommerce_thumbnail\" alt=\"Apprends le beatbox \u00e0 partir de z\u00e9ro avec Jabe au Florida \u00e0 Agen\" srcset=\"https:\/\/www.lyrebirdbeatbox.com\/wp-content\/uploads\/apprends_le_beatbox_a_partir_de_zero_avec_jabe_au_florida_agen-400x400.webp 400w, https:\/\/www.lyrebirdbeatbox.com\/wp-content\/uploads\/apprends_le_beatbox_a_partir_de_zero_avec_jabe_au_florida_agen-300x300.webp 300w, https:\/\/www.lyrebirdbeatbox.com\/wp-content\/uploads\/apprends_le_beatbox_a_partir_de_zero_avec_jabe_au_florida_agen-1024x1024.webp 1024w, https:\/\/www.lyrebirdbeatbox.com\/wp-content\/uploads\/apprends_le_beatbox_a_partir_de_zero_avec_jabe_au_florida_agen-150x150.webp 150w, https:\/\/www.lyrebirdbeatbox.com\/wp-content\/uploads\/apprends_le_beatbox_a_partir_de_zero_avec_jabe_au_florida_agen-768x768.webp 768w, https:\/\/www.lyrebirdbeatbox.com\/wp-content\/uploads\/apprends_le_beatbox_a_partir_de_zero_avec_jabe_au_florida_agen-624x624.webp 624w, https:\/\/www.lyrebirdbeatbox.com\/wp-content\/uploads\/apprends_le_beatbox_a_partir_de_zero_avec_jabe_au_florida_agen-600x600.webp 600w, https:\/\/www.lyrebirdbeatbox.com\/wp-content\/uploads\/apprends_le_beatbox_a_partir_de_zero_avec_jabe_au_florida_agen-100x100.webp 100w, https:\/\/www.lyrebirdbeatbox.com\/wp-content\/uploads\/apprends_le_beatbox_a_partir_de_zero_avec_jabe_au_florida_agen.webp 1080w\" sizes=\"(max-width: 400px) 100vw, 400px\" \/><\/div>\n\t\t\t\t\t<div class=\"wc-block-grid__product-title\">Apprends le beatbox \u00e0 partir de z\u00e9ro avec Jabe \u2013 Atelier pour d\u00e9butants<\/div>\n\t\t\t\t<\/a>\n\t\t\t\t<div class=\"wc-block-grid__product-price price\"><span class=\"woocommerce-Price-amount amount\">8,00<span class=\"woocommerce-Price-currencySymbol\">&euro;<\/span><\/span><\/div>\n\t\t\t\t\n\t\t\t\t<div class=\"wp-block-button wc-block-grid__product-add-to-cart\"><a href=\"\/fr\/wp-json\/wp\/v2\/pages\/27720?add-to-cart=60487\" aria-label=\"Ajouter au panier\u00a0: &ldquo;Apprends le beatbox \u00e0 partir de z\u00e9ro avec Jabe \u2013 Atelier pour d\u00e9butants&rdquo;\" data-quantity=\"1\" data-product_id=\"60487\" data-product_sku=\"\" data-price=\"8\" rel=\"nofollow\" class=\"wp-block-button__link  add_to_cart_button ajax_add_to_cart\">Ajouter au panier<\/a><\/div>\n\t\t\t<\/li><li class=\"wc-block-grid__product\">\n\t\t\t\t<a href=\"https:\/\/www.lyrebirdbeatbox.com\/fr\/boutique\/cours-video\/cours-videos-premium\/affiner-ses-idees-artistiques-avec-footboxg\/\" class=\"wc-block-grid__product-link\">\n\t\t\t\t\t\n\t\t\t\t\t<div class=\"wc-block-grid__product-image\"><img decoding=\"async\" width=\"400\" height=\"400\" src=\"https:\/\/www.lyrebirdbeatbox.com\/wp-content\/uploads\/affiner_ses_idees_artistiques_avec_footboxg-400x400.webp\" class=\"attachment-woocommerce_thumbnail size-woocommerce_thumbnail\" alt=\"Affiner ses id\u00e9es artistiques avec FootboxG\" srcset=\"https:\/\/www.lyrebirdbeatbox.com\/wp-content\/uploads\/affiner_ses_idees_artistiques_avec_footboxg-400x400.webp 400w, https:\/\/www.lyrebirdbeatbox.com\/wp-content\/uploads\/affiner_ses_idees_artistiques_avec_footboxg-300x300.webp 300w, https:\/\/www.lyrebirdbeatbox.com\/wp-content\/uploads\/affiner_ses_idees_artistiques_avec_footboxg-1024x1024.webp 1024w, https:\/\/www.lyrebirdbeatbox.com\/wp-content\/uploads\/affiner_ses_idees_artistiques_avec_footboxg-150x150.webp 150w, https:\/\/www.lyrebirdbeatbox.com\/wp-content\/uploads\/affiner_ses_idees_artistiques_avec_footboxg-768x768.webp 768w, https:\/\/www.lyrebirdbeatbox.com\/wp-content\/uploads\/affiner_ses_idees_artistiques_avec_footboxg-624x624.webp 624w, https:\/\/www.lyrebirdbeatbox.com\/wp-content\/uploads\/affiner_ses_idees_artistiques_avec_footboxg-600x600.webp 600w, https:\/\/www.lyrebirdbeatbox.com\/wp-content\/uploads\/affiner_ses_idees_artistiques_avec_footboxg-100x100.webp 100w, https:\/\/www.lyrebirdbeatbox.com\/wp-content\/uploads\/affiner_ses_idees_artistiques_avec_footboxg.webp 1080w\" sizes=\"(max-width: 400px) 100vw, 400px\" \/><\/div>\n\t\t\t\t\t<div class=\"wc-block-grid__product-title\">Affiner ses id\u00e9es artistiques avec FootboxG<\/div>\n\t\t\t\t<\/a>\n\t\t\t\t<div class=\"wc-block-grid__product-price price\"><span class=\"woocommerce-Price-amount amount\">19,99<span class=\"woocommerce-Price-currencySymbol\">&euro;<\/span><\/span><\/div>\n\t\t\t\t\n\t\t\t\t<div class=\"wp-block-button wc-block-grid__product-add-to-cart\"><a href=\"\/fr\/wp-json\/wp\/v2\/pages\/27720?add-to-cart=50720\" aria-label=\"Ajouter au panier\u00a0: &ldquo;Affiner ses id\u00e9es artistiques avec FootboxG&rdquo;\" data-quantity=\"1\" data-product_id=\"50720\" data-product_sku=\"\" data-price=\"19.99\" rel=\"nofollow\" class=\"wp-block-button__link  add_to_cart_button ajax_add_to_cart\">Ajouter au panier<\/a><\/div>\n\t\t\t<\/li><li class=\"wc-block-grid__product\">\n\t\t\t\t<a href=\"https:\/\/www.lyrebirdbeatbox.com\/fr\/boutique\/cours-video\/packs-de-videos\/pack-complet-de-footboxg\/\" class=\"wc-block-grid__product-link\">\n\t\t\t\t\t<div class=\"wc-block-grid__product-onsale\">\n\t\t\t<span aria-hidden=\"true\">Promo<\/span>\n\t\t\t<span class=\"screen-reader-text\">Produit en promotion<\/span>\n\t\t<\/div>\n\t\t\t\t\t<div class=\"wc-block-grid__product-image\"><img loading=\"lazy\" decoding=\"async\" width=\"400\" height=\"400\" src=\"https:\/\/www.lyrebirdbeatbox.com\/wp-content\/uploads\/pack_complet_de_footboxg-400x400.webp\" class=\"attachment-woocommerce_thumbnail size-woocommerce_thumbnail\" alt=\"Pack complet de FootboxG\" srcset=\"https:\/\/www.lyrebirdbeatbox.com\/wp-content\/uploads\/pack_complet_de_footboxg-400x400.webp 400w, https:\/\/www.lyrebirdbeatbox.com\/wp-content\/uploads\/pack_complet_de_footboxg-300x300.webp 300w, https:\/\/www.lyrebirdbeatbox.com\/wp-content\/uploads\/pack_complet_de_footboxg-1024x1024.webp 1024w, https:\/\/www.lyrebirdbeatbox.com\/wp-content\/uploads\/pack_complet_de_footboxg-150x150.webp 150w, https:\/\/www.lyrebirdbeatbox.com\/wp-content\/uploads\/pack_complet_de_footboxg-768x768.webp 768w, https:\/\/www.lyrebirdbeatbox.com\/wp-content\/uploads\/pack_complet_de_footboxg-624x624.webp 624w, https:\/\/www.lyrebirdbeatbox.com\/wp-content\/uploads\/pack_complet_de_footboxg-600x600.webp 600w, https:\/\/www.lyrebirdbeatbox.com\/wp-content\/uploads\/pack_complet_de_footboxg-100x100.webp 100w, https:\/\/www.lyrebirdbeatbox.com\/wp-content\/uploads\/pack_complet_de_footboxg.webp 1080w\" sizes=\"(max-width: 400px) 100vw, 400px\" \/><\/div>\n\t\t\t\t\t<div class=\"wc-block-grid__product-title\">Pack complet de FootboxG<\/div>\n\t\t\t\t<\/a>\n\t\t\t\t<div class=\"wc-block-grid__product-price price\"><del aria-hidden=\"true\"><span class=\"woocommerce-Price-amount amount\">149,99<span class=\"woocommerce-Price-currencySymbol\">&euro;<\/span><\/span><\/del> <span class=\"screen-reader-text\">Le prix initial \u00e9tait\u00a0: 149,99&euro;.<\/span><ins aria-hidden=\"true\"><span class=\"woocommerce-Price-amount amount\">120,00<span class=\"woocommerce-Price-currencySymbol\">&euro;<\/span><\/span><\/ins><span class=\"screen-reader-text\">Le prix actuel est\u00a0: 120,00&euro;.<\/span><\/div>\n\t\t\t\t\n\t\t\t\t<div class=\"wp-block-button wc-block-grid__product-add-to-cart\"><a href=\"\/fr\/wp-json\/wp\/v2\/pages\/27720?add-to-cart=50766\" aria-label=\"Ajouter au panier\u00a0: &ldquo;Pack complet de FootboxG&rdquo;\" data-quantity=\"1\" data-product_id=\"50766\" data-product_sku=\"\" data-price=\"120\" rel=\"nofollow\" class=\"wp-block-button__link  add_to_cart_button ajax_add_to_cart\">Ajouter au panier<\/a><\/div>\n\t\t\t<\/li><\/ul><\/div><\/div>\n<\/div>\n","protected":false},"excerpt":{"rendered":"","protected":false},"author":1,"featured_media":0,"parent":0,"menu_order":0,"comment_status":"closed","ping_status":"closed","template":"","meta":{"_seopress_robots_primary_cat":"0","_seopress_titles_title":"","_seopress_titles_desc":"","_seopress_robots_index":"","_uag_custom_page_level_css":"","footnotes":""},"class_list":["post-27720","page","type-page","status-publish"],"uagb_featured_image_src":{"full":false,"thumbnail":false,"medium":false,"medium_large":false,"large":false,"1536x1536":false,"2048x2048":false,"post-thumbnail":false,"woocommerce_thumbnail":false,"woocommerce_single":false,"woocommerce_gallery_thumbnail":false},"uagb_author_info":{"display_name":"Lyrebird","author_link":"https:\/\/www.lyrebirdbeatbox.com\/fr\/author\/crozata\/"},"uagb_comment_info":0,"uagb_excerpt":null,"_links":{"self":[{"href":"https:\/\/www.lyrebirdbeatbox.com\/fr\/wp-json\/wp\/v2\/pages\/27720","targetHints":{"allow":["GET"]}}],"collection":[{"href":"https:\/\/www.lyrebirdbeatbox.com\/fr\/wp-json\/wp\/v2\/pages"}],"about":[{"href":"https:\/\/www.lyrebirdbeatbox.com\/fr\/wp-json\/wp\/v2\/types\/page"}],"author":[{"embeddable":true,"href":"https:\/\/www.lyrebirdbeatbox.com\/fr\/wp-json\/wp\/v2\/users\/1"}],"replies":[{"embeddable":true,"href":"https:\/\/www.lyrebirdbeatbox.com\/fr\/wp-json\/wp\/v2\/comments?post=27720"}],"version-history":[{"count":0,"href":"https:\/\/www.lyrebirdbeatbox.com\/fr\/wp-json\/wp\/v2\/pages\/27720\/revisions"}],"wp:attachment":[{"href":"https:\/\/www.lyrebirdbeatbox.com\/fr\/wp-json\/wp\/v2\/media?parent=27720"}],"curies":[{"name":"wp","href":"https:\/\/api.w.org\/{rel}","templated":true}]}}