{"id":27835,"date":"2023-12-01T11:21:38","date_gmt":"2023-12-01T10:21:38","guid":{"rendered":"https:\/\/www.lyrebirdbeatbox.com\/coaching-en-petit-groupe\/"},"modified":"2023-12-01T11:21:38","modified_gmt":"2023-12-01T10:21:38","slug":"coaching-en-petit-groupe","status":"publish","type":"page","link":"https:\/\/www.lyrebirdbeatbox.com\/fr\/coaching-en-petit-groupe\/","title":{"rendered":"Coaching en petit groupe"},"content":{"rendered":"\n<p class=\"has-text-align-center\">Rejoins les classes d&rsquo;\u00e9lite de nos professeurs et apprends en petit groupe de 6 \u00e9l\u00e8ves maximum.<\/p>\n<div data-block-name=\"woocommerce\/product-category\" data-categories=\"[708]\" data-columns=\"1\" class=\"wc-block-grid wp-block-product-category wp-block-woocommerce-product-category wc-block-product-category has-1-columns has-multiple-rows alignwide\"><ul class=\"wc-block-grid__products\"><li class=\"wc-block-grid__product\">\n\t\t\t\t<a href=\"https:\/\/www.lyrebirdbeatbox.com\/fr\/boutique\/cours-particuliers\/cours-en-petits-groupes\/alem-classe-elite-adhesion-1-mois\/\" class=\"wc-block-grid__product-link\">\n\t\t\t\t\t<div class=\"wc-block-grid__product-onsale\">\n\t\t\t<span aria-hidden=\"true\">Promo<\/span>\n\t\t\t<span class=\"screen-reader-text\">Produit en promotion<\/span>\n\t\t<\/div>\n\t\t\t\t\t<div class=\"wc-block-grid__product-image\"><img fetchpriority=\"high\" decoding=\"async\" width=\"400\" height=\"400\" src=\"https:\/\/www.lyrebirdbeatbox.com\/wp-content\/uploads\/2023\/11\/alem_classe_elite_-1080x1080-1-400x400.png\" class=\"attachment-woocommerce_thumbnail size-woocommerce_thumbnail\" alt=\"Alem Classe \u00c9lite\" srcset=\"https:\/\/www.lyrebirdbeatbox.com\/wp-content\/uploads\/2023\/11\/alem_classe_elite_-1080x1080-1-400x400.png 400w, https:\/\/www.lyrebirdbeatbox.com\/wp-content\/uploads\/2023\/11\/alem_classe_elite_-1080x1080-1-300x300.png 300w, https:\/\/www.lyrebirdbeatbox.com\/wp-content\/uploads\/2023\/11\/alem_classe_elite_-1080x1080-1-1024x1024.png 1024w, https:\/\/www.lyrebirdbeatbox.com\/wp-content\/uploads\/2023\/11\/alem_classe_elite_-1080x1080-1-150x150.png 150w, https:\/\/www.lyrebirdbeatbox.com\/wp-content\/uploads\/2023\/11\/alem_classe_elite_-1080x1080-1-768x768.png 768w, https:\/\/www.lyrebirdbeatbox.com\/wp-content\/uploads\/2023\/11\/alem_classe_elite_-1080x1080-1-624x624.png 624w, https:\/\/www.lyrebirdbeatbox.com\/wp-content\/uploads\/2023\/11\/alem_classe_elite_-1080x1080-1-600x600.png 600w, https:\/\/www.lyrebirdbeatbox.com\/wp-content\/uploads\/2023\/11\/alem_classe_elite_-1080x1080-1-100x100.png 100w, https:\/\/www.lyrebirdbeatbox.com\/wp-content\/uploads\/2023\/11\/alem_classe_elite_-1080x1080-1.png 1080w\" sizes=\"(max-width: 400px) 100vw, 400px\" \/><\/div>\n\t\t\t\t\t<div class=\"wc-block-grid__product-title\">Alem Classe \u00c9lite &#8211; 1 mois d&rsquo;adh\u00e9sion<\/div>\n\t\t\t\t<\/a>\n\t\t\t\t<div class=\"wc-block-grid__product-price price\"><del aria-hidden=\"true\"><span class=\"woocommerce-Price-amount amount\">40,00<span class=\"woocommerce-Price-currencySymbol\">&euro;<\/span><\/span><\/del> <span class=\"screen-reader-text\">Le prix initial \u00e9tait\u00a0: 40,00&euro;.<\/span><ins aria-hidden=\"true\"><span class=\"woocommerce-Price-amount amount\">30,00<span class=\"woocommerce-Price-currencySymbol\">&euro;<\/span><\/span><\/ins><span class=\"screen-reader-text\">Le prix actuel est\u00a0: 30,00&euro;.<\/span><\/div>\n\t\t\t\t\n\t\t\t\t<div class=\"wp-block-button wc-block-grid__product-add-to-cart\"><a href=\"\/fr\/wp-json\/wp\/v2\/pages\/27835?add-to-cart=27731\" aria-label=\"Ajouter au panier\u00a0: &ldquo;Alem Classe \u00c9lite - 1 mois d&#039;adh\u00e9sion&rdquo;\" data-quantity=\"1\" data-product_id=\"27731\" data-product_sku=\"\" data-price=\"30\" rel=\"nofollow\" class=\"wp-block-button__link  add_to_cart_button ajax_add_to_cart\">Ajouter au panier<\/a><\/div>\n\t\t\t<\/li><\/ul><\/div>\n<p class=\"has-text-align-center\">D&rsquo;autres classes d&rsquo;\u00e9lite seront bient\u00f4t disponibles&#8230; Reste \u00e0 l&rsquo;aff\u00fbt !<\/p>\n","protected":false},"excerpt":{"rendered":"<p>Rejoins les classes d&rsquo;\u00e9lite de nos professeurs et apprends en petit groupe de 6 \u00e9l\u00e8ves maximum. D&rsquo;autres classes d&rsquo;\u00e9lite seront bient\u00f4t disponibles&#8230; Reste \u00e0 l&rsquo;aff\u00fbt&hellip;<\/p>\n","protected":false},"author":1,"featured_media":0,"parent":0,"menu_order":0,"comment_status":"closed","ping_status":"closed","template":"","meta":{"_seopress_robots_primary_cat":"0","_seopress_titles_title":"","_seopress_titles_desc":"","_seopress_robots_index":"","_uag_custom_page_level_css":"","footnotes":""},"class_list":["post-27835","page","type-page","status-publish"],"uagb_featured_image_src":{"full":false,"thumbnail":false,"medium":false,"medium_large":false,"large":false,"1536x1536":false,"2048x2048":false,"post-thumbnail":false,"woocommerce_thumbnail":false,"woocommerce_single":false,"woocommerce_gallery_thumbnail":false},"uagb_author_info":{"display_name":"Lyrebird","author_link":"https:\/\/www.lyrebirdbeatbox.com\/fr\/author\/crozata\/"},"uagb_comment_info":0,"uagb_excerpt":"Rejoins les classes d&rsquo;\u00e9lite de nos professeurs et apprends en petit groupe de 6 \u00e9l\u00e8ves maximum. D&rsquo;autres classes d&rsquo;\u00e9lite seront bient\u00f4t disponibles&#8230; Reste \u00e0 l&rsquo;aff\u00fbt&hellip;","_links":{"self":[{"href":"https:\/\/www.lyrebirdbeatbox.com\/fr\/wp-json\/wp\/v2\/pages\/27835","targetHints":{"allow":["GET"]}}],"collection":[{"href":"https:\/\/www.lyrebirdbeatbox.com\/fr\/wp-json\/wp\/v2\/pages"}],"about":[{"href":"https:\/\/www.lyrebirdbeatbox.com\/fr\/wp-json\/wp\/v2\/types\/page"}],"author":[{"embeddable":true,"href":"https:\/\/www.lyrebirdbeatbox.com\/fr\/wp-json\/wp\/v2\/users\/1"}],"replies":[{"embeddable":true,"href":"https:\/\/www.lyrebirdbeatbox.com\/fr\/wp-json\/wp\/v2\/comments?post=27835"}],"version-history":[{"count":0,"href":"https:\/\/www.lyrebirdbeatbox.com\/fr\/wp-json\/wp\/v2\/pages\/27835\/revisions"}],"wp:attachment":[{"href":"https:\/\/www.lyrebirdbeatbox.com\/fr\/wp-json\/wp\/v2\/media?parent=27835"}],"curies":[{"name":"wp","href":"https:\/\/api.w.org\/{rel}","templated":true}]}}