{"id":4058,"date":"2021-02-14T16:16:18","date_gmt":"2021-02-14T15:16:18","guid":{"rendered":"https:\/\/www.lyrebirdbeatbox.com\/a-propos\/"},"modified":"2023-09-17T23:36:39","modified_gmt":"2023-09-17T21:36:39","slug":"a-propos","status":"publish","type":"page","link":"https:\/\/www.lyrebirdbeatbox.com\/fr\/a-propos\/","title":{"rendered":"\u00c0 propos"},"content":{"rendered":"\t\t<div data-elementor-type=\"wp-page\" data-elementor-id=\"4058\" class=\"elementor elementor-4058 elementor-1497\">\n\t\t\t\t\t\t<section class=\"elementor-section elementor-top-section elementor-element elementor-element-af95348 elementor-section-boxed elementor-section-height-default elementor-section-height-default\" data-id=\"af95348\" data-element_type=\"section\" data-e-type=\"section\">\n\t\t\t\t\t\t<div class=\"elementor-container elementor-column-gap-default\">\n\t\t\t\t\t<div class=\"elementor-column elementor-col-66 elementor-top-column elementor-element elementor-element-de5b865\" data-id=\"de5b865\" data-element_type=\"column\" data-e-type=\"column\">\n\t\t\t<div class=\"elementor-widget-wrap elementor-element-populated\">\n\t\t\t\t\t\t<div class=\"elementor-element elementor-element-1e51f8f5 elementor-widget elementor-widget-heading\" data-id=\"1e51f8f5\" data-element_type=\"widget\" data-e-type=\"widget\" data-widget_type=\"heading.default\">\n\t\t\t\t<div class=\"elementor-widget-container\">\n\t\t\t\t\t<h2 class=\"elementor-heading-title elementor-size-default\">\u00c0 propos de Lyrebird<\/h2>\t\t\t\t<\/div>\n\t\t\t\t<\/div>\n\t\t\t\t<div class=\"elementor-element elementor-element-45d2d9b9 elementor-drop-cap-yes elementor-drop-cap-view-default elementor-widget elementor-widget-text-editor\" data-id=\"45d2d9b9\" data-element_type=\"widget\" data-e-type=\"widget\" data-settings=\"{&quot;drop_cap&quot;:&quot;yes&quot;}\" data-widget_type=\"text-editor.default\">\n\t\t\t\t<div class=\"elementor-widget-container\">\n\t\t\t\t\t<div class=\"bb-theme-elementor-wrap bb-elementor-custom-color\">\t\t\t\t<p>Lyrebirdbeatbox.com est une plateforme communautaire qui connecte les \u00e9l\u00e8ves aux meilleurs profs de beatbox \u00e0 travers des tutoriels, des classes par visioconf\u00e9rence et des \u00e9v\u00e8nements r\u00e9guliers!<\/p>\n<p>Sur Lyrebirdbeatbox.com, les \u00e9l\u00e8ves travaillent avec des professeurs inspirants. Ils acqui\u00e8rent des connaissances et construisent des comp\u00e9tences afin de mieux comprendre la musique et enfin d\u00e9velopper une certaine agilit\u00e9 pour s&rsquo;exprimer personnellement. On mesure notre succ\u00e8s en fonction de si les \u00e9l\u00e8ves arrivent \u00e0 atteindre leurs objectifs, tout en r\u00e9mun\u00e9rant nos professeurs de mani\u00e8re \u00e9quitable, et en devenant \u00e9conomiquement viable.<\/p>\n<p>Notre communaut\u00e9 d&rsquo;apprentissage du beatbox est accessible pour tous les \u00e2ges et pour tous les niveaux. Les \u00e9l\u00e8ves peuvent s&rsquo;inscrire en individuel ou en groupe. Nous proposons \u00e9galement des le\u00e7ons et des programmes d&rsquo;apprentissage pour les centres communautaires, les \u00e9coles et les librairies inclus.<\/p>\n\t\t\t\t<\/div>\t\t\t\t<\/div>\n\t\t\t\t<\/div>\n\t\t\t\t\t<\/div>\n\t\t<\/div>\n\t\t\t\t<div class=\"elementor-column elementor-col-33 elementor-top-column elementor-element elementor-element-5debf08\" data-id=\"5debf08\" data-element_type=\"column\" data-e-type=\"column\">\n\t\t\t<div class=\"elementor-widget-wrap elementor-element-populated\">\n\t\t\t\t\t\t<div class=\"elementor-element elementor-element-1ad62b35 elementor-widget elementor-widget-image\" data-id=\"1ad62b35\" data-element_type=\"widget\" data-e-type=\"widget\" data-widget_type=\"image.default\">\n\t\t\t\t<div class=\"elementor-widget-container\">\n\t\t\t\t\t\t\t\t\t\t\t\t\t\t\t<img fetchpriority=\"high\" decoding=\"async\" width=\"640\" height=\"529\" src=\"https:\/\/www.lyrebirdbeatbox.com\/wp-content\/uploads\/2020\/10\/logo-coloroutline-1-1024x847.png\" class=\"attachment-large size-large wp-image-3413\" alt=\"\" srcset=\"https:\/\/www.lyrebirdbeatbox.com\/wp-content\/uploads\/2020\/10\/logo-coloroutline-1-1024x847.png 1024w, https:\/\/www.lyrebirdbeatbox.com\/wp-content\/uploads\/2020\/10\/logo-coloroutline-1-600x496.png 600w, https:\/\/www.lyrebirdbeatbox.com\/wp-content\/uploads\/2020\/10\/logo-coloroutline-1-300x248.png 300w, https:\/\/www.lyrebirdbeatbox.com\/wp-content\/uploads\/2020\/10\/logo-coloroutline-1-768x635.png 768w, https:\/\/www.lyrebirdbeatbox.com\/wp-content\/uploads\/2020\/10\/logo-coloroutline-1-363x300.png 363w, https:\/\/www.lyrebirdbeatbox.com\/wp-content\/uploads\/2020\/10\/logo-coloroutline-1-624x516.png 624w, https:\/\/www.lyrebirdbeatbox.com\/wp-content\/uploads\/2020\/10\/logo-coloroutline-1-50x41.png 50w, https:\/\/www.lyrebirdbeatbox.com\/wp-content\/uploads\/2020\/10\/logo-coloroutline-1-100x83.png 100w, https:\/\/www.lyrebirdbeatbox.com\/wp-content\/uploads\/2020\/10\/logo-coloroutline-1.png 1414w\" sizes=\"(max-width: 640px) 100vw, 640px\" \/>\t\t\t\t\t\t\t\t\t\t\t\t\t\t\t<\/div>\n\t\t\t\t<\/div>\n\t\t\t\t\t<\/div>\n\t\t<\/div>\n\t\t\t\t\t<\/div>\n\t\t<\/section>\n\t\t\t\t<section class=\"elementor-section elementor-top-section elementor-element elementor-element-50c0ffb elementor-section-boxed elementor-section-height-default elementor-section-height-default\" data-id=\"50c0ffb\" data-element_type=\"section\" data-e-type=\"section\">\n\t\t\t\t\t\t<div class=\"elementor-container elementor-column-gap-default\">\n\t\t\t\t\t<div class=\"elementor-column elementor-col-100 elementor-top-column elementor-element elementor-element-5e96ad2\" data-id=\"5e96ad2\" data-element_type=\"column\" data-e-type=\"column\">\n\t\t\t<div class=\"elementor-widget-wrap elementor-element-populated\">\n\t\t\t\t\t\t<div class=\"elementor-element elementor-element-0bd5bb7 elementor-drop-cap-yes elementor-drop-cap-view-default elementor-widget elementor-widget-text-editor\" data-id=\"0bd5bb7\" data-element_type=\"widget\" data-e-type=\"widget\" data-settings=\"{&quot;drop_cap&quot;:&quot;yes&quot;}\" data-widget_type=\"text-editor.default\">\n\t\t\t\t<div class=\"elementor-widget-container\">\n\t\t\t\t\t<div class=\"bb-theme-elementor-wrap bb-elementor-custom-color\">\t\t\t\t<p>Un bon professeur nous inspire et nous motive sur la voie de la r\u00e9ussite. Depuis le d\u00e9but de l&rsquo;aventure Lyrebird, nous avons recherch\u00e9 les meilleurs professeurs de musique, et con\u00e7u la plateforme pour les aider, eux et leurs \u00e9l\u00e8ves, \u00e0 atteindre leurs objectifs.<\/p>\n\t\t\t\t<\/div>\t\t\t\t<\/div>\n\t\t\t\t<\/div>\n\t\t\t\t\t<\/div>\n\t\t<\/div>\n\t\t\t\t\t<\/div>\n\t\t<\/section>\n\t\t\t\t<section class=\"elementor-section elementor-top-section elementor-element elementor-element-dbff6a4 elementor-section-boxed elementor-section-height-default elementor-section-height-default\" data-id=\"dbff6a4\" data-element_type=\"section\" data-e-type=\"section\">\n\t\t\t\t\t\t<div class=\"elementor-container elementor-column-gap-default\">\n\t\t\t\t\t<div class=\"elementor-column elementor-col-50 elementor-top-column elementor-element elementor-element-a7e2f80\" data-id=\"a7e2f80\" data-element_type=\"column\" data-e-type=\"column\">\n\t\t\t<div class=\"elementor-widget-wrap elementor-element-populated\">\n\t\t\t\t\t\t<div class=\"elementor-element elementor-element-40a4691 elementor-widget elementor-widget-image\" data-id=\"40a4691\" data-element_type=\"widget\" data-e-type=\"widget\" data-widget_type=\"image.default\">\n\t\t\t\t<div class=\"elementor-widget-container\">\n\t\t\t\t\t\t\t\t\t\t\t\t\t\t\t<img decoding=\"async\" width=\"640\" height=\"428\" src=\"https:\/\/www.lyrebirdbeatbox.com\/wp-content\/uploads\/2020\/05\/64978477_2423602814350337_8716640198860996608_o-1024x684.jpg\" class=\"attachment-large size-large wp-image-3127\" alt=\"\" srcset=\"https:\/\/www.lyrebirdbeatbox.com\/wp-content\/uploads\/2020\/05\/64978477_2423602814350337_8716640198860996608_o-1024x684.jpg 1024w, https:\/\/www.lyrebirdbeatbox.com\/wp-content\/uploads\/2020\/05\/64978477_2423602814350337_8716640198860996608_o-600x401.jpg 600w, https:\/\/www.lyrebirdbeatbox.com\/wp-content\/uploads\/2020\/05\/64978477_2423602814350337_8716640198860996608_o-300x200.jpg 300w, https:\/\/www.lyrebirdbeatbox.com\/wp-content\/uploads\/2020\/05\/64978477_2423602814350337_8716640198860996608_o-768x513.jpg 768w, https:\/\/www.lyrebirdbeatbox.com\/wp-content\/uploads\/2020\/05\/64978477_2423602814350337_8716640198860996608_o-1536x1026.jpg 1536w, https:\/\/www.lyrebirdbeatbox.com\/wp-content\/uploads\/2020\/05\/64978477_2423602814350337_8716640198860996608_o-624x417.jpg 624w, https:\/\/www.lyrebirdbeatbox.com\/wp-content\/uploads\/2020\/05\/64978477_2423602814350337_8716640198860996608_o.jpg 2010w\" sizes=\"(max-width: 640px) 100vw, 640px\" \/>\t\t\t\t\t\t\t\t\t\t\t\t\t\t\t<\/div>\n\t\t\t\t<\/div>\n\t\t\t\t\t<\/div>\n\t\t<\/div>\n\t\t\t\t<div class=\"elementor-column elementor-col-50 elementor-top-column elementor-element elementor-element-33e9943\" data-id=\"33e9943\" data-element_type=\"column\" data-e-type=\"column\">\n\t\t\t<div class=\"elementor-widget-wrap elementor-element-populated\">\n\t\t\t\t\t\t<div class=\"elementor-element elementor-element-cf49e84 elementor-widget elementor-widget-heading\" data-id=\"cf49e84\" data-element_type=\"widget\" data-e-type=\"widget\" data-widget_type=\"heading.default\">\n\t\t\t\t<div class=\"elementor-widget-container\">\n\t\t\t\t\t<h2 class=\"elementor-heading-title elementor-size-default\">Qui suis-je?<\/h2>\t\t\t\t<\/div>\n\t\t\t\t<\/div>\n\t\t\t\t<div class=\"elementor-element elementor-element-d619d0b elementor-drop-cap-yes elementor-drop-cap-view-default elementor-widget elementor-widget-text-editor\" data-id=\"d619d0b\" data-element_type=\"widget\" data-e-type=\"widget\" data-settings=\"{&quot;drop_cap&quot;:&quot;yes&quot;}\" data-widget_type=\"text-editor.default\">\n\t\t\t\t<div class=\"elementor-widget-container\">\n\t\t\t\t\t<div class=\"bb-theme-elementor-wrap bb-elementor-custom-color\">\t\t\t\t<p>Salut tout le monde, je m&rsquo;appelle Adrien aka DuJ&rsquo; et je suis un jeune entrepreneur passionn\u00e9 par le beatbox depuis plus de 13 ans. Je crois fermement que le beatbox est plus qu&rsquo;un passe-temps car cet art m&rsquo;a beaucoup aid\u00e9 \u00e0 m&rsquo;\u00e9veiller musicalement, \u00e0 am\u00e9liorer ma capacit\u00e9 d&rsquo;\u00e9coute, \u00e0 garder un esprit ouvert envers les autres et finalement \u00e0 me d\u00e9velopper en tant que personne<\/p>\n<p>Je suis convaincu que le Human Beatbox est une discipline artistique \u00e0 part enti\u00e8re qui va devenir aussi populaire que la danse Hip-Hop dans quelques ann\u00e9es au vu du nombre d&rsquo;amateurs qui explose. Cependant il n&rsquo;existe aucune structure p\u00e9dagogique qui proposent \u00e0 la fois un enseignement professionnel et accessible \u00e0 tous. Toutes ces raisons m&rsquo;ont motiv\u00e9 \u00e0 cr\u00e9er une plateforme communautaire pour que tout le monde puisse apprendre des meilleurs professeurs afin de trouver leur propre style, sans oublier de transmettre des valeurs humaines de la communaut\u00e9 Beatbox tel que la modestie, le partage et le respect.<\/p>\n\t\t\t\t<\/div>\t\t\t\t<\/div>\n\t\t\t\t<\/div>\n\t\t\t\t\t<\/div>\n\t\t<\/div>\n\t\t\t\t\t<\/div>\n\t\t<\/section>\n\t\t\t\t<section class=\"elementor-section elementor-top-section elementor-element elementor-element-d0f5fce elementor-section-boxed elementor-section-height-default elementor-section-height-default\" data-id=\"d0f5fce\" data-element_type=\"section\" data-e-type=\"section\">\n\t\t\t\t\t\t<div class=\"elementor-container elementor-column-gap-default\">\n\t\t\t\t\t<div class=\"elementor-column elementor-col-100 elementor-top-column elementor-element elementor-element-fed308e\" data-id=\"fed308e\" data-element_type=\"column\" data-e-type=\"column\">\n\t\t\t<div class=\"elementor-widget-wrap elementor-element-populated\">\n\t\t\t\t\t\t<div class=\"elementor-element elementor-element-645eea49 elementor-widget elementor-widget-heading\" data-id=\"645eea49\" data-element_type=\"widget\" data-e-type=\"widget\" data-widget_type=\"heading.default\">\n\t\t\t\t<div class=\"elementor-widget-container\">\n\t\t\t\t\t<h2 class=\"elementor-heading-title elementor-size-default\">Nos valeurs<\/h2>\t\t\t\t<\/div>\n\t\t\t\t<\/div>\n\t\t\t\t\t<\/div>\n\t\t<\/div>\n\t\t\t\t\t<\/div>\n\t\t<\/section>\n\t\t\t\t<section class=\"elementor-section elementor-top-section elementor-element elementor-element-a948a11 elementor-section-boxed elementor-section-height-default elementor-section-height-default\" data-id=\"a948a11\" data-element_type=\"section\" data-e-type=\"section\">\n\t\t\t\t\t\t<div class=\"elementor-container elementor-column-gap-default\">\n\t\t\t\t\t<div class=\"elementor-column elementor-col-50 elementor-top-column elementor-element elementor-element-8010619\" data-id=\"8010619\" data-element_type=\"column\" data-e-type=\"column\">\n\t\t\t<div class=\"elementor-widget-wrap elementor-element-populated\">\n\t\t\t\t\t\t<div class=\"elementor-element elementor-element-0676334 elementor-drop-cap-yes elementor-drop-cap-view-default elementor-widget elementor-widget-text-editor\" data-id=\"0676334\" data-element_type=\"widget\" data-e-type=\"widget\" data-settings=\"{&quot;drop_cap&quot;:&quot;yes&quot;}\" data-widget_type=\"text-editor.default\">\n\t\t\t\t<div class=\"elementor-widget-container\">\n\t\t\t\t\t<div class=\"bb-theme-elementor-wrap bb-elementor-custom-color\">\t\t\t\tNous sommes convaincu que le Human beatbox et un art \u00e0 part enti\u00e8re que tout le monde peut apprendre.\r\n\r\nCette plateforme communautaire est d\u00e9di\u00e9e aux amateurs de beatbox de tous niveaux qui souhaitent apprendre et progresser aupr\u00e8s de ma\u00eetres de la discipline afin de trouver et am\u00e9liorer leur style.\r\n\r\nQuiconque souhaite jouer de la musique et d\u00e9velopper sa cr\u00e9ativit\u00e9 avec sa bouche est le bienvenue pour rejoindre notre communaut\u00e9 de passionn\u00e9 que l&rsquo;on aime appel\u00e9 \u00ab\u00a0La Beatbox Family\u00a0\u00bb.\r\n\r\n&nbsp;\t\t\t\t<\/div>\t\t\t\t<\/div>\n\t\t\t\t<\/div>\n\t\t\t\t\t<\/div>\n\t\t<\/div>\n\t\t\t\t<div class=\"elementor-column elementor-col-50 elementor-top-column elementor-element elementor-element-5e05be55\" data-id=\"5e05be55\" data-element_type=\"column\" data-e-type=\"column\">\n\t\t\t<div class=\"elementor-widget-wrap elementor-element-populated\">\n\t\t\t\t\t\t<div class=\"elementor-element elementor-element-4dbc885 elementor-widget elementor-widget-image\" data-id=\"4dbc885\" data-element_type=\"widget\" data-e-type=\"widget\" data-widget_type=\"image.default\">\n\t\t\t\t<div class=\"elementor-widget-container\">\n\t\t\t\t\t\t\t\t\t\t\t\t\t\t\t<img decoding=\"async\" width=\"640\" height=\"374\" src=\"https:\/\/www.lyrebirdbeatbox.com\/wp-content\/uploads\/2020\/04\/French-beatbox-family-e1599661165706-1024x599.jpg\" class=\"attachment-large size-large wp-image-3115\" alt=\"\" srcset=\"https:\/\/www.lyrebirdbeatbox.com\/wp-content\/uploads\/2020\/04\/French-beatbox-family-e1599661165706-1024x599.jpg 1024w, https:\/\/www.lyrebirdbeatbox.com\/wp-content\/uploads\/2020\/04\/French-beatbox-family-e1599661165706-600x351.jpg 600w, https:\/\/www.lyrebirdbeatbox.com\/wp-content\/uploads\/2020\/04\/French-beatbox-family-e1599661165706-300x176.jpg 300w, https:\/\/www.lyrebirdbeatbox.com\/wp-content\/uploads\/2020\/04\/French-beatbox-family-e1599661165706-768x450.jpg 768w, https:\/\/www.lyrebirdbeatbox.com\/wp-content\/uploads\/2020\/04\/French-beatbox-family-e1599661165706-1536x899.jpg 1536w, https:\/\/www.lyrebirdbeatbox.com\/wp-content\/uploads\/2020\/04\/French-beatbox-family-e1599661165706-624x365.jpg 624w, https:\/\/www.lyrebirdbeatbox.com\/wp-content\/uploads\/2020\/04\/French-beatbox-family-e1599661165706-400x234.jpg 400w, https:\/\/www.lyrebirdbeatbox.com\/wp-content\/uploads\/2020\/04\/French-beatbox-family-e1599661165706-50x29.jpg 50w, https:\/\/www.lyrebirdbeatbox.com\/wp-content\/uploads\/2020\/04\/French-beatbox-family-e1599661165706-100x59.jpg 100w, https:\/\/www.lyrebirdbeatbox.com\/wp-content\/uploads\/2020\/04\/French-beatbox-family-e1599661165706.jpg 1582w\" sizes=\"(max-width: 640px) 100vw, 640px\" \/>\t\t\t\t\t\t\t\t\t\t\t\t\t\t\t<\/div>\n\t\t\t\t<\/div>\n\t\t\t\t\t<\/div>\n\t\t<\/div>\n\t\t\t\t\t<\/div>\n\t\t<\/section>\n\t\t\t\t<section class=\"elementor-section elementor-top-section elementor-element elementor-element-8be8d44 elementor-section-boxed elementor-section-height-default elementor-section-height-default\" data-id=\"8be8d44\" data-element_type=\"section\" data-e-type=\"section\">\n\t\t\t\t\t\t<div class=\"elementor-container elementor-column-gap-default\">\n\t\t\t\t\t<div class=\"elementor-column elementor-col-100 elementor-top-column elementor-element elementor-element-5743e8f\" data-id=\"5743e8f\" data-element_type=\"column\" data-e-type=\"column\">\n\t\t\t<div class=\"elementor-widget-wrap elementor-element-populated\">\n\t\t\t\t\t\t<div class=\"elementor-element elementor-element-fb4034a elementor-align-center elementor-widget elementor-widget-button\" data-id=\"fb4034a\" data-element_type=\"widget\" data-e-type=\"widget\" data-widget_type=\"button.default\">\n\t\t\t\t<div class=\"elementor-widget-container\">\n\t\t\t\t\t\t\t\t\t<div class=\"elementor-button-wrapper\">\n\t\t\t\t\t<a class=\"elementor-button elementor-button-link elementor-size-sm elementor-animation-float\" href=\"https:\/\/www.lyrebirdbeatbox.com\/fr\/profs\/\">\n\t\t\t\t\t\t<span class=\"elementor-button-content-wrapper\">\n\t\t\t\t\t\t\t\t\t<span class=\"elementor-button-text\">TROUVER MON PROF<\/span>\n\t\t\t\t\t<\/span>\n\t\t\t\t\t<\/a>\n\t\t\t\t<\/div>\n\t\t\t\t\t\t\t\t<\/div>\n\t\t\t\t<\/div>\n\t\t\t\t\t<\/div>\n\t\t<\/div>\n\t\t\t\t\t<\/div>\n\t\t<\/section>\n\t\t\t\t<\/div>\n\t\t","protected":false},"excerpt":{"rendered":"<p>\u00c0 propos de Lyrebird Lyrebirdbeatbox.com est une plateforme communautaire qui connecte les \u00e9l\u00e8ves aux meilleurs profs de beatbox \u00e0 travers des tutoriels, des classes par&hellip;<\/p>\n","protected":false},"author":1,"featured_media":0,"parent":0,"menu_order":0,"comment_status":"closed","ping_status":"closed","template":"","meta":{"_seopress_robots_primary_cat":"0","_seopress_titles_title":"","_seopress_titles_desc":"","_seopress_robots_index":"","_uag_custom_page_level_css":"","footnotes":""},"class_list":["post-4058","page","type-page","status-publish"],"uagb_featured_image_src":{"full":false,"thumbnail":false,"medium":false,"medium_large":false,"large":false,"1536x1536":false,"2048x2048":false,"post-thumbnail":false,"woocommerce_thumbnail":false,"woocommerce_single":false,"woocommerce_gallery_thumbnail":false},"uagb_author_info":{"display_name":"Lyrebird","author_link":"https:\/\/www.lyrebirdbeatbox.com\/fr\/author\/crozata\/"},"uagb_comment_info":0,"uagb_excerpt":"\u00c0 propos de Lyrebird Lyrebirdbeatbox.com est une plateforme communautaire qui connecte les \u00e9l\u00e8ves aux meilleurs profs de beatbox \u00e0 travers des tutoriels, des classes par&hellip;","_links":{"self":[{"href":"https:\/\/www.lyrebirdbeatbox.com\/fr\/wp-json\/wp\/v2\/pages\/4058","targetHints":{"allow":["GET"]}}],"collection":[{"href":"https:\/\/www.lyrebirdbeatbox.com\/fr\/wp-json\/wp\/v2\/pages"}],"about":[{"href":"https:\/\/www.lyrebirdbeatbox.com\/fr\/wp-json\/wp\/v2\/types\/page"}],"author":[{"embeddable":true,"href":"https:\/\/www.lyrebirdbeatbox.com\/fr\/wp-json\/wp\/v2\/users\/1"}],"replies":[{"embeddable":true,"href":"https:\/\/www.lyrebirdbeatbox.com\/fr\/wp-json\/wp\/v2\/comments?post=4058"}],"version-history":[{"count":0,"href":"https:\/\/www.lyrebirdbeatbox.com\/fr\/wp-json\/wp\/v2\/pages\/4058\/revisions"}],"wp:attachment":[{"href":"https:\/\/www.lyrebirdbeatbox.com\/fr\/wp-json\/wp\/v2\/media?parent=4058"}],"curies":[{"name":"wp","href":"https:\/\/api.w.org\/{rel}","templated":true}]}}