{"id":4186,"date":"2021-02-15T18:14:23","date_gmt":"2021-02-15T17:14:23","guid":{"rendered":"https:\/\/www.lyrebirdbeatbox.com\/index-du-forum\/"},"modified":"2023-09-17T23:36:42","modified_gmt":"2023-09-17T21:36:42","slug":"index-du-forum","status":"publish","type":"page","link":"https:\/\/www.lyrebirdbeatbox.com\/fr\/index-du-forum\/","title":{"rendered":"Index du Forum"},"content":{"rendered":"\n\n<div id=\"bbpress-forums\">\n\n\t\n\t\n\t\t\n<div class=\"bp-feedback info\">\n\t<span class=\"bp-icon\" aria-hidden=\"true\"><\/span>\n\t<p>Aucun forum n'a encore \u00e9t\u00e9 cr\u00e9\u00e9 ici.<\/p>\n<\/div>\n\n\t\n\t\n\t<!-- Topics List -->\n\t\n\t\t\n<ul id=\"bbp-forum-0\" class=\"bbp-topics1 bs-item-list bs-forums-items list-view\">\n\n\t<li class=\"bs-item-wrap bs-header-item align-items-center no-hover-effect\">\n\t\t<div class=\"flex-1\">\n\t\t\t<h2 class=\"bs-section-title\">\n\t\t\t\t\ufeffToutes les discussions\t\t\t<\/h2>\n\t\t\t<div class=\"bbp-forum-buttons-wrap\">\n\t\t\t\t\t\t\t<\/div>\n\t\t<\/div>\n\t<\/li>\n\t<li class=\"bs-item-wrap\">\n\t\t<div class=\"bp-feedback info\">\n\t\t\t<span class=\"bp-icon\" aria-hidden=\"true\"><\/span>\n\t\t\t<p>Sorry, there were no discussions found.<\/p>\n\t\t<\/div>\n\t<\/li>\n\n<\/ul><!-- #bbp-forum-0 -->\n\n\t\n<\/div>\n","protected":false},"excerpt":{"rendered":"","protected":false},"author":1,"featured_media":0,"parent":0,"menu_order":0,"comment_status":"closed","ping_status":"closed","template":"","meta":{"_seopress_robots_primary_cat":"0","_seopress_titles_title":"","_seopress_titles_desc":"","_seopress_robots_index":"","_uag_custom_page_level_css":"","footnotes":""},"class_list":["post-4186","page","type-page","status-publish"],"uagb_featured_image_src":{"full":false,"thumbnail":false,"medium":false,"medium_large":false,"large":false,"1536x1536":false,"2048x2048":false,"post-thumbnail":false,"woocommerce_thumbnail":false,"woocommerce_single":false,"woocommerce_gallery_thumbnail":false},"uagb_author_info":{"display_name":"Lyrebird","author_link":"https:\/\/www.lyrebirdbeatbox.com\/fr\/author\/crozata\/"},"uagb_comment_info":0,"uagb_excerpt":null,"_links":{"self":[{"href":"https:\/\/www.lyrebirdbeatbox.com\/fr\/wp-json\/wp\/v2\/pages\/4186","targetHints":{"allow":["GET"]}}],"collection":[{"href":"https:\/\/www.lyrebirdbeatbox.com\/fr\/wp-json\/wp\/v2\/pages"}],"about":[{"href":"https:\/\/www.lyrebirdbeatbox.com\/fr\/wp-json\/wp\/v2\/types\/page"}],"author":[{"embeddable":true,"href":"https:\/\/www.lyrebirdbeatbox.com\/fr\/wp-json\/wp\/v2\/users\/1"}],"replies":[{"embeddable":true,"href":"https:\/\/www.lyrebirdbeatbox.com\/fr\/wp-json\/wp\/v2\/comments?post=4186"}],"version-history":[{"count":0,"href":"https:\/\/www.lyrebirdbeatbox.com\/fr\/wp-json\/wp\/v2\/pages\/4186\/revisions"}],"wp:attachment":[{"href":"https:\/\/www.lyrebirdbeatbox.com\/fr\/wp-json\/wp\/v2\/media?parent=4186"}],"curies":[{"name":"wp","href":"https:\/\/api.w.org\/{rel}","templated":true}]}}