{"id":4217,"date":"2021-02-15T18:36:52","date_gmt":"2021-02-15T17:36:52","guid":{"rendered":"https:\/\/www.lyrebirdbeatbox.com\/partager\/"},"modified":"2023-09-17T23:36:40","modified_gmt":"2023-09-17T21:36:40","slug":"partager","status":"publish","type":"page","link":"https:\/\/www.lyrebirdbeatbox.com\/fr\/partager\/","title":{"rendered":"Partager"},"content":{"rendered":"\t\t<div data-elementor-type=\"wp-page\" data-elementor-id=\"4217\" class=\"elementor elementor-4217 elementor-2704\">\n\t\t\t\t\t\t<section class=\"elementor-section elementor-top-section elementor-element elementor-element-2019d9e elementor-section-boxed elementor-section-height-default elementor-section-height-default\" data-id=\"2019d9e\" data-element_type=\"section\" data-e-type=\"section\">\n\t\t\t\t\t\t<div class=\"elementor-container elementor-column-gap-default\">\n\t\t\t\t\t<div class=\"elementor-column elementor-col-50 elementor-top-column elementor-element elementor-element-a7516b0\" data-id=\"a7516b0\" data-element_type=\"column\" data-e-type=\"column\">\n\t\t\t<div class=\"elementor-widget-wrap elementor-element-populated\">\n\t\t\t\t\t\t<div class=\"elementor-element elementor-element-41a2172 elementor-widget elementor-widget-heading\" data-id=\"41a2172\" data-element_type=\"widget\" data-e-type=\"widget\" data-widget_type=\"heading.default\">\n\t\t\t\t<div class=\"elementor-widget-container\">\n\t\t\t\t\t<h2 class=\"elementor-heading-title elementor-size-xl\">Partager<\/h2>\t\t\t\t<\/div>\n\t\t\t\t<\/div>\n\t\t\t\t\t<\/div>\n\t\t<\/div>\n\t\t\t\t<div class=\"elementor-column elementor-col-50 elementor-top-column elementor-element elementor-element-4b9d279\" data-id=\"4b9d279\" data-element_type=\"column\" data-e-type=\"column\">\n\t\t\t<div class=\"elementor-widget-wrap elementor-element-populated\">\n\t\t\t\t\t\t<div class=\"elementor-element elementor-element-d089705 elementor-widget elementor-widget-heading\" data-id=\"d089705\" data-element_type=\"widget\" data-e-type=\"widget\" data-widget_type=\"heading.default\">\n\t\t\t\t<div class=\"elementor-widget-container\">\n\t\t\t\t\t<h2 class=\"elementor-heading-title elementor-size-xl\">LYREBIRD<\/h2>\t\t\t\t<\/div>\n\t\t\t\t<\/div>\n\t\t\t\t\t<\/div>\n\t\t<\/div>\n\t\t\t\t\t<\/div>\n\t\t<\/section>\n\t\t\t\t<section class=\"elementor-section elementor-top-section elementor-element elementor-element-f22fbf4 elementor-section-boxed elementor-section-height-default elementor-section-height-default\" data-id=\"f22fbf4\" data-element_type=\"section\" data-e-type=\"section\">\n\t\t\t\t\t\t<div class=\"elementor-container elementor-column-gap-default\">\n\t\t\t\t\t<div class=\"elementor-column elementor-col-100 elementor-top-column elementor-element elementor-element-e6562cb\" data-id=\"e6562cb\" data-element_type=\"column\" data-e-type=\"column\">\n\t\t\t<div class=\"elementor-widget-wrap elementor-element-populated\">\n\t\t\t\t\t\t<div class=\"elementor-element elementor-element-5bd37915 elementor-widget elementor-widget-text-editor\" data-id=\"5bd37915\" data-element_type=\"widget\" data-e-type=\"widget\" data-widget_type=\"text-editor.default\">\n\t\t\t\t<div class=\"elementor-widget-container\">\n\t\t\t\t\t<div class=\"bb-theme-elementor-wrap bb-elementor-custom-color bb-elementor-custom-family\">\t\t\t\tLyrebird a des programmes de r\u00e9f\u00e9rence pour les enseignants et les \u00e9l\u00e8ves. Si tu souhaites en faire partie, inscris-toi sur Lyrebird et acc\u00e8de \u00e0 ton profil personnel =&gt; invitations par e-mail.\r\n\r\nSi tu n&rsquo;es ni prof ni \u00e9l\u00e8ve et que tu souhaites nous aider \u00e0 faire conna\u00eetre Lyrebird, tu peux nous contacter imm\u00e9diatement en envoyant un e-mail \u00e0 <span \n                data-original-string='eBCy3\/uUZdvxAqkUWDelnw==cd1Sd1Vo74klqTlznydJGlnEPJ+vIA8mKX9DEToq44r1JmJ\/H9zexgbdUchX3sVSSrv'\n                class='apbct-email-encoder'\n                title='This contact has been encoded by Anti-Spam by CleanTalk. Click to decode. To finish the decoding make sure that JavaScript is enabled in your browser.'>ad<span class=\"apbct-blur\">***********<\/span>@<span class=\"apbct-blur\">*************<\/span>ox.com<\/span>\r\n\r\nMerci beaucoup pour ton int\u00e9r\u00eat!\t\t\t\t<\/div>\t\t\t\t<\/div>\n\t\t\t\t<\/div>\n\t\t\t\t\t<\/div>\n\t\t<\/div>\n\t\t\t\t\t<\/div>\n\t\t<\/section>\n\t\t\t\t<\/div>\n\t\t","protected":false},"excerpt":{"rendered":"<p>Partager LYREBIRD Lyrebird a des programmes de r\u00e9f\u00e9rence pour les enseignants et les \u00e9l\u00e8ves. Si tu souhaites en faire partie, inscris-toi sur Lyrebird et acc\u00e8de&hellip;<\/p>\n","protected":false},"author":1,"featured_media":0,"parent":0,"menu_order":0,"comment_status":"closed","ping_status":"closed","template":"","meta":{"_seopress_robots_primary_cat":"0","_seopress_titles_title":"","_seopress_titles_desc":"","_seopress_robots_index":"","_uag_custom_page_level_css":"","footnotes":""},"class_list":["post-4217","page","type-page","status-publish"],"uagb_featured_image_src":{"full":false,"thumbnail":false,"medium":false,"medium_large":false,"large":false,"1536x1536":false,"2048x2048":false,"post-thumbnail":false,"woocommerce_thumbnail":false,"woocommerce_single":false,"woocommerce_gallery_thumbnail":false},"uagb_author_info":{"display_name":"Lyrebird","author_link":"https:\/\/www.lyrebirdbeatbox.com\/fr\/author\/crozata\/"},"uagb_comment_info":0,"uagb_excerpt":"Partager LYREBIRD Lyrebird a des programmes de r\u00e9f\u00e9rence pour les enseignants et les \u00e9l\u00e8ves. Si tu souhaites en faire partie, inscris-toi sur Lyrebird et acc\u00e8de&hellip;","_links":{"self":[{"href":"https:\/\/www.lyrebirdbeatbox.com\/fr\/wp-json\/wp\/v2\/pages\/4217","targetHints":{"allow":["GET"]}}],"collection":[{"href":"https:\/\/www.lyrebirdbeatbox.com\/fr\/wp-json\/wp\/v2\/pages"}],"about":[{"href":"https:\/\/www.lyrebirdbeatbox.com\/fr\/wp-json\/wp\/v2\/types\/page"}],"author":[{"embeddable":true,"href":"https:\/\/www.lyrebirdbeatbox.com\/fr\/wp-json\/wp\/v2\/users\/1"}],"replies":[{"embeddable":true,"href":"https:\/\/www.lyrebirdbeatbox.com\/fr\/wp-json\/wp\/v2\/comments?post=4217"}],"version-history":[{"count":0,"href":"https:\/\/www.lyrebirdbeatbox.com\/fr\/wp-json\/wp\/v2\/pages\/4217\/revisions"}],"wp:attachment":[{"href":"https:\/\/www.lyrebirdbeatbox.com\/fr\/wp-json\/wp\/v2\/media?parent=4217"}],"curies":[{"name":"wp","href":"https:\/\/api.w.org\/{rel}","templated":true}]}}