{"id":15341,"date":"2022-03-25T19:39:51","date_gmt":"2022-03-25T18:39:51","guid":{"rendered":"https:\/\/www.lyrebirdbeatbox.com\/shop\/non%20class\u00e9\/alem-comment-maitriser-ma-technique-de-tk-cours-signature\/"},"modified":"2023-07-18T20:49:44","modified_gmt":"2023-07-18T18:49:44","slug":"alem-comment-maitriser-ma-technique-de-tk-cours-signature","status":"publish","type":"product","link":"https:\/\/www.lyrebirdbeatbox.com\/fr\/boutique\/cours-video\/cours-videos-premium\/alem-comment-maitriser-ma-technique-de-tk-cours-signature\/","title":{"rendered":"Alem : Comment maitriser ma technique de tk ? (cours signature)"},"content":{"rendered":"\n<div class=\"wp-block-presto-player-reusable-edit\"><!--presto-player:video_id=157--><figure class=\"wp-block-video presto-block-video  presto-provider-bunny\" style=\"--plyr-color-main: var(--presto-player-highlight-color, #1a5e86); --plyr-captions-background: #000000; --presto-player-logo-width: 60px; \">\n\t<presto-player \n\t\tpreset='{&quot;id&quot;:7,&quot;name&quot;:&quot;Intro courses&quot;,&quot;slug&quot;:&quot;intro-courses&quot;,&quot;icon&quot;:&quot;&quot;,&quot;skin&quot;:&quot;stacked&quot;,&quot;play-large&quot;:true,&quot;rewind&quot;:true,&quot;play&quot;:true,&quot;fast-forward&quot;:true,&quot;progress&quot;:true,&quot;current-time&quot;:true,&quot;mute&quot;:true,&quot;volume&quot;:true,&quot;speed&quot;:true,&quot;pip&quot;:true,&quot;fullscreen&quot;:true,&quot;auto_hide&quot;:true,&quot;save_player_position&quot;:true,&quot;sticky_scroll&quot;:true,&quot;hide_youtube&quot;:true,&quot;lazy_load_youtube&quot;:false,&quot;hide_logo&quot;:false,&quot;border_radius&quot;:0,&quot;caption_style&quot;:&quot;default&quot;,&quot;caption_background&quot;:&quot;#000000&quot;,&quot;is_locked&quot;:false,&quot;created_by&quot;:1,&quot;created_at&quot;:&quot;2021-04-18 13:41:49&quot;,&quot;updated_at&quot;:&quot;2021-10-12 18:22:34&quot;,&quot;deleted_at&quot;:&quot;&quot;,&quot;reset_on_end&quot;:false,&quot;email_collection&quot;:{&quot;enabled&quot;:false,&quot;behavior&quot;:&quot;pause&quot;,&quot;percentage&quot;:0,&quot;allow_skip&quot;:false,&quot;provider&quot;:&quot;&quot;,&quot;provider_list&quot;:&quot;&quot;,&quot;provider_tag&quot;:&quot;&quot;,&quot;border_radius&quot;:0,&quot;headline&quot;:&quot;&quot;,&quot;bottom_text&quot;:&quot;&quot;,&quot;button_text&quot;:&quot;&quot;},&quot;captions_enabled&quot;:true,&quot;sticky_scroll_position&quot;:&quot;&quot;,&quot;cta&quot;:{&quot;enabled&quot;:false,&quot;percentage&quot;:100,&quot;show_rewatch&quot;:true,&quot;show_skip&quot;:true,&quot;headline&quot;:&quot;&quot;,&quot;bottom_text&quot;:&quot;&quot;,&quot;show_button&quot;:true,&quot;button_text&quot;:&quot;&quot;,&quot;button_color&quot;:&quot;&quot;,&quot;button_text_color&quot;:&quot;&quot;,&quot;background_opacity&quot;:0,&quot;button_link&quot;:{&quot;id&quot;:&quot;&quot;,&quot;url&quot;:&quot;&quot;,&quot;type&quot;:&quot;&quot;,&quot;opensInNewTab&quot;:false},&quot;button_radius&quot;:0},&quot;action_bar&quot;:{&quot;enabled&quot;:false,&quot;percentage_start&quot;:0,&quot;text&quot;:&quot;Like this video?&quot;,&quot;background_color&quot;:&quot;&quot;,&quot;button_type&quot;:&quot;custom&quot;,&quot;button_count&quot;:false,&quot;button_text&quot;:&quot;Click Here&quot;,&quot;button_radius&quot;:0,&quot;button_color&quot;:&quot;&quot;,&quot;button_text_color&quot;:&quot;&quot;,&quot;button_link&quot;:{&quot;id&quot;:&quot;&quot;,&quot;url&quot;:&quot;&quot;,&quot;type&quot;:&quot;&quot;,&quot;opensInNewTab&quot;:false}},&quot;captions&quot;:true,&quot;play_video_viewport&quot;:false,&quot;watermark&quot;:{&quot;enabled&quot;:false,&quot;text&quot;:&quot;Enter your watermark text.&quot;,&quot;backgroundColor&quot;:&quot;#333&quot;,&quot;color&quot;:&quot;#fff&quot;,&quot;opacity&quot;:80,&quot;position&quot;:&quot;top-right&quot;},&quot;on_video_end&quot;:&quot;&quot;,&quot;search&quot;:[&quot;&quot;],&quot;show_time_elapsed&quot;:false}'\n\t\tbranding='{&quot;logo&quot;:&quot;https:\\\/\\\/www.lyrebirdbeatbox.com\\\/wp-content\\\/uploads\\\/2022\\\/01\\\/lyrebird-beatbox-school-logo-footer.svg&quot;,&quot;color&quot;:&quot;#1a5e86&quot;,&quot;logo_width&quot;:60}'\n\t\tchapters='[]'\n\t\toverlays='[]'\n\t\ttracks='[{&quot;src&quot;:&quot;https:\\\/\\\/www.lyrebirdbeatbox.com\\\/wp-content\\\/uploads\\\/2022\\\/03\\\/0-Alem-Signature-tk-Introduction.en_.vtt&quot;,&quot;label&quot;:&quot;English&quot;,&quot;srcLang&quot;:&quot;EN&quot;},{&quot;src&quot;:&quot;https:\\\/\\\/www.lyrebirdbeatbox.com\\\/wp-content\\\/uploads\\\/2022\\\/03\\\/0-Alem-Signature-tk-Introduction.fr_.vtt&quot;,&quot;label&quot;:&quot;Fran\\u00e7ais&quot;,&quot;srcLang&quot;:&quot;FR&quot;}]'\n\t\tblock-attributes='{&quot;playsInline&quot;:true,&quot;autoplay&quot;:true,&quot;id&quot;:157,&quot;src&quot;:&quot;https:\\\/\\\/vz-6eac1650-99a.b-cdn.net\\\/b133b3b0-e0d1-4db4-8c7a-68da86f6b187\\\/playlist.m3u8&quot;,&quot;preset&quot;:7,&quot;tracks&quot;:[{&quot;src&quot;:&quot;https:\\\/\\\/www.lyrebirdbeatbox.com\\\/wp-content\\\/uploads\\\/2022\\\/03\\\/0-Alem-Signature-tk-Introduction.en_.vtt&quot;,&quot;label&quot;:&quot;English&quot;,&quot;srcLang&quot;:&quot;EN&quot;},{&quot;src&quot;:&quot;https:\\\/\\\/www.lyrebirdbeatbox.com\\\/wp-content\\\/uploads\\\/2022\\\/03\\\/0-Alem-Signature-tk-Introduction.fr_.vtt&quot;,&quot;label&quot;:&quot;Fran\\u00e7ais&quot;,&quot;srcLang&quot;:&quot;FR&quot;}],&quot;thumbnail&quot;:&quot;https:\\\/\\\/vz-6eac1650-99a.b-cdn.net\\\/b133b3b0-e0d1-4db4-8c7a-68da86f6b187\\\/thumbnail.jpg&quot;,&quot;preview&quot;:&quot;https:\\\/\\\/vz-6eac1650-99a.b-cdn.net\\\/b133b3b0-e0d1-4db4-8c7a-68da86f6b187\\\/preview.webp&quot;,&quot;visibility&quot;:&quot;public&quot;,&quot;color&quot;:&quot;#00b3ff&quot;,&quot;mutedPreview&quot;:{&quot;enabled&quot;:false,&quot;captions&quot;:false},&quot;mutedOverlay&quot;:{&quot;enabled&quot;:false,&quot;src&quot;:&quot;&quot;,&quot;width&quot;:200,&quot;focalPoint&quot;:{&quot;x&quot;:0.5,&quot;y&quot;:0.5}},&quot;mutedOverlayType&quot;:&quot;text&quot;,&quot;mutedOverlayText&quot;:&quot;Click to play&quot;,&quot;mutedOverlayImageWidth&quot;:200,&quot;chapters&quot;:[],&quot;overlays&quot;:[],&quot;openPopupId&quot;:&quot;&quot;,&quot;title&quot;:&quot;0 - Alem - Signature tk - Introduction.mp4&quot;}'\n\t\tanalytics='1'\n\t\tautomations\t\tprovider='bunny'\n\t\t\t\tid=\"presto-player-1\"\n\t\tsrc=\"https:\/\/vz-6eac1650-99a.b-cdn.net\/b133b3b0-e0d1-4db4-8c7a-68da86f6b187\/playlist.m3u8\"\n\t\tmedia-title=\"0 - Alem - Signature tk - Introduction.mp4\"\n\t\tcss=\"\"\n\t\tclass=\"presto-video-id-157 presto-preset-id-7 skin-stacked caption-style-default\"\n\t\tskin=\"stacked\" \n\t\ticon-url=\"https:\/\/www.lyrebirdbeatbox.com\/wp-content\/plugins\/presto-player\/img\/sprite.svg\" \n\t\tpreload=\"\" \n\t\tposter=\"https:\/\/vz-6eac1650-99a.b-cdn.net\/b133b3b0-e0d1-4db4-8c7a-68da86f6b187\/thumbnail.jpg\"\n\t\tyoutube=\"{&quot;noCookie&quot;:false,&quot;channelId&quot;:&quot;&quot;,&quot;show_count&quot;:false}\"\n\t\tprovider-video-id=\"\"\n\t\tvideo-id=\"157\"\n\t\t\t\tvideo-attributes='{&quot;crossorigin&quot;:&quot;anonymous&quot;}'\n\t\tplaysinline\t\tautoplay\t\t>\n\t\t    \n\n\t<\/presto-player>\n<\/figure>\t\t<script type=\"application\/ld+json\">\n\t\t\t{\"@context\":\"https:\\\/\\\/schema.org\",\"@type\":\"VideoObject\",\"name\":\"0 - Alem - Signature tk - Introduction.mp4\",\"thumbnailUrl\":\"https:\\\/\\\/vz-6eac1650-99a.b-cdn.net\\\/b133b3b0-e0d1-4db4-8c7a-68da86f6b187\\\/thumbnail.jpg\",\"uploadDate\":\"2022-03-23T22:50:09+01:00\",\"contentUrl\":\"https:\\\/\\\/vz-6eac1650-99a.b-cdn.net\\\/b133b3b0-e0d1-4db4-8c7a-68da86f6b187\\\/playlist.m3u8\"}\t\t<\/script>\n\t\t<\/div>\n\n&#13;\n<p><strong>Niveau recommand\u00e9 :<\/strong> Interm\u00e9diaire<\/p>&#13;\n&#13;\n<p><strong>Langue :<\/strong> Anglais<\/p>&#13;\n&#13;\n<p><strong>Sous-titres disponibles :<\/strong> fran\u00e7ais, anglais.<\/p>&#13;\n&#13;\n<p><strong>Objectif :<\/strong> Ma\u00eetriser l&rsquo;une de mes techniques signatures principales et l&rsquo;adapter \u00e0 ton style.<\/p>&#13;\n&#13;\n<p>\u00a0<\/p>&#13;\n&#13;\n<p>Les le\u00e7ons sont structur\u00e9es avec des exercices pour que tu puisses apprendre pas \u00e0 pas tout les sons de beatbox que j&rsquo;utilise pour r\u00e9aliser un de mes fameux combo signatures. Tu apprendras \u00e9galement \u00e0 diversifier ce combo avec 3 variations diff\u00e9rentes afin d&rsquo;am\u00e9liorer ta technique en un temps record.<\/p>&#13;\n&#13;\n<p><strong>Pr\u00e9requis :<\/strong><\/p>&#13;\n&#13;\n<p>Pas de pr\u00e9requis n\u00e9cessaire.<\/p>&#13;\n&#13;\n<p>\u00a0<\/p>&#13;\n&#13;\n<p>Contenu :<\/p>&#13;\n&#13;\n<p>12 vid\u00e9os dont :<\/p>&#13;\n&#13;\n<ul class=\"wp-block-list\"><li>5 le\u00e7ons<\/li>&#13;\n<li>5 exercices<\/li>&#13;\n<li>1 challenge vid\u00e9o<\/li>&#13;\n<li>Acc\u00e8s au groupe Premium d&rsquo;Alem pour poser toutes les questions que tu souhaites et partager tes progr\u00e8s avec les autres \u00e9l\u00e8ves et moi-m\u00eame (Alem).<\/li>&#13;\n<\/ul>&#13;\n<p>Dans cette s\u00e9rie de tutoriels, tu vas apprendre :<\/p>&#13;\n&#13;\n<ul class=\"wp-block-list\"><li>Ma technique signature avec 3 variations :<ul><li><b>Le combo tk <\/b><\/li>&#13;\n<li><strong>Le combo ftk <\/strong><\/li>&#13;\n<li><strong>Le combo ftk&lt;K <\/strong><\/li>&#13;\n<\/ul><\/li>&#13;\n<li>Comment l&rsquo;adapter \u00e0 tes propres rythmes.<\/li>&#13;\n<\/ul>&#13;\n<p>\u00a0<\/p>&#13;\n&#13;\n<p>\u00c0 la fin de ce cours, tu seras en mesure de :<\/p>&#13;\n&#13;\n<ul class=\"wp-block-list\"><li>Reproduire de <strong>mani\u00e8re constante et avec puissance<\/strong> tous les sons que j&rsquo;utilise pour ma technique signature.<\/li>&#13;\n<li>Ma\u00eetrisez <strong>3 variations de ce combo<\/strong> pour <strong>diversifier tes rythmes.<\/strong><\/li>&#13;\n<li>Ma\u00eetrisez <strong>mon c\u00e9l\u00e8bre roulement<\/strong> et \u00eatre capable de l&rsquo;<strong>adapter \u00e0 ton style<\/strong>.<\/li>&#13;\n<\/ul>&#13;\n<p>\u00a0<\/p>&#13;\n","protected":false},"excerpt":{"rendered":"<p>Ma\u00eetrise l&rsquo;une des principales techniques signature d&rsquo;Alem et adapte-la \u00e0 ton style.<\/p>\n","protected":false},"featured_media":19303,"comment_status":"open","ping_status":"closed","template":"","meta":{"_seopress_robots_primary_cat":"0","_seopress_titles_title":"","_seopress_titles_desc":"","_seopress_robots_index":"","_uag_custom_page_level_css":""},"product_brand":[],"product_cat":[439,393],"product_tag":[],"class_list":{"0":"post-15341","1":"product","2":"type-product","3":"status-publish","4":"has-post-thumbnail","6":"product_cat-cours-video","7":"product_cat-cours-videos-premium","8":"pa_category-shop-solo-boutique","9":"pa_recommended-level-shop-intermediaire-boutique","10":"pa_teacher-shop-alem-boutique","11":"pa_type-shop-cours-video-de-beatbox-boutique","13":"first","14":"instock","15":"sale","16":"featured","17":"virtual","18":"sold-individually","19":"purchasable","20":"product-type-course"},"uagb_featured_image_src":{"full":["https:\/\/www.lyrebirdbeatbox.com\/wp-content\/uploads\/2022\/09\/comment_maitriser_ma_technique_de_tk_par_alem_cours_signature_1080.jpg",1080,1080,false],"thumbnail":["https:\/\/www.lyrebirdbeatbox.com\/wp-content\/uploads\/2022\/09\/comment_maitriser_ma_technique_de_tk_par_alem_cours_signature_1080-150x150.jpg",150,150,true],"medium":["https:\/\/www.lyrebirdbeatbox.com\/wp-content\/uploads\/2022\/09\/comment_maitriser_ma_technique_de_tk_par_alem_cours_signature_1080-300x300.jpg",300,300,true],"medium_large":["https:\/\/www.lyrebirdbeatbox.com\/wp-content\/uploads\/2022\/09\/comment_maitriser_ma_technique_de_tk_par_alem_cours_signature_1080-768x768.jpg",640,640,true],"large":["https:\/\/www.lyrebirdbeatbox.com\/wp-content\/uploads\/2022\/09\/comment_maitriser_ma_technique_de_tk_par_alem_cours_signature_1080-1024x1024.jpg",640,640,true],"1536x1536":["https:\/\/www.lyrebirdbeatbox.com\/wp-content\/uploads\/2022\/09\/comment_maitriser_ma_technique_de_tk_par_alem_cours_signature_1080.jpg",1080,1080,false],"2048x2048":["https:\/\/www.lyrebirdbeatbox.com\/wp-content\/uploads\/2022\/09\/comment_maitriser_ma_technique_de_tk_par_alem_cours_signature_1080.jpg",1080,1080,false],"post-thumbnail":["https:\/\/www.lyrebirdbeatbox.com\/wp-content\/uploads\/2022\/09\/comment_maitriser_ma_technique_de_tk_par_alem_cours_signature_1080-624x624.jpg",624,624,true],"woocommerce_thumbnail":["https:\/\/www.lyrebirdbeatbox.com\/wp-content\/uploads\/2022\/09\/comment_maitriser_ma_technique_de_tk_par_alem_cours_signature_1080-400x400.jpg",400,400,true],"woocommerce_single":["https:\/\/www.lyrebirdbeatbox.com\/wp-content\/uploads\/2022\/09\/comment_maitriser_ma_technique_de_tk_par_alem_cours_signature_1080-600x600.jpg",600,600,true],"woocommerce_gallery_thumbnail":["https:\/\/www.lyrebirdbeatbox.com\/wp-content\/uploads\/2022\/09\/comment_maitriser_ma_technique_de_tk_par_alem_cours_signature_1080-100x100.jpg",100,100,true]},"uagb_author_info":{"display_name":"Jabe","author_link":"https:\/\/www.lyrebirdbeatbox.com\/fr\/author\/"},"uagb_comment_info":0,"uagb_excerpt":"Ma\u00eetrise l'une des principales techniques signature d'Alem et adapte-la \u00e0 ton style.","_links":{"self":[{"href":"https:\/\/www.lyrebirdbeatbox.com\/fr\/wp-json\/wp\/v2\/product\/15341","targetHints":{"allow":["GET"]}}],"collection":[{"href":"https:\/\/www.lyrebirdbeatbox.com\/fr\/wp-json\/wp\/v2\/product"}],"about":[{"href":"https:\/\/www.lyrebirdbeatbox.com\/fr\/wp-json\/wp\/v2\/types\/product"}],"replies":[{"embeddable":true,"href":"https:\/\/www.lyrebirdbeatbox.com\/fr\/wp-json\/wp\/v2\/comments?post=15341"}],"wp:featuredmedia":[{"embeddable":true,"href":"https:\/\/www.lyrebirdbeatbox.com\/fr\/wp-json\/wp\/v2\/media\/19303"}],"wp:attachment":[{"href":"https:\/\/www.lyrebirdbeatbox.com\/fr\/wp-json\/wp\/v2\/media?parent=15341"}],"wp:term":[{"taxonomy":"product_brand","embeddable":true,"href":"https:\/\/www.lyrebirdbeatbox.com\/fr\/wp-json\/wp\/v2\/product_brand?post=15341"},{"taxonomy":"product_cat","embeddable":true,"href":"https:\/\/www.lyrebirdbeatbox.com\/fr\/wp-json\/wp\/v2\/product_cat?post=15341"},{"taxonomy":"product_tag","embeddable":true,"href":"https:\/\/www.lyrebirdbeatbox.com\/fr\/wp-json\/wp\/v2\/product_tag?post=15341"}],"curies":[{"name":"wp","href":"https:\/\/api.w.org\/{rel}","templated":true}]}}