{"id":18680,"date":"2022-08-15T16:03:15","date_gmt":"2022-08-15T14:03:15","guid":{"rendered":"https:\/\/www.lyrebirdbeatbox.com\/?post_type=product&#038;p=18680"},"modified":"2025-05-31T23:45:50","modified_gmt":"2025-05-31T21:45:50","slug":"travailler-en-tant-que-tag-team-de-beatbox-avec-middle-school","status":"publish","type":"product","link":"https:\/\/www.lyrebirdbeatbox.com\/fr\/boutique\/cours-video\/rediffusions-de-masterclass\/travailler-en-tant-que-tag-team-de-beatbox-avec-middle-school\/","title":{"rendered":"Travailler en tant que Tag-Team de beatbox avec Middle School (Replay)"},"content":{"rendered":"\n<div class=\"wp-block-group\"><div class=\"wp-block-group__inner-container is-layout-constrained wp-block-group-is-layout-constrained\">\n<h2 class=\"wp-block-heading has-text-align-center\">INFOS CL\u00c9S :<\/h2>\n\n\n\n<p>\ud83d\udd16 Atelier en ligne d&rsquo;une heure (replay) + Session de questions-r\u00e9ponses <br\/>\ud83c\udf10\ud83c\uddec\ud83c\udde7 Anglais <br\/>\u25b6\ufe0f Acc\u00e8s \u00e0 vie au replay <br\/>\ud83d\udcb2 19,99\u20ac<\/p>\n\n\n\n\n\n\n\n<p>Tu manques d&rsquo;inspiration pour construire de nouveaux rounds avec ton partenaire de tag-team ? Vous avez des difficult\u00e9s \u00e0 vous entra\u00eener ensemble ? Vous voulez apprendre \u00e0 construire des patterns de tag-team originaux et efficaces ?<\/p>\n\n\n\n<p>Pour la premi\u00e8re fois dans l&rsquo;histoire, rejoins notre masterclass exclusive avec Middle School (champions de la World League du Grand Beatbox Battle 21 dans la cat\u00e9gorie tag-team) et d\u00e9bloque ta cr\u00e9ativit\u00e9 en tag-team de beatbox en un rien de temps !<\/p>\n\n\n\n<h2 class=\"wp-block-heading has-text-align-center\">Quel est le th\u00e8me de cette masterclass ?<\/h2>\n\n\n\n<p>Apprends directement avec FootboxG et Supernova leurs meilleures astuces pour pratiquer, trouver de nouvelles id\u00e9es et composer des rythmes originaux en duo de beatbox !<\/p>\n\n\n\n<p>Tu auras \u00e9galement la possibilit\u00e9 de poser toutes les questions que tu souhaites (en rapport avec le sujet) dans la section des commentaires afin d&rsquo;obtenir un retour en direct de leur part et de celle de la communaut\u00e9.<\/p>\n\n\n\n<h2 class=\"wp-block-heading has-text-align-center\">\u00c0 qui s&rsquo;adresse ce cours ?<\/h2>\n\n\n\n<p>Tous niveaux<\/p>\n\n\n\n<p>Surtout pour les beatboxeurs qui ont d\u00e9j\u00e0 un partenaire de tag-team ou qui pr\u00e9voient d&rsquo;en avoir un.<\/p>\n\n\n\n<p>Vue d&rsquo;ensemble de la classe :<\/p>\n\n\n\n<ol class=\"wp-block-list\">\n<li>Pr\u00e9sentation rapide<\/li>\n\n\n\n<li>Comment travailler en tag-team beatbox<\/li>\n\n\n\n<li>Exercice pratique sur la composition de patterns en tag-team<\/li>\n\n\n\n<li>Session de questions-r\u00e9ponses<\/li>\n<\/ol>\n\n\n\n<h2 class=\"wp-block-heading\">\u00c0 propos de Middle School \ud83c\udde7\ud83c\uddea \u2013 Champions Tag-team GBB &#8211; World League 21<\/h2>\n\n\n\n<p>D\u00e9finition de la synergie : Mise en commun de ressources qui se renforcent mutuellement pour atteindre un m\u00eame objectif.<\/p>\n\n\n\n<p>Une autre d\u00e9finition pourrait \u00eatre Middle School, tant l&rsquo;entente musicale entre les deux artistes de notre tag-team belge pr\u00e9f\u00e9r\u00e9e est magique.<\/p>\n\n\n\n<p>Compos\u00e9s de deux beatboxeurs professionnels de renomm\u00e9e mondiale, FootboxG et Supernova \ud83c\udde7\ud83c\uddea ont des styles si diff\u00e9rents mais uniques qui se marient incroyablement bien ensemble.<\/p>\n\n\n\n<p>\ud83e\udd47 Champions de la ligue mondiale Grand Beatbox Battle 2021 &#8211; cat\u00e9gorie Tag-team, \ud83e\udd48 Vice-champions lors de l&rsquo;\u00e9dition pr\u00e9c\u00e9dente, Middle School est d\u00e9finitivement le duo de beatbox \u00e0 suivre cette ann\u00e9e avec leurs combos de spit snares de l\u2019espace, leurs patterns fous et leur propret\u00e9 in\u00e9gal\u00e9e.<\/p>\n\n\n\n<p>Tous deux sont \u00e9galement professeurs de beatbox depuis de nombreuses ann\u00e9es, passionn\u00e9s par le partage de leurs exp\u00e9riences et de leurs connaissances aux amateurs de beatbox quel que soit leur niveau d&rsquo;exp\u00e9rience.<\/p>\n\n\n\n<ul class=\"wp-block-social-links has-visible-labels is-horizontal is-content-justification-center is-layout-flex wp-container-core-social-links-is-layout-03627597 wp-block-social-links-is-layout-flex\"><li class=\"wp-social-link wp-social-link-facebook  wp-block-social-link\"><a href=\"https:\/\/www.facebook.com\/people\/Middle-School-Beatbox\/100063489433528\/\" class=\"wp-block-social-link-anchor\"><svg width=\"24\" height=\"24\" viewBox=\"0 0 24 24\" version=\"1.1\" xmlns=\"http:\/\/www.w3.org\/2000\/svg\" aria-hidden=\"true\" focusable=\"false\"><path d=\"M12 2C6.5 2 2 6.5 2 12c0 5 3.7 9.1 8.4 9.9v-7H7.9V12h2.5V9.8c0-2.5 1.5-3.9 3.8-3.9 1.1 0 2.2.2 2.2.2v2.5h-1.3c-1.2 0-1.6.8-1.6 1.6V12h2.8l-.4 2.9h-2.3v7C18.3 21.1 22 17 22 12c0-5.5-4.5-10-10-10z\"><\/path><\/svg><span class=\"wp-block-social-link-label\">Facebook Middle School Beatbox<\/span><\/a><\/li>\n\n<li class=\"wp-social-link wp-social-link-instagram  wp-block-social-link\"><a href=\"https:\/\/www.instagram.com\/middle_school_beatbox\/\" class=\"wp-block-social-link-anchor\"><svg width=\"24\" height=\"24\" viewBox=\"0 0 24 24\" version=\"1.1\" xmlns=\"http:\/\/www.w3.org\/2000\/svg\" aria-hidden=\"true\" focusable=\"false\"><path d=\"M12,4.622c2.403,0,2.688,0.009,3.637,0.052c0.877,0.04,1.354,0.187,1.671,0.31c0.42,0.163,0.72,0.358,1.035,0.673 c0.315,0.315,0.51,0.615,0.673,1.035c0.123,0.317,0.27,0.794,0.31,1.671c0.043,0.949,0.052,1.234,0.052,3.637 s-0.009,2.688-0.052,3.637c-0.04,0.877-0.187,1.354-0.31,1.671c-0.163,0.42-0.358,0.72-0.673,1.035 c-0.315,0.315-0.615,0.51-1.035,0.673c-0.317,0.123-0.794,0.27-1.671,0.31c-0.949,0.043-1.233,0.052-3.637,0.052 s-2.688-0.009-3.637-0.052c-0.877-0.04-1.354-0.187-1.671-0.31c-0.42-0.163-0.72-0.358-1.035-0.673 c-0.315-0.315-0.51-0.615-0.673-1.035c-0.123-0.317-0.27-0.794-0.31-1.671C4.631,14.688,4.622,14.403,4.622,12 s0.009-2.688,0.052-3.637c0.04-0.877,0.187-1.354,0.31-1.671c0.163-0.42,0.358-0.72,0.673-1.035 c0.315-0.315,0.615-0.51,1.035-0.673c0.317-0.123,0.794-0.27,1.671-0.31C9.312,4.631,9.597,4.622,12,4.622 M12,3 C9.556,3,9.249,3.01,8.289,3.054C7.331,3.098,6.677,3.25,6.105,3.472C5.513,3.702,5.011,4.01,4.511,4.511 c-0.5,0.5-0.808,1.002-1.038,1.594C3.25,6.677,3.098,7.331,3.054,8.289C3.01,9.249,3,9.556,3,12c0,2.444,0.01,2.751,0.054,3.711 c0.044,0.958,0.196,1.612,0.418,2.185c0.23,0.592,0.538,1.094,1.038,1.594c0.5,0.5,1.002,0.808,1.594,1.038 c0.572,0.222,1.227,0.375,2.185,0.418C9.249,20.99,9.556,21,12,21s2.751-0.01,3.711-0.054c0.958-0.044,1.612-0.196,2.185-0.418 c0.592-0.23,1.094-0.538,1.594-1.038c0.5-0.5,0.808-1.002,1.038-1.594c0.222-0.572,0.375-1.227,0.418-2.185 C20.99,14.751,21,14.444,21,12s-0.01-2.751-0.054-3.711c-0.044-0.958-0.196-1.612-0.418-2.185c-0.23-0.592-0.538-1.094-1.038-1.594 c-0.5-0.5-1.002-0.808-1.594-1.038c-0.572-0.222-1.227-0.375-2.185-0.418C14.751,3.01,14.444,3,12,3L12,3z M12,7.378 c-2.552,0-4.622,2.069-4.622,4.622S9.448,16.622,12,16.622s4.622-2.069,4.622-4.622S14.552,7.378,12,7.378z M12,15 c-1.657,0-3-1.343-3-3s1.343-3,3-3s3,1.343,3,3S13.657,15,12,15z M16.804,6.116c-0.596,0-1.08,0.484-1.08,1.08 s0.484,1.08,1.08,1.08c0.596,0,1.08-0.484,1.08-1.08S17.401,6.116,16.804,6.116z\"><\/path><\/svg><span class=\"wp-block-social-link-label\">Instagram @middle_school_beatbox<\/span><\/a><\/li><\/ul>\n<\/div><\/div>\n\n<p class=\"product woocommerce add_to_cart_inline \" style=\"border:4px solid #ccc; padding: 12px;\"><span class=\"woocommerce-Price-amount amount\"><bdi>19,99<span class=\"woocommerce-Price-currencySymbol\">&euro;<\/span><\/bdi><\/span><a href=\"\/fr\/wp-json\/wp\/v2\/product\/18680?add-to-cart=18681\" aria-describedby=\"woocommerce_loop_add_to_cart_link_describedby_18681\" data-quantity=\"1\" class=\"button product_type_simple add_to_cart_button ajax_add_to_cart\" data-product_id=\"18681\" data-product_sku=\"\" aria-label=\"Ajouter au panier\u00a0: &ldquo;Work as a beatbox Tag Team with Middle School (Replay)&rdquo;\" rel=\"nofollow\" data-success_message=\"\u00ab\u00a0Work as a beatbox Tag Team with Middle School (Replay)\u00a0\u00bb a \u00e9t\u00e9 ajout\u00e9 \u00e0 votre panier\">Ajouter au panier<\/a>\t<span id=\"woocommerce_loop_add_to_cart_link_describedby_18681\" class=\"screen-reader-text\">\n\t\t\t<\/span>\n<\/p>\n","protected":false},"excerpt":{"rendered":"<p>Apprenez le beatbox en duo avec Middle School (champions Grand Beatbox Battle 2021) ! \ud83c\udfa4\ud83d\udd25<\/p>\n<p>Acc\u00e8s \u00e0 vie \u00e0 cette rediffusion d&rsquo;une heure + des questions-r\u00e9ponses.<\/p>\n<p>Am\u00e9liorez vos comp\u00e9tences en duo!<\/p>\n","protected":false},"featured_media":44169,"comment_status":"open","ping_status":"closed","template":"","meta":{"_seopress_robots_primary_cat":"none","_seopress_titles_title":"Beatbox Tag-Team Masterclass Replay with Middle School","_seopress_titles_desc":"Learn tag-team beatbox with Middle School (GBB 21 Champs)! \ud83c\udfa4\ud83d\udd25 Get lifetime access to this 1-hour replay + Q&A. Boost your duo skills!","_seopress_robots_index":"","_uag_custom_page_level_css":""},"product_brand":[],"product_cat":[439,560],"product_tag":[381,816,546,901,807,379,792,817,383,900,800,897,806,860],"class_list":{"0":"post-18680","1":"product","2":"type-product","3":"status-publish","4":"has-post-thumbnail","6":"product_cat-cours-video","7":"product_cat-rediffusions-de-masterclass","8":"product_tag-beatbox-fr","9":"product_tag-beatboxing-fr","10":"product_tag-confirme","11":"product_tag-cours-fr","12":"product_tag-cours-video","13":"product_tag-debutant","14":"product_tag-footboxg-fr","15":"product_tag-human-beatbox-fr","16":"product_tag-intermediaire","17":"product_tag-masterclass-fr","18":"product_tag-middle-school-fr","19":"product_tag-supernova-fr","20":"product_tag-tag-team-fr","21":"product_tag-tous-niveaux","22":"pa_audio-language-shop-audio-anglais-boutique","23":"pa_category-shop-tag-team-boutique","24":"pa_recommended-level-shop-confirme-boutique","25":"pa_recommended-level-shop-debutant-boutique","26":"pa_recommended-level-shop-intermediaire-boutique","27":"pa_recommended-level-shop-tous-niveaux-boutique","28":"pa_subtitles-language-shop-indisponible","29":"pa_teacher-shop-footboxg-boutique","30":"pa_teacher-shop-middle-school-boutique","31":"pa_teacher-shop-supernova-boutique","32":"pa_type-shop-cours-video-de-beatbox-boutique","34":"first","35":"instock","36":"virtual","37":"sold-individually","38":"purchasable","39":"product-type-simple"},"uagb_featured_image_src":{"full":["https:\/\/www.lyrebirdbeatbox.com\/wp-content\/uploads\/middle_school-travailler_en_tag_team_beatbox-replay_masterclass.webp",1080,1080,false],"thumbnail":["https:\/\/www.lyrebirdbeatbox.com\/wp-content\/uploads\/middle_school-travailler_en_tag_team_beatbox-replay_masterclass-150x150.webp",150,150,true],"medium":["https:\/\/www.lyrebirdbeatbox.com\/wp-content\/uploads\/middle_school-travailler_en_tag_team_beatbox-replay_masterclass-300x300.webp",300,300,true],"medium_large":["https:\/\/www.lyrebirdbeatbox.com\/wp-content\/uploads\/middle_school-travailler_en_tag_team_beatbox-replay_masterclass-768x768.webp",640,640,true],"large":["https:\/\/www.lyrebirdbeatbox.com\/wp-content\/uploads\/middle_school-travailler_en_tag_team_beatbox-replay_masterclass-1024x1024.webp",640,640,true],"1536x1536":["https:\/\/www.lyrebirdbeatbox.com\/wp-content\/uploads\/middle_school-travailler_en_tag_team_beatbox-replay_masterclass.webp",1080,1080,false],"2048x2048":["https:\/\/www.lyrebirdbeatbox.com\/wp-content\/uploads\/middle_school-travailler_en_tag_team_beatbox-replay_masterclass.webp",1080,1080,false],"post-thumbnail":["https:\/\/www.lyrebirdbeatbox.com\/wp-content\/uploads\/middle_school-travailler_en_tag_team_beatbox-replay_masterclass-624x624.webp",624,624,true],"woocommerce_thumbnail":["https:\/\/www.lyrebirdbeatbox.com\/wp-content\/uploads\/middle_school-travailler_en_tag_team_beatbox-replay_masterclass-400x400.webp",400,400,true],"woocommerce_single":["https:\/\/www.lyrebirdbeatbox.com\/wp-content\/uploads\/middle_school-travailler_en_tag_team_beatbox-replay_masterclass-600x600.webp",600,600,true],"woocommerce_gallery_thumbnail":["https:\/\/www.lyrebirdbeatbox.com\/wp-content\/uploads\/middle_school-travailler_en_tag_team_beatbox-replay_masterclass-100x100.webp",100,100,true]},"uagb_author_info":{"display_name":"Jabe","author_link":"https:\/\/www.lyrebirdbeatbox.com\/fr\/author\/"},"uagb_comment_info":0,"uagb_excerpt":"Apprenez le beatbox en duo avec Middle School (champions Grand Beatbox Battle 2021) ! \ud83c\udfa4\ud83d\udd25 Acc\u00e8s \u00e0 vie \u00e0 cette rediffusion d'une heure + des questions-r\u00e9ponses. Am\u00e9liorez vos comp\u00e9tences en duo!","_links":{"self":[{"href":"https:\/\/www.lyrebirdbeatbox.com\/fr\/wp-json\/wp\/v2\/product\/18680","targetHints":{"allow":["GET"]}}],"collection":[{"href":"https:\/\/www.lyrebirdbeatbox.com\/fr\/wp-json\/wp\/v2\/product"}],"about":[{"href":"https:\/\/www.lyrebirdbeatbox.com\/fr\/wp-json\/wp\/v2\/types\/product"}],"replies":[{"embeddable":true,"href":"https:\/\/www.lyrebirdbeatbox.com\/fr\/wp-json\/wp\/v2\/comments?post=18680"}],"wp:featuredmedia":[{"embeddable":true,"href":"https:\/\/www.lyrebirdbeatbox.com\/fr\/wp-json\/wp\/v2\/media\/44169"}],"wp:attachment":[{"href":"https:\/\/www.lyrebirdbeatbox.com\/fr\/wp-json\/wp\/v2\/media?parent=18680"}],"wp:term":[{"taxonomy":"product_brand","embeddable":true,"href":"https:\/\/www.lyrebirdbeatbox.com\/fr\/wp-json\/wp\/v2\/product_brand?post=18680"},{"taxonomy":"product_cat","embeddable":true,"href":"https:\/\/www.lyrebirdbeatbox.com\/fr\/wp-json\/wp\/v2\/product_cat?post=18680"},{"taxonomy":"product_tag","embeddable":true,"href":"https:\/\/www.lyrebirdbeatbox.com\/fr\/wp-json\/wp\/v2\/product_tag?post=18680"}],"curies":[{"name":"wp","href":"https:\/\/api.w.org\/{rel}","templated":true}]}}