{"id":19342,"date":"2021-08-03T15:36:24","date_gmt":"2021-08-03T13:36:24","guid":{"rendered":"https:\/\/www.lyrebirdbeatbox.com\/shop\/non%20class\u00e9\/comment-respirer-correctement-en-beatboxant-avec-keumart-cours-premium\/"},"modified":"2022-09-01T05:55:42","modified_gmt":"2022-09-01T03:55:42","slug":"comment-respirer-correctement-en-beatboxant-avec-keumart-cours-premium","status":"publish","type":"product","link":"https:\/\/www.lyrebirdbeatbox.com\/fr\/boutique\/cours-video\/cours-videos-premium\/comment-respirer-correctement-en-beatboxant-avec-keumart-cours-premium\/","title":{"rendered":"Comment respirer correctement en beatboxant ? avec Keumart (cours premium)"},"content":{"rendered":"<p><strong>Niveau recommand\u00e9 : <\/strong>D\u00e9butant<\/p>\n<p><strong>Langue :<\/strong>\u00a0Fran\u00e7ais.<\/p>\n<p><strong>Sous-titres disponibles :<\/strong>\u00a0Fran\u00e7ais, Anglais.<\/p>\n<p><strong>Objectif :<\/strong>\u00a0Apprends \u00e0 respirer en beatboxant en m\u00eame temps.<\/p>\n<p>&nbsp;<\/p>\n<p>Les cours sont structur\u00e9s pour apprendre \u00e9tape par \u00e9tape les techniques les plus efficaces pour respirer en beatbox.<\/p>\n<p>Tu seras alors capable de produire des rythmes de mani\u00e8re continu et avec r\u00e9gularit\u00e9 tout en respirant en m\u00eame temps.<\/p>\n<p>Ce cours complet est la deuxi\u00e8me partie du programme d\u2019apprentissage de Lyrebird pour les d\u00e9butants appel\u00e9 \u201cFormation PTK\u201d (en collaboration avec Keumart).<\/p>\n<p><strong>Contenu :<\/strong><\/p>\n<ul>\n<li>6 vid\u00e9os dont :\n<ul>\n<li>5 le\u00e7ons avec exercices<\/li>\n<\/ul>\n<\/li>\n<li>19 minutes<\/li>\n<li>1 quizz<\/li>\n<li>Acc\u00e8s au groupe priv\u00e9 de Keumart pour poser toutes les questions que tu pourrais avoir et partager tes progr\u00e8s avec d\u2019autres \u00e9l\u00e8ves.<\/li>\n<\/ul>\n<p>Dans cette s\u00e9rie de tutoriels tu vas apprendre :<\/p>\n<ul>\n<li>3 techniques pour respirer en beatboxant :\n<ul>\n<li><strong>La micro-respiration<\/strong><\/li>\n<li><strong>La respiration continue<\/strong><\/li>\n<li><strong>Les sons inspir\u00e9s<\/strong><\/li>\n<\/ul>\n<\/li>\n<li>2 mani\u00e8res diff\u00e9rentes de produire des sons en beatbox<\/li>\n<li>La diff\u00e9rence entre les sons inwards et outwards<\/li>\n<\/ul>\n<p>\u00c0 la fin du cours tu devrais \u00eatre capable de :<\/p>\n<ul>\n<li>Produire des rythmes avec des sons et techniques appropri\u00e9s pour garder une bonne ma\u00eetrise de ton air.<\/li>\n<li>Am\u00e9liorer la consistence et la puissance de tes sons<\/li>\n<li>Produire des sons inwards et outwards avec les m\u00eames muscles de ta bouche ou de tes poumons<\/li>\n<\/ul>\n","protected":false},"excerpt":{"rendered":"<p>Objectif : Apprends \u00e0 respirer en beatboxant en m\u00eame temps.<\/p>\n","protected":false},"featured_media":26270,"comment_status":"open","ping_status":"closed","template":"","meta":{"_seopress_robots_primary_cat":"0","_seopress_titles_title":"","_seopress_titles_desc":"","_seopress_robots_index":"","_uag_custom_page_level_css":""},"product_brand":[],"product_cat":[439,393,541,385],"product_tag":[],"class_list":{"0":"post-19342","1":"product","2":"type-product","3":"status-publish","4":"has-post-thumbnail","6":"product_cat-cours-video","7":"product_cat-cours-videos-premium","8":"product_cat-programme-debutant","9":"product_cat-programmes-fr","10":"pa_recommended-level-shop-debutant-boutique","11":"pa_teacher-shop-keumart-boutique","13":"first","14":"instock","15":"sale","16":"virtual","17":"sold-individually","18":"purchasable","19":"product-type-course"},"uagb_featured_image_src":{"full":["https:\/\/www.lyrebirdbeatbox.com\/wp-content\/uploads\/2023\/09\/keumart-ptk2-respirer_en_beatboxant-1080x1080-1.jpg",1080,1080,false],"thumbnail":["https:\/\/www.lyrebirdbeatbox.com\/wp-content\/uploads\/2023\/09\/keumart-ptk2-respirer_en_beatboxant-1080x1080-1-150x150.jpg",150,150,true],"medium":["https:\/\/www.lyrebirdbeatbox.com\/wp-content\/uploads\/2023\/09\/keumart-ptk2-respirer_en_beatboxant-1080x1080-1-300x300.jpg",300,300,true],"medium_large":["https:\/\/www.lyrebirdbeatbox.com\/wp-content\/uploads\/2023\/09\/keumart-ptk2-respirer_en_beatboxant-1080x1080-1-768x768.jpg",640,640,true],"large":["https:\/\/www.lyrebirdbeatbox.com\/wp-content\/uploads\/2023\/09\/keumart-ptk2-respirer_en_beatboxant-1080x1080-1-1024x1024.jpg",640,640,true],"1536x1536":["https:\/\/www.lyrebirdbeatbox.com\/wp-content\/uploads\/2023\/09\/keumart-ptk2-respirer_en_beatboxant-1080x1080-1.jpg",1080,1080,false],"2048x2048":["https:\/\/www.lyrebirdbeatbox.com\/wp-content\/uploads\/2023\/09\/keumart-ptk2-respirer_en_beatboxant-1080x1080-1.jpg",1080,1080,false],"post-thumbnail":["https:\/\/www.lyrebirdbeatbox.com\/wp-content\/uploads\/2023\/09\/keumart-ptk2-respirer_en_beatboxant-1080x1080-1-624x624.jpg",624,624,true],"woocommerce_thumbnail":["https:\/\/www.lyrebirdbeatbox.com\/wp-content\/uploads\/2023\/09\/keumart-ptk2-respirer_en_beatboxant-1080x1080-1-400x400.jpg",400,400,true],"woocommerce_single":["https:\/\/www.lyrebirdbeatbox.com\/wp-content\/uploads\/2023\/09\/keumart-ptk2-respirer_en_beatboxant-1080x1080-1-600x600.jpg",600,600,true],"woocommerce_gallery_thumbnail":["https:\/\/www.lyrebirdbeatbox.com\/wp-content\/uploads\/2023\/09\/keumart-ptk2-respirer_en_beatboxant-1080x1080-1-100x100.jpg",100,100,true]},"uagb_author_info":{"display_name":"Jabe","author_link":"https:\/\/www.lyrebirdbeatbox.com\/fr\/author\/"},"uagb_comment_info":0,"uagb_excerpt":"Objectif : Apprends \u00e0 respirer en beatboxant en m\u00eame temps.","_links":{"self":[{"href":"https:\/\/www.lyrebirdbeatbox.com\/fr\/wp-json\/wp\/v2\/product\/19342","targetHints":{"allow":["GET"]}}],"collection":[{"href":"https:\/\/www.lyrebirdbeatbox.com\/fr\/wp-json\/wp\/v2\/product"}],"about":[{"href":"https:\/\/www.lyrebirdbeatbox.com\/fr\/wp-json\/wp\/v2\/types\/product"}],"replies":[{"embeddable":true,"href":"https:\/\/www.lyrebirdbeatbox.com\/fr\/wp-json\/wp\/v2\/comments?post=19342"}],"wp:featuredmedia":[{"embeddable":true,"href":"https:\/\/www.lyrebirdbeatbox.com\/fr\/wp-json\/wp\/v2\/media\/26270"}],"wp:attachment":[{"href":"https:\/\/www.lyrebirdbeatbox.com\/fr\/wp-json\/wp\/v2\/media?parent=19342"}],"wp:term":[{"taxonomy":"product_brand","embeddable":true,"href":"https:\/\/www.lyrebirdbeatbox.com\/fr\/wp-json\/wp\/v2\/product_brand?post=19342"},{"taxonomy":"product_cat","embeddable":true,"href":"https:\/\/www.lyrebirdbeatbox.com\/fr\/wp-json\/wp\/v2\/product_cat?post=19342"},{"taxonomy":"product_tag","embeddable":true,"href":"https:\/\/www.lyrebirdbeatbox.com\/fr\/wp-json\/wp\/v2\/product_tag?post=19342"}],"curies":[{"name":"wp","href":"https:\/\/api.w.org\/{rel}","templated":true}]}}