{"id":19360,"date":"2021-08-16T10:01:48","date_gmt":"2021-08-16T08:01:48","guid":{"rendered":"https:\/\/www.lyrebirdbeatbox.com\/shop\/non%20class\u00e9\/comment-commencer-le-beatbox-a-partir-de-zero-avec-keumart-cours-premium\/"},"modified":"2025-07-25T19:12:08","modified_gmt":"2025-07-25T17:12:08","slug":"comment-commencer-le-beatbox-a-partir-de-zero-avec-keumart-cours-premium","status":"publish","type":"product","link":"https:\/\/www.lyrebirdbeatbox.com\/fr\/boutique\/cours-video\/cours-videos-premium\/comment-commencer-le-beatbox-a-partir-de-zero-avec-keumart-cours-premium\/","title":{"rendered":"Comment commencer le beatbox a partir de zero ? avec Keumart (cours premium)"},"content":{"rendered":"<p><strong>Niveau recommand\u00e9 :<\/strong>\u00a0D\u00e9butant<\/p>\n<p><strong>Langue :<\/strong>\u00a0Fran\u00e7ais<\/p>\n<p><strong>Sous-titres disponibles :<\/strong>\u00a0Fran\u00e7ais, Anglais.<\/p>\n<p><strong>Objectif :\u00a0<\/strong>Apprendre les bases du beatbox pour commencer \u00e0 cr\u00e9er tes propres rythmes.<\/p>\n<p>&nbsp;<\/p>\n<p>Les le\u00e7ons sont organis\u00e9es pour que tu apprennes \u00e9tape par \u00e9tape d\u2019o\u00f9 vient le Human Beatbox et comment devenir un beatboxer avec des bases solides en peu de temps.<\/p>\n<p>&nbsp;<\/p>\n<p>Ce cours complet de d\u00e9marrage fait partie du programme d\u2019apprentissage pour d\u00e9butants de Lyrebird, appel\u00e9 \u201cFormation PTK\u201d (en collaboration avec Keumart).<\/p>\n<p><strong>Contenu :<\/strong><\/p>\n<ul>\n<li>36 vid\u00e9os dont :\n<ul>\n<li>14 le\u00e7ons<\/li>\n<li>19 exercices<\/li>\n<\/ul>\n<\/li>\n<li>90 minutes<\/li>\n<li>1 quizz<\/li>\n<li>Acc\u00e8s au groupe Premium de Keumart pour poser toutes les questions que tu souhaites et partager tes progr\u00e8s avec d&rsquo;autres \u00e9l\u00e8ves.<\/li>\n<\/ul>\n<p>Dans cette s\u00e9rie de tutoriels avec exercices tu vas apprendre :<\/p>\n<ul>\n<li>4 sons fondamentaux et leurs variations :\n<ul>\n<li><b>La grosse caisse (kick drum)<\/b><\/li>\n<li><b>Variation de grosse caisse<\/b><\/li>\n<li><b>Charley (hi-hat)<\/b><\/li>\n<li><b>Variation du charley<\/b><\/li>\n<li><b>Caisse claire PF expir\u00e9e (Outward PF snare)<\/b><\/li>\n<li><b>Inward K snare\u00a0<\/b><\/li>\n<\/ul>\n<\/li>\n<li>3 rythmes simples pour commencer le beatbox<\/li>\n<li>Une br\u00e8ve introduction au solf\u00e8ge: Qu\u2019est-ce que les silences et les temps forts signifient en musique<\/li>\n<li>BONUS: Un conseil personnel de Keumart<\/li>\n<\/ul>\n<p>A la fin du module 1 tu devrais \u00eatre capable de :<\/p>\n<ul>\n<li>Reproduire les sons de base du beatbox de fa\u00e7on pr\u00e9cise et dynamique:\u00a0<strong>Kick drum<\/strong>,\u00a0<strong>hi-hat<\/strong>\u00a0et\u00a0<strong>snare<\/strong>.<\/li>\n<li>Reproduire n\u2019importe quel rythme de batterie avec les sons de base<\/li>\n<li>Entra\u00eener tes sons de base par toi-m\u00eame pour gagner en pr\u00e9cision et puissance gr\u00e2ce \u00e0 de multiples vid\u00e9o d\u2019exercices<\/li>\n<li>Conna\u00eetre quelques concepts fondamentaux en solf\u00e8ge<\/li>\n<\/ul>\n","protected":false},"excerpt":{"rendered":"<p>Objectif : Apprends a construire tes premiers rythmes \u00e0 partir de z\u00e9ro.<\/p>\n","protected":false},"featured_media":31448,"comment_status":"open","ping_status":"closed","template":"","meta":{"_seopress_robots_primary_cat":"none","_seopress_titles_title":"","_seopress_titles_desc":"","_seopress_robots_index":"","_uag_custom_page_level_css":""},"product_brand":[],"product_cat":[439,393,541,385],"product_tag":[],"class_list":{"0":"post-19360","1":"product","2":"type-product","3":"status-publish","4":"has-post-thumbnail","6":"product_cat-cours-video","7":"product_cat-cours-videos-premium","8":"product_cat-programme-debutant","9":"product_cat-programmes-fr","11":"first","12":"instock","13":"sale","14":"virtual","15":"sold-individually","16":"taxable","17":"purchasable","18":"product-type-course"},"uagb_featured_image_src":{"full":["https:\/\/www.lyrebirdbeatbox.com\/wp-content\/uploads\/2024\/05\/keumart-le_beatbox_a_partr_de_zero-1080x1080-1.png",1080,1080,false],"thumbnail":["https:\/\/www.lyrebirdbeatbox.com\/wp-content\/uploads\/2024\/05\/keumart-le_beatbox_a_partr_de_zero-1080x1080-1-150x150.png",150,150,true],"medium":["https:\/\/www.lyrebirdbeatbox.com\/wp-content\/uploads\/2024\/05\/keumart-le_beatbox_a_partr_de_zero-1080x1080-1-300x300.png",300,300,true],"medium_large":["https:\/\/www.lyrebirdbeatbox.com\/wp-content\/uploads\/2024\/05\/keumart-le_beatbox_a_partr_de_zero-1080x1080-1-768x768.png",640,640,true],"large":["https:\/\/www.lyrebirdbeatbox.com\/wp-content\/uploads\/2024\/05\/keumart-le_beatbox_a_partr_de_zero-1080x1080-1-1024x1024.png",640,640,true],"1536x1536":["https:\/\/www.lyrebirdbeatbox.com\/wp-content\/uploads\/2024\/05\/keumart-le_beatbox_a_partr_de_zero-1080x1080-1.png",1080,1080,false],"2048x2048":["https:\/\/www.lyrebirdbeatbox.com\/wp-content\/uploads\/2024\/05\/keumart-le_beatbox_a_partr_de_zero-1080x1080-1.png",1080,1080,false],"post-thumbnail":["https:\/\/www.lyrebirdbeatbox.com\/wp-content\/uploads\/2024\/05\/keumart-le_beatbox_a_partr_de_zero-1080x1080-1-624x624.png",624,624,true],"woocommerce_thumbnail":["https:\/\/www.lyrebirdbeatbox.com\/wp-content\/uploads\/2024\/05\/keumart-le_beatbox_a_partr_de_zero-1080x1080-1-400x400.png",400,400,true],"woocommerce_single":["https:\/\/www.lyrebirdbeatbox.com\/wp-content\/uploads\/2024\/05\/keumart-le_beatbox_a_partr_de_zero-1080x1080-1-600x600.png",600,600,true],"woocommerce_gallery_thumbnail":["https:\/\/www.lyrebirdbeatbox.com\/wp-content\/uploads\/2024\/05\/keumart-le_beatbox_a_partr_de_zero-1080x1080-1-100x100.png",100,100,true]},"uagb_author_info":{"display_name":"Jabe","author_link":"https:\/\/www.lyrebirdbeatbox.com\/fr\/author\/"},"uagb_comment_info":0,"uagb_excerpt":"Objectif : Apprends a construire tes premiers rythmes \u00e0 partir de z\u00e9ro.","_links":{"self":[{"href":"https:\/\/www.lyrebirdbeatbox.com\/fr\/wp-json\/wp\/v2\/product\/19360","targetHints":{"allow":["GET"]}}],"collection":[{"href":"https:\/\/www.lyrebirdbeatbox.com\/fr\/wp-json\/wp\/v2\/product"}],"about":[{"href":"https:\/\/www.lyrebirdbeatbox.com\/fr\/wp-json\/wp\/v2\/types\/product"}],"replies":[{"embeddable":true,"href":"https:\/\/www.lyrebirdbeatbox.com\/fr\/wp-json\/wp\/v2\/comments?post=19360"}],"wp:featuredmedia":[{"embeddable":true,"href":"https:\/\/www.lyrebirdbeatbox.com\/fr\/wp-json\/wp\/v2\/media\/31448"}],"wp:attachment":[{"href":"https:\/\/www.lyrebirdbeatbox.com\/fr\/wp-json\/wp\/v2\/media?parent=19360"}],"wp:term":[{"taxonomy":"product_brand","embeddable":true,"href":"https:\/\/www.lyrebirdbeatbox.com\/fr\/wp-json\/wp\/v2\/product_brand?post=19360"},{"taxonomy":"product_cat","embeddable":true,"href":"https:\/\/www.lyrebirdbeatbox.com\/fr\/wp-json\/wp\/v2\/product_cat?post=19360"},{"taxonomy":"product_tag","embeddable":true,"href":"https:\/\/www.lyrebirdbeatbox.com\/fr\/wp-json\/wp\/v2\/product_tag?post=19360"}],"curies":[{"name":"wp","href":"https:\/\/api.w.org\/{rel}","templated":true}]}}