{"id":20530,"date":"2022-10-31T14:21:06","date_gmt":"2022-10-31T16:21:07","guid":{"rendered":"https:\/\/www.lyrebirdbeatbox.com\/?post_type=product&#038;p=20530"},"modified":"2022-10-31T17:24:42","modified_gmt":"2022-10-31T16:24:42","slug":"cours-particulier-de-beatbox-en-ligne-avec-efaybee","status":"publish","type":"product","link":"https:\/\/www.lyrebirdbeatbox.com\/fr\/boutique\/cours-particuliers\/cours-particulier-de-beatbox-en-ligne-avec-efaybee\/","title":{"rendered":"Cours particulier de beatbox en ligne avec Efaybee"},"content":{"rendered":"<p id=\"beelow\">\n<script>\n  if (typeof hasAmeliaEntitiesApiCall === 'undefined' && ('' === '' && '' !== '1')) {\n    var hasAmeliaEntitiesApiCall = true;\n  }\n  var ameliaShortcodeData = (typeof ameliaShortcodeData === 'undefined') ? [] : ameliaShortcodeData;\n  ameliaShortcodeData.push(\n    {\n      'hasApiCall': (typeof hasAmeliaEntitiesApiCall !== 'undefined') && hasAmeliaEntitiesApiCall,\n      'trigger': '',\n      'trigger_type': '',\n      'triggered_form': 'sbsNew',\n      'in_dialog': '',\n      'show': '',\n      'counter': '1000',\n      'category': '',\n      'service': '6',\n      'employee': '3',\n      'location': '',\n      'package': '',\n      'layout': '',\n    }\n  );\n\n  var ameliaShortcodeDataTriggered = (typeof ameliaShortcodeDataTriggered === 'undefined') ? [] : ameliaShortcodeDataTriggered;\n  if (ameliaShortcodeData[ameliaShortcodeData.length - 1].trigger !== '') {\n    if (ameliaShortcodeDataTriggered.filter(a => a.counter === ameliaShortcodeData[ameliaShortcodeData.length - 1].counter).length === 0) {\n      ameliaShortcodeDataTriggered.push(ameliaShortcodeData.pop());\n    } else {\n      ameliaShortcodeData.pop()\n    }\n  }\n  if (typeof hasAmeliaEntitiesApiCall !== 'undefined' && hasAmeliaEntitiesApiCall) {\n    hasAmeliaEntitiesApiCall = false;\n  }\n<\/script>\n\n<div\n  id=\"amelia-v2-booking-1000\"\n  class=\"amelia-v2-booking\"\n >\n    <step-form-wrapper><\/step-form-wrapper><\/div>\n<\/p>\n<p>Une le\u00e7on de 30 minutes en cours particulier de beatbox en ligne avec Efaybee pour apprendre \u00e0 faire du beatbox avec les bonnes bases ou pour am\u00e9liorer tes comp\u00e9tences en beatbox. Pour <strong>tous les niveaux<\/strong>.<\/p>\n<ol>\n<li>S\u00e9lectionne ta date et ton cr\u00e9neau horaire dans le calendrier ci-dessus.<\/li>\n<li>R\u00e9serve ta <strong>le\u00e7on personnalis\u00e9e<\/strong> en quelques clics sans perdre de temps.<\/li>\n<li>Rejoins ton cours \u00e0 l&rsquo;heure pr\u00e9vue en cliquant sur le <strong>lien Zoom<\/strong> et participe \u00e0 ta le\u00e7on.<\/li>\n<\/ol>\n<p>Tu auras besoin d&rsquo;un <strong>microphone<\/strong> (obligatoire) et nous te recommandons d&rsquo;avoir une <strong>webcam<\/strong> pour mieux communiquer.<\/p>\n<p>Tous nos cours par webcam comprennent :<\/p>\n<ol>\n<li><strong>\u25b6\ufe0f <\/strong>Un <strong>acc\u00e8s <\/strong>\u00e0 la rediffusion de la vid\u00e9o du cours enregistr\u00e9 (sur demande).<\/li>\n<li>\ud83d\udcc3 Un<strong> compte rendu<\/strong> \u00e9crit pour r\u00e9sumer les principaux sujets abord\u00e9s pendant ta le\u00e7on en direct, les retours, les conseils et les exercices personnalis\u00e9s (si n\u00e9cessaire) de ton professeur.<\/li>\n<\/ol>\n","protected":false},"excerpt":{"rendered":"<p>Une le\u00e7on de 30 minutes en cours particulier de beatbox en ligne avec Efaybee pour apprendre \u00e0 faire du beatbox avec les bonnes bases ou pour am\u00e9liorer tes comp\u00e9tences en beatbox. Pour <strong>tous les niveaux<\/strong>.<\/p>\n<p><a href=\"#beelow\">R\u00e9serve dans le calendrier ci-dessous \u2b07\ufe0f<\/a><\/p>\n","protected":false},"featured_media":20585,"comment_status":"open","ping_status":"closed","template":"","meta":{"_seopress_robots_primary_cat":"0","_seopress_titles_title":"","_seopress_titles_desc":"Une le\u00e7on de 30 minutes en cours particulier par webcam pour apprendre \u00e0 faire du beatbox avec les bonnes bases ou pour am\u00e9liorer tes comp\u00e9tences en beatbox avec Efaybee (champion de France). Tous niveaux.","_seopress_robots_index":"","_uag_custom_page_level_css":""},"product_brand":[],"product_cat":[382],"product_tag":[381,546,547,379,383],"class_list":{"0":"post-20530","1":"product","2":"type-product","3":"status-publish","4":"has-post-thumbnail","6":"product_cat-cours-particuliers","7":"product_tag-beatbox-fr","8":"product_tag-confirme","9":"product_tag-cours-particulier","10":"product_tag-debutant","11":"product_tag-intermediaire","13":"first","14":"instock","15":"virtual","16":"product-type-simple"},"uagb_featured_image_src":{"full":["https:\/\/www.lyrebirdbeatbox.com\/wp-content\/uploads\/2022\/11\/cours_particulier_de_beatbox_en_ligne_avec_efaybee.jpg",1080,1080,false],"thumbnail":["https:\/\/www.lyrebirdbeatbox.com\/wp-content\/uploads\/2022\/11\/cours_particulier_de_beatbox_en_ligne_avec_efaybee-150x150.jpg",150,150,true],"medium":["https:\/\/www.lyrebirdbeatbox.com\/wp-content\/uploads\/2022\/11\/cours_particulier_de_beatbox_en_ligne_avec_efaybee-300x300.jpg",300,300,true],"medium_large":["https:\/\/www.lyrebirdbeatbox.com\/wp-content\/uploads\/2022\/11\/cours_particulier_de_beatbox_en_ligne_avec_efaybee-768x768.jpg",640,640,true],"large":["https:\/\/www.lyrebirdbeatbox.com\/wp-content\/uploads\/2022\/11\/cours_particulier_de_beatbox_en_ligne_avec_efaybee-1024x1024.jpg",640,640,true],"1536x1536":["https:\/\/www.lyrebirdbeatbox.com\/wp-content\/uploads\/2022\/11\/cours_particulier_de_beatbox_en_ligne_avec_efaybee.jpg",1080,1080,false],"2048x2048":["https:\/\/www.lyrebirdbeatbox.com\/wp-content\/uploads\/2022\/11\/cours_particulier_de_beatbox_en_ligne_avec_efaybee.jpg",1080,1080,false],"post-thumbnail":["https:\/\/www.lyrebirdbeatbox.com\/wp-content\/uploads\/2022\/11\/cours_particulier_de_beatbox_en_ligne_avec_efaybee-624x624.jpg",624,624,true],"woocommerce_thumbnail":["https:\/\/www.lyrebirdbeatbox.com\/wp-content\/uploads\/2022\/11\/cours_particulier_de_beatbox_en_ligne_avec_efaybee-400x400.jpg",400,400,true],"woocommerce_single":["https:\/\/www.lyrebirdbeatbox.com\/wp-content\/uploads\/2022\/11\/cours_particulier_de_beatbox_en_ligne_avec_efaybee-600x600.jpg",600,600,true],"woocommerce_gallery_thumbnail":["https:\/\/www.lyrebirdbeatbox.com\/wp-content\/uploads\/2022\/11\/cours_particulier_de_beatbox_en_ligne_avec_efaybee-100x100.jpg",100,100,true]},"uagb_author_info":{"display_name":"Jabe","author_link":"https:\/\/www.lyrebirdbeatbox.com\/fr\/author\/"},"uagb_comment_info":0,"uagb_excerpt":"Une le\u00e7on de 30 minutes en cours particulier de beatbox en ligne avec Efaybee pour apprendre \u00e0 faire du beatbox avec les bonnes bases ou pour am\u00e9liorer tes comp\u00e9tences en beatbox. Pour tous les niveaux. R\u00e9serve dans le calendrier ci-dessous \u2b07\ufe0f","_links":{"self":[{"href":"https:\/\/www.lyrebirdbeatbox.com\/fr\/wp-json\/wp\/v2\/product\/20530","targetHints":{"allow":["GET"]}}],"collection":[{"href":"https:\/\/www.lyrebirdbeatbox.com\/fr\/wp-json\/wp\/v2\/product"}],"about":[{"href":"https:\/\/www.lyrebirdbeatbox.com\/fr\/wp-json\/wp\/v2\/types\/product"}],"replies":[{"embeddable":true,"href":"https:\/\/www.lyrebirdbeatbox.com\/fr\/wp-json\/wp\/v2\/comments?post=20530"}],"wp:featuredmedia":[{"embeddable":true,"href":"https:\/\/www.lyrebirdbeatbox.com\/fr\/wp-json\/wp\/v2\/media\/20585"}],"wp:attachment":[{"href":"https:\/\/www.lyrebirdbeatbox.com\/fr\/wp-json\/wp\/v2\/media?parent=20530"}],"wp:term":[{"taxonomy":"product_brand","embeddable":true,"href":"https:\/\/www.lyrebirdbeatbox.com\/fr\/wp-json\/wp\/v2\/product_brand?post=20530"},{"taxonomy":"product_cat","embeddable":true,"href":"https:\/\/www.lyrebirdbeatbox.com\/fr\/wp-json\/wp\/v2\/product_cat?post=20530"},{"taxonomy":"product_tag","embeddable":true,"href":"https:\/\/www.lyrebirdbeatbox.com\/fr\/wp-json\/wp\/v2\/product_tag?post=20530"}],"curies":[{"name":"wp","href":"https:\/\/api.w.org\/{rel}","templated":true}]}}