{"id":24427,"date":"2023-05-30T09:47:51","date_gmt":"2023-05-31T09:02:45","guid":{"rendered":"https:\/\/www.lyrebirdbeatbox.com\/shop\/non%20class\u00e9\/atelier-de-footboxg-letat-desprit-et-la-presence-scenique-dans-un-battle-a-yverdon-les-bains-urban-project-2023\/"},"modified":"2023-09-18T00:08:50","modified_gmt":"2023-09-17T22:08:50","slug":"battle-de-beatbox-preparation-etat-d-esprit-et-strategie-avec-footboxg","status":"publish","type":"product","link":"https:\/\/www.lyrebirdbeatbox.com\/fr\/boutique\/cours-video\/rediffusions-de-masterclass\/battle-de-beatbox-preparation-etat-d-esprit-et-strategie-avec-footboxg\/","title":{"rendered":"Battle de beatbox : Pr\u00e9paration, \u00e9tat d\u2019esprit et strat\u00e9gie avec FootboxG [Replay]"},"content":{"rendered":"\n<div class=\"wp-block-group\"><div class=\"wp-block-group__inner-container is-layout-constrained wp-block-group-is-layout-constrained\">\n<p class=\"has-text-align-center\">\ud83c\udfc6 LYREBIRD SUMMER VIBES 2023 \ud83c\udde8\ud83c\udded &#8211; REPLAY DE MASTERCLASS \ud83c\udfc6<\/p>\n\n\n\n<p>Apprends \u00e0 maximiser tes chances de gagner un battle gr\u00e2ce \u00e0 cette masterclass exclusive sur le \u00ab Battle de beatbox : Pr\u00e9pration, \u00e9tat d&rsquo;esprit et strat\u00e9gie \u00bb avec FootboxG, champion du monde officiel dans la cat\u00e9gorie solo.<\/p>\n\n\n\n<p>\u25b6\ufe0f Acc\u00e8s illimit\u00e9 \u00e0 la rediffusion<br\/>Langue : \ud83c\uddec\ud83c\udde7 Anglais<br\/>Niveau recommand\u00e9 : Interm\u00e9diaire \ud83d\udd35<br\/>\ud83d\udd51 Dur\u00e9e totale : 56 minutes<\/p>\n\n\n\n<p class=\"has-text-align-left\">Cette masterclass a \u00e9t\u00e9 enregistr\u00e9e le samedi 1er juillet 2023 \u00e0 Yverdon-les-Bain lors des Lyrebird Summer Vibes, un week-end exclusif en \ud83c\udde8\ud83c\udded Suisse enti\u00e8rement d\u00e9di\u00e9 aux amateurs de beatbox.<\/p>\n<\/div><\/div>\n","protected":false},"excerpt":{"rendered":"<p>\u25b6\ufe0f Acc\u00e8de \u00e0 la rediffusion vid\u00e9o de la masterclass de FootboxG sur le Battle de beatbox : Pr\u00e9paration, \u00e9tat d&rsquo;esprit et strat\u00e9gie.<\/p>\n","protected":false},"featured_media":25480,"comment_status":"open","ping_status":"closed","template":"","meta":{"_seopress_robots_primary_cat":"0","_seopress_titles_title":"","_seopress_titles_desc":"","_seopress_robots_index":"","_uag_custom_page_level_css":""},"product_brand":[],"product_cat":[439,560],"product_tag":[],"class_list":{"0":"post-24427","1":"product","2":"type-product","3":"status-publish","4":"has-post-thumbnail","6":"product_cat-cours-video","7":"product_cat-rediffusions-de-masterclass","9":"first","10":"instock","11":"virtual","12":"taxable","13":"purchasable","14":"product-type-simple"},"uagb_featured_image_src":{"full":["https:\/\/www.lyrebirdbeatbox.com\/wp-content\/uploads\/2023\/08\/footboxg-battle-de-beatbox-preparation-etat-d-esprit-et-strategie-1080x1080-1.jpg",1080,1080,false],"thumbnail":["https:\/\/www.lyrebirdbeatbox.com\/wp-content\/uploads\/2023\/08\/footboxg-battle-de-beatbox-preparation-etat-d-esprit-et-strategie-1080x1080-1-150x150.jpg",150,150,true],"medium":["https:\/\/www.lyrebirdbeatbox.com\/wp-content\/uploads\/2023\/08\/footboxg-battle-de-beatbox-preparation-etat-d-esprit-et-strategie-1080x1080-1-300x300.jpg",300,300,true],"medium_large":["https:\/\/www.lyrebirdbeatbox.com\/wp-content\/uploads\/2023\/08\/footboxg-battle-de-beatbox-preparation-etat-d-esprit-et-strategie-1080x1080-1-768x768.jpg",640,640,true],"large":["https:\/\/www.lyrebirdbeatbox.com\/wp-content\/uploads\/2023\/08\/footboxg-battle-de-beatbox-preparation-etat-d-esprit-et-strategie-1080x1080-1-1024x1024.jpg",640,640,true],"1536x1536":["https:\/\/www.lyrebirdbeatbox.com\/wp-content\/uploads\/2023\/08\/footboxg-battle-de-beatbox-preparation-etat-d-esprit-et-strategie-1080x1080-1.jpg",1080,1080,false],"2048x2048":["https:\/\/www.lyrebirdbeatbox.com\/wp-content\/uploads\/2023\/08\/footboxg-battle-de-beatbox-preparation-etat-d-esprit-et-strategie-1080x1080-1.jpg",1080,1080,false],"post-thumbnail":["https:\/\/www.lyrebirdbeatbox.com\/wp-content\/uploads\/2023\/08\/footboxg-battle-de-beatbox-preparation-etat-d-esprit-et-strategie-1080x1080-1-624x624.jpg",624,624,true],"woocommerce_thumbnail":["https:\/\/www.lyrebirdbeatbox.com\/wp-content\/uploads\/2023\/08\/footboxg-battle-de-beatbox-preparation-etat-d-esprit-et-strategie-1080x1080-1-400x400.jpg",400,400,true],"woocommerce_single":["https:\/\/www.lyrebirdbeatbox.com\/wp-content\/uploads\/2023\/08\/footboxg-battle-de-beatbox-preparation-etat-d-esprit-et-strategie-1080x1080-1-600x600.jpg",600,600,true],"woocommerce_gallery_thumbnail":["https:\/\/www.lyrebirdbeatbox.com\/wp-content\/uploads\/2023\/08\/footboxg-battle-de-beatbox-preparation-etat-d-esprit-et-strategie-1080x1080-1-100x100.jpg",100,100,true]},"uagb_author_info":{"display_name":"Jabe","author_link":"https:\/\/www.lyrebirdbeatbox.com\/fr\/author\/"},"uagb_comment_info":0,"uagb_excerpt":"\u25b6\ufe0f Acc\u00e8de \u00e0 la rediffusion vid\u00e9o de la masterclass de FootboxG sur le Battle de beatbox : Pr\u00e9paration, \u00e9tat d'esprit et strat\u00e9gie.","_links":{"self":[{"href":"https:\/\/www.lyrebirdbeatbox.com\/fr\/wp-json\/wp\/v2\/product\/24427","targetHints":{"allow":["GET"]}}],"collection":[{"href":"https:\/\/www.lyrebirdbeatbox.com\/fr\/wp-json\/wp\/v2\/product"}],"about":[{"href":"https:\/\/www.lyrebirdbeatbox.com\/fr\/wp-json\/wp\/v2\/types\/product"}],"replies":[{"embeddable":true,"href":"https:\/\/www.lyrebirdbeatbox.com\/fr\/wp-json\/wp\/v2\/comments?post=24427"}],"wp:featuredmedia":[{"embeddable":true,"href":"https:\/\/www.lyrebirdbeatbox.com\/fr\/wp-json\/wp\/v2\/media\/25480"}],"wp:attachment":[{"href":"https:\/\/www.lyrebirdbeatbox.com\/fr\/wp-json\/wp\/v2\/media?parent=24427"}],"wp:term":[{"taxonomy":"product_brand","embeddable":true,"href":"https:\/\/www.lyrebirdbeatbox.com\/fr\/wp-json\/wp\/v2\/product_brand?post=24427"},{"taxonomy":"product_cat","embeddable":true,"href":"https:\/\/www.lyrebirdbeatbox.com\/fr\/wp-json\/wp\/v2\/product_cat?post=24427"},{"taxonomy":"product_tag","embeddable":true,"href":"https:\/\/www.lyrebirdbeatbox.com\/fr\/wp-json\/wp\/v2\/product_tag?post=24427"}],"curies":[{"name":"wp","href":"https:\/\/api.w.org\/{rel}","templated":true}]}}