{"id":24428,"date":"2023-05-30T10:05:09","date_gmt":"2023-05-31T09:10:43","guid":{"rendered":"https:\/\/www.lyrebirdbeatbox.com\/shop\/non%20class\u00e9\/atelier-de-river-comment-construire-un-round-delimination-de-beatbox-a-vevey-la-fabrik-cucheturelle\/"},"modified":"2023-09-18T00:06:59","modified_gmt":"2023-09-17T22:06:59","slug":"construire-ton-round-de-qualification-de-beatbox-avec-river","status":"publish","type":"product","link":"https:\/\/www.lyrebirdbeatbox.com\/fr\/boutique\/cours-video\/rediffusions-de-masterclass\/construire-ton-round-de-qualification-de-beatbox-avec-river\/","title":{"rendered":"Construire ton round de qualification de beatbox avec River&rsquo; [Replay]"},"content":{"rendered":"\n<p class=\"has-text-align-center\">\ud83c\udfc6 LYREBIRD SUMMER VIBES 2023 \ud83c\udde8\ud83c\udded &#8211; REPLAY DE MASTERCLASS \ud83c\udfc6<\/p>\n\n<p>Apprends \u00e0 construire un round d&rsquo;\u00e9limination de beatbox exceptionnel pour te qualifier pour un battle gr\u00e2ce \u00e0 cette masterclass exclusive avec River&rsquo;, vice-champion du GBB 23 et TOP 4 au championnats du monde 2023 en cat\u00e9gorie solo.<\/p>\n\n<p>\u25b6\ufe0f Acc\u00e8s illimit\u00e9 \u00e0 la rediffusion<br\/>Langue : \ud83c\uddec\ud83c\udde7 Anglais<br\/>Niveau recommand\u00e9 : Interm\u00e9diaire \ud83d\udd35<br\/>\ud83d\udd51 Dur\u00e9e totale : 1 heure 12 minutes<\/p>\n\n<p>Cette masterclass a \u00e9t\u00e9 enregistr\u00e9e le dimanche 2 juillet 2023 \u00e0 <a href=\"https:\/\/www.lafabrikcucheturelle.ch\/\" data-type=\"link\" data-id=\"https:\/\/www.lafabrikcucheturelle.ch\/\">La FABRIK Cucheturelle<\/a> pendant les Lyrebird Summer Vibes, un week-end exclusif \ud83c\udde8\ud83c\udded en Suisse enti\u00e8rement d\u00e9di\u00e9 aux amateurs de beatbox.<\/p>\n","protected":false},"excerpt":{"rendered":"","protected":false},"featured_media":25649,"comment_status":"open","ping_status":"closed","template":"","meta":{"_seopress_robots_primary_cat":"0","_seopress_titles_title":"","_seopress_titles_desc":"","_seopress_robots_index":"","_uag_custom_page_level_css":""},"product_brand":[],"product_cat":[439,560],"product_tag":[],"class_list":{"0":"post-24428","1":"product","2":"type-product","3":"status-publish","4":"has-post-thumbnail","6":"product_cat-cours-video","7":"product_cat-rediffusions-de-masterclass","9":"first","10":"instock","11":"sale","12":"virtual","13":"sold-individually","14":"purchasable","15":"product-type-simple"},"uagb_featured_image_src":{"full":["https:\/\/www.lyrebirdbeatbox.com\/wp-content\/uploads\/2023\/08\/river-comment-construire-ton-round-d-elimination-de-beatbox-1080x1080-1.jpg",1080,1080,false],"thumbnail":["https:\/\/www.lyrebirdbeatbox.com\/wp-content\/uploads\/2023\/08\/river-comment-construire-ton-round-d-elimination-de-beatbox-1080x1080-1-150x150.jpg",150,150,true],"medium":["https:\/\/www.lyrebirdbeatbox.com\/wp-content\/uploads\/2023\/08\/river-comment-construire-ton-round-d-elimination-de-beatbox-1080x1080-1-300x300.jpg",300,300,true],"medium_large":["https:\/\/www.lyrebirdbeatbox.com\/wp-content\/uploads\/2023\/08\/river-comment-construire-ton-round-d-elimination-de-beatbox-1080x1080-1-768x768.jpg",640,640,true],"large":["https:\/\/www.lyrebirdbeatbox.com\/wp-content\/uploads\/2023\/08\/river-comment-construire-ton-round-d-elimination-de-beatbox-1080x1080-1-1024x1024.jpg",640,640,true],"1536x1536":["https:\/\/www.lyrebirdbeatbox.com\/wp-content\/uploads\/2023\/08\/river-comment-construire-ton-round-d-elimination-de-beatbox-1080x1080-1.jpg",1080,1080,false],"2048x2048":["https:\/\/www.lyrebirdbeatbox.com\/wp-content\/uploads\/2023\/08\/river-comment-construire-ton-round-d-elimination-de-beatbox-1080x1080-1.jpg",1080,1080,false],"post-thumbnail":["https:\/\/www.lyrebirdbeatbox.com\/wp-content\/uploads\/2023\/08\/river-comment-construire-ton-round-d-elimination-de-beatbox-1080x1080-1-624x624.jpg",624,624,true],"woocommerce_thumbnail":["https:\/\/www.lyrebirdbeatbox.com\/wp-content\/uploads\/2023\/08\/river-comment-construire-ton-round-d-elimination-de-beatbox-1080x1080-1-400x400.jpg",400,400,true],"woocommerce_single":["https:\/\/www.lyrebirdbeatbox.com\/wp-content\/uploads\/2023\/08\/river-comment-construire-ton-round-d-elimination-de-beatbox-1080x1080-1-600x600.jpg",600,600,true],"woocommerce_gallery_thumbnail":["https:\/\/www.lyrebirdbeatbox.com\/wp-content\/uploads\/2023\/08\/river-comment-construire-ton-round-d-elimination-de-beatbox-1080x1080-1-100x100.jpg",100,100,true]},"uagb_author_info":{"display_name":"Jabe","author_link":"https:\/\/www.lyrebirdbeatbox.com\/fr\/author\/"},"uagb_comment_info":0,"uagb_excerpt":null,"_links":{"self":[{"href":"https:\/\/www.lyrebirdbeatbox.com\/fr\/wp-json\/wp\/v2\/product\/24428","targetHints":{"allow":["GET"]}}],"collection":[{"href":"https:\/\/www.lyrebirdbeatbox.com\/fr\/wp-json\/wp\/v2\/product"}],"about":[{"href":"https:\/\/www.lyrebirdbeatbox.com\/fr\/wp-json\/wp\/v2\/types\/product"}],"replies":[{"embeddable":true,"href":"https:\/\/www.lyrebirdbeatbox.com\/fr\/wp-json\/wp\/v2\/comments?post=24428"}],"wp:featuredmedia":[{"embeddable":true,"href":"https:\/\/www.lyrebirdbeatbox.com\/fr\/wp-json\/wp\/v2\/media\/25649"}],"wp:attachment":[{"href":"https:\/\/www.lyrebirdbeatbox.com\/fr\/wp-json\/wp\/v2\/media?parent=24428"}],"wp:term":[{"taxonomy":"product_brand","embeddable":true,"href":"https:\/\/www.lyrebirdbeatbox.com\/fr\/wp-json\/wp\/v2\/product_brand?post=24428"},{"taxonomy":"product_cat","embeddable":true,"href":"https:\/\/www.lyrebirdbeatbox.com\/fr\/wp-json\/wp\/v2\/product_cat?post=24428"},{"taxonomy":"product_tag","embeddable":true,"href":"https:\/\/www.lyrebirdbeatbox.com\/fr\/wp-json\/wp\/v2\/product_tag?post=24428"}],"curies":[{"name":"wp","href":"https:\/\/api.w.org\/{rel}","templated":true}]}}