{"id":24755,"date":"2022-10-31T09:27:53","date_gmt":"2023-06-22T07:27:53","guid":{"rendered":"https:\/\/www.lyrebirdbeatbox.com\/?post_type=product&#038;p=24755"},"modified":"2023-06-23T19:50:02","modified_gmt":"2023-06-23T17:50:02","slug":"lecon-individuelle-de-beatbox-en-ligne-avec-nazca","status":"publish","type":"product","link":"https:\/\/www.lyrebirdbeatbox.com\/fr\/boutique\/cours-particuliers\/lecon-individuelle-de-beatbox-en-ligne-avec-nazca\/","title":{"rendered":"Le\u00e7on individuelle de beatbox en ligne avec Nazca"},"content":{"rendered":"<p id=\"beelow\">\n<script>\n  if (typeof hasAmeliaEntitiesApiCall === 'undefined' && ('' === '' && '' !== '1')) {\n    var hasAmeliaEntitiesApiCall = true;\n  }\n  var ameliaShortcodeData = (typeof ameliaShortcodeData === 'undefined') ? [] : ameliaShortcodeData;\n  ameliaShortcodeData.push(\n    {\n      'hasApiCall': (typeof hasAmeliaEntitiesApiCall !== 'undefined') && hasAmeliaEntitiesApiCall,\n      'trigger': '',\n      'trigger_type': '',\n      'triggered_form': 'sbsNew',\n      'in_dialog': '',\n      'show': '',\n      'counter': '1000',\n      'category': '',\n      'service': '11',\n      'employee': '290',\n      'location': '',\n      'package': '',\n      'layout': '',\n    }\n  );\n\n  var ameliaShortcodeDataTriggered = (typeof ameliaShortcodeDataTriggered === 'undefined') ? [] : ameliaShortcodeDataTriggered;\n  if (ameliaShortcodeData[ameliaShortcodeData.length - 1].trigger !== '') {\n    if (ameliaShortcodeDataTriggered.filter(a => a.counter === ameliaShortcodeData[ameliaShortcodeData.length - 1].counter).length === 0) {\n      ameliaShortcodeDataTriggered.push(ameliaShortcodeData.pop());\n    } else {\n      ameliaShortcodeData.pop()\n    }\n  }\n  if (typeof hasAmeliaEntitiesApiCall !== 'undefined' && hasAmeliaEntitiesApiCall) {\n    hasAmeliaEntitiesApiCall = false;\n  }\n<\/script>\n\n<div\n  id=\"amelia-v2-booking-1000\"\n  class=\"amelia-v2-booking\"\n >\n    <step-form-wrapper><\/step-form-wrapper><\/div>\n<\/p>\n<p>Une le\u00e7on de beatbox en ligne de 30 minutes avec Nazca pour apprendre \u00e0 faire du beatbox avec les bonnes bases ou pour am\u00e9liorer tes comp\u00e9tences en beatbox. Pour le <strong>niveau d\u00e9butant et interm\u00e9diaire<\/strong>.<\/p>\n<ol>\n<li>S\u00e9lectionne ta date et ton cr\u00e9neau horaire dans le calendrier ci-dessus<\/li>\n<li>R\u00e9serve ton <strong>cours personnalis\u00e9<\/strong> en quelques clics sans perdre de temps.<\/li>\n<li>Rejoins ton cours \u00e0 l&rsquo;heure pr\u00e9vue en cliquant sur le <strong>Zlien Zoom link<\/strong> et participe \u00e0 ta le\u00e7on.<\/li>\n<\/ol>\n<p>Tu auras besoin d&rsquo;un <strong>microphone<\/strong> (obligatoire) et nous recommandons d&rsquo;avoir une <strong>webcam<\/strong> pour une meilleure communication.<\/p>\n<p>Toutes nos le\u00e7ons en ligne comprennent :<\/p>\n<ol>\n<li><strong>\u25b6\ufe0f Acc\u00e8s<\/strong> \u00e0 la rediffusion vid\u00e9o du cours enregistr\u00e9 (sur demande).<\/li>\n<li>\ud83d\udcc3Un <strong>compte-rendu \u00e9crit<\/strong> r\u00e9sumant les principaux sujets abord\u00e9s lors de ton cours en direct, des retours, des conseils et des exercices personnalis\u00e9s (si n\u00e9cessaire) de ton professeur.<\/li>\n<\/ol>\n","protected":false},"excerpt":{"rendered":"<p>Une le\u00e7on de beatbox en ligne de 30 minutes avec Nazca pour apprendre \u00e0 faire du beatbox avec les bonnes bases ou pour am\u00e9liorer tes comp\u00e9tences en beatbox. Pour le <strong>niveau d\u00e9butant et interm\u00e9diaire<\/strong>.<\/p>\n<p><a href=\"#beelow\">R\u00e9serve dans le calendrier ci-dessous \u2b07\ufe0f<\/a><\/p>\n","protected":false},"featured_media":24802,"comment_status":"open","ping_status":"closed","template":"","meta":{"_seopress_robots_primary_cat":"0","_seopress_titles_title":"","_seopress_titles_desc":"Une le\u00e7on de beatbox en ligne de 30 minutes pour apprendre \u00e0 beatboxer ou \u00e0 am\u00e9liorer ton beatbox avec Nazca. Recommand\u00e9 pour les d\u00e9butants et les interm\u00e9diaires.","_seopress_robots_index":"","_uag_custom_page_level_css":""},"product_brand":[],"product_cat":[382],"product_tag":[381,547,379,383],"class_list":{"0":"post-24755","1":"product","2":"type-product","3":"status-publish","4":"has-post-thumbnail","6":"product_cat-cours-particuliers","7":"product_tag-beatbox-fr","8":"product_tag-cours-particulier","9":"product_tag-debutant","10":"product_tag-intermediaire","12":"first","13":"instock","14":"virtual","15":"product-type-simple"},"uagb_featured_image_src":{"full":["https:\/\/www.lyrebirdbeatbox.com\/wp-content\/uploads\/2023\/06\/shop-cours-particuliers-nazca.jpg",1080,1080,false],"thumbnail":["https:\/\/www.lyrebirdbeatbox.com\/wp-content\/uploads\/2023\/06\/shop-cours-particuliers-nazca-150x150.jpg",150,150,true],"medium":["https:\/\/www.lyrebirdbeatbox.com\/wp-content\/uploads\/2023\/06\/shop-cours-particuliers-nazca-300x300.jpg",300,300,true],"medium_large":["https:\/\/www.lyrebirdbeatbox.com\/wp-content\/uploads\/2023\/06\/shop-cours-particuliers-nazca-768x768.jpg",640,640,true],"large":["https:\/\/www.lyrebirdbeatbox.com\/wp-content\/uploads\/2023\/06\/shop-cours-particuliers-nazca-1024x1024.jpg",640,640,true],"1536x1536":["https:\/\/www.lyrebirdbeatbox.com\/wp-content\/uploads\/2023\/06\/shop-cours-particuliers-nazca.jpg",1080,1080,false],"2048x2048":["https:\/\/www.lyrebirdbeatbox.com\/wp-content\/uploads\/2023\/06\/shop-cours-particuliers-nazca.jpg",1080,1080,false],"post-thumbnail":["https:\/\/www.lyrebirdbeatbox.com\/wp-content\/uploads\/2023\/06\/shop-cours-particuliers-nazca-624x624.jpg",624,624,true],"woocommerce_thumbnail":["https:\/\/www.lyrebirdbeatbox.com\/wp-content\/uploads\/2023\/06\/shop-cours-particuliers-nazca-400x400.jpg",400,400,true],"woocommerce_single":["https:\/\/www.lyrebirdbeatbox.com\/wp-content\/uploads\/2023\/06\/shop-cours-particuliers-nazca-600x600.jpg",600,600,true],"woocommerce_gallery_thumbnail":["https:\/\/www.lyrebirdbeatbox.com\/wp-content\/uploads\/2023\/06\/shop-cours-particuliers-nazca-100x100.jpg",100,100,true]},"uagb_author_info":{"display_name":"Jabe","author_link":"https:\/\/www.lyrebirdbeatbox.com\/fr\/author\/"},"uagb_comment_info":0,"uagb_excerpt":"Une le\u00e7on de beatbox en ligne de 30 minutes avec Nazca pour apprendre \u00e0 faire du beatbox avec les bonnes bases ou pour am\u00e9liorer tes comp\u00e9tences en beatbox. Pour le niveau d\u00e9butant et interm\u00e9diaire. R\u00e9serve dans le calendrier ci-dessous \u2b07\ufe0f","_links":{"self":[{"href":"https:\/\/www.lyrebirdbeatbox.com\/fr\/wp-json\/wp\/v2\/product\/24755","targetHints":{"allow":["GET"]}}],"collection":[{"href":"https:\/\/www.lyrebirdbeatbox.com\/fr\/wp-json\/wp\/v2\/product"}],"about":[{"href":"https:\/\/www.lyrebirdbeatbox.com\/fr\/wp-json\/wp\/v2\/types\/product"}],"replies":[{"embeddable":true,"href":"https:\/\/www.lyrebirdbeatbox.com\/fr\/wp-json\/wp\/v2\/comments?post=24755"}],"wp:featuredmedia":[{"embeddable":true,"href":"https:\/\/www.lyrebirdbeatbox.com\/fr\/wp-json\/wp\/v2\/media\/24802"}],"wp:attachment":[{"href":"https:\/\/www.lyrebirdbeatbox.com\/fr\/wp-json\/wp\/v2\/media?parent=24755"}],"wp:term":[{"taxonomy":"product_brand","embeddable":true,"href":"https:\/\/www.lyrebirdbeatbox.com\/fr\/wp-json\/wp\/v2\/product_brand?post=24755"},{"taxonomy":"product_cat","embeddable":true,"href":"https:\/\/www.lyrebirdbeatbox.com\/fr\/wp-json\/wp\/v2\/product_cat?post=24755"},{"taxonomy":"product_tag","embeddable":true,"href":"https:\/\/www.lyrebirdbeatbox.com\/fr\/wp-json\/wp\/v2\/product_tag?post=24755"}],"curies":[{"name":"wp","href":"https:\/\/api.w.org\/{rel}","templated":true}]}}