{"id":25690,"date":"2023-08-29T16:00:59","date_gmt":"2023-08-27T20:19:10","guid":{"rendered":"https:\/\/www.lyrebirdbeatbox.com\/?post_type=product&#038;p=25690"},"modified":"2023-12-08T00:11:11","modified_gmt":"2023-12-07T23:11:11","slug":"comment-mixer-ton-beatbox-avec-faya-braz","status":"publish","type":"product","link":"https:\/\/www.lyrebirdbeatbox.com\/fr\/boutique\/cours-video\/cours-videos-premium\/comment-mixer-ton-beatbox-avec-faya-braz\/","title":{"rendered":"Comment mixer ton beatbox avec Faya Braz [Cours Premium]"},"content":{"rendered":"\n<div class=\"wp-block-group\"><div class=\"wp-block-group__inner-container is-layout-constrained wp-block-group-is-layout-constrained\">\n<div class=\"wp-block-presto-player-reusable-edit\"><!--presto-player:video_id=295--><figure class=\"wp-block-video presto-block-video  presto-provider-bunny\" style=\"--plyr-color-main: var(--presto-player-highlight-color, #1a5e86); --plyr-captions-background: #000000; --presto-player-logo-width: 60px; \">\n\t<presto-player \n\t\tpreset='{&quot;id&quot;:5,&quot;name&quot;:&quot;Premium Course setup&quot;,&quot;slug&quot;:&quot;premium-course-setup&quot;,&quot;icon&quot;:&quot;&quot;,&quot;skin&quot;:&quot;stacked&quot;,&quot;play-large&quot;:true,&quot;rewind&quot;:true,&quot;play&quot;:true,&quot;fast-forward&quot;:true,&quot;progress&quot;:true,&quot;current-time&quot;:true,&quot;mute&quot;:true,&quot;volume&quot;:true,&quot;speed&quot;:true,&quot;pip&quot;:true,&quot;fullscreen&quot;:true,&quot;auto_hide&quot;:true,&quot;save_player_position&quot;:true,&quot;sticky_scroll&quot;:true,&quot;hide_youtube&quot;:true,&quot;lazy_load_youtube&quot;:false,&quot;hide_logo&quot;:false,&quot;border_radius&quot;:0,&quot;caption_style&quot;:&quot;default&quot;,&quot;caption_background&quot;:&quot;#000000&quot;,&quot;is_locked&quot;:false,&quot;created_by&quot;:2074,&quot;created_at&quot;:&quot;2021-04-02 17:50:24&quot;,&quot;updated_at&quot;:&quot;2024-09-25 18:35:46&quot;,&quot;deleted_at&quot;:&quot;&quot;,&quot;reset_on_end&quot;:false,&quot;email_collection&quot;:{&quot;enabled&quot;:false,&quot;behavior&quot;:&quot;pause&quot;,&quot;percentage&quot;:0,&quot;allow_skip&quot;:false,&quot;provider&quot;:&quot;&quot;,&quot;provider_list&quot;:&quot;&quot;,&quot;provider_tag&quot;:&quot;&quot;,&quot;border_radius&quot;:0,&quot;headline&quot;:&quot;&quot;,&quot;bottom_text&quot;:&quot;&quot;,&quot;button_text&quot;:&quot;&quot;,&quot;button_color&quot;:&quot;&quot;,&quot;button_text_color&quot;:&quot;&quot;},&quot;captions_enabled&quot;:true,&quot;sticky_scroll_position&quot;:&quot;bottom right&quot;,&quot;cta&quot;:{&quot;enabled&quot;:false,&quot;percentage&quot;:100,&quot;show_rewatch&quot;:true,&quot;show_skip&quot;:true,&quot;headline&quot;:&quot;&quot;,&quot;bottom_text&quot;:&quot;&quot;,&quot;show_button&quot;:true,&quot;button_text&quot;:&quot;&quot;,&quot;button_color&quot;:&quot;&quot;,&quot;button_text_color&quot;:&quot;&quot;,&quot;background_opacity&quot;:0,&quot;button_link&quot;:{&quot;id&quot;:&quot;&quot;,&quot;url&quot;:&quot;&quot;,&quot;type&quot;:&quot;&quot;,&quot;opensInNewTab&quot;:false},&quot;button_radius&quot;:0},&quot;action_bar&quot;:{&quot;enabled&quot;:false,&quot;percentage_start&quot;:0,&quot;text&quot;:&quot;Like this video?&quot;,&quot;background_color&quot;:&quot;&quot;,&quot;button_type&quot;:&quot;none&quot;,&quot;button_count&quot;:false,&quot;button_text&quot;:&quot;Click Here&quot;,&quot;button_radius&quot;:0,&quot;button_color&quot;:&quot;&quot;,&quot;button_text_color&quot;:&quot;&quot;,&quot;button_link&quot;:{&quot;id&quot;:&quot;&quot;,&quot;url&quot;:&quot;&quot;,&quot;type&quot;:&quot;&quot;,&quot;opensInNewTab&quot;:false}},&quot;captions&quot;:true,&quot;play_video_viewport&quot;:false,&quot;watermark&quot;:{&quot;enabled&quot;:false,&quot;text&quot;:&quot;&quot;,&quot;backgroundColor&quot;:&quot;&quot;,&quot;color&quot;:&quot;&quot;,&quot;opacity&quot;:0,&quot;position&quot;:&quot;&quot;},&quot;on_video_end&quot;:&quot;go-to-start&quot;,&quot;search&quot;:{&quot;enabled&quot;:true,&quot;minMatchCharLength&quot;:1,&quot;threshold&quot;:0.3,&quot;placeholder&quot;:&quot;&quot;},&quot;show_time_elapsed&quot;:false}'\n\t\tbranding='{&quot;logo&quot;:&quot;https:\\\/\\\/www.lyrebirdbeatbox.com\\\/wp-content\\\/uploads\\\/2022\\\/01\\\/lyrebird-beatbox-school-logo-footer.svg&quot;,&quot;color&quot;:&quot;#1a5e86&quot;,&quot;logo_width&quot;:60}'\n\t\tchapters='[]'\n\t\toverlays='[]'\n\t\ttracks='[]'\n\t\tblock-attributes='{&quot;playsInline&quot;:true,&quot;autoplay&quot;:true,&quot;id&quot;:295,&quot;src&quot;:&quot;https:\\\/\\\/vz-6eac1650-99a.b-cdn.net\\\/58510326-a684-4217-8d0b-ec7e62d61343\\\/playlist.m3u8&quot;,&quot;preset&quot;:5,&quot;thumbnail&quot;:&quot;https:\\\/\\\/vz-6eac1650-99a.b-cdn.net\\\/58510326-a684-4217-8d0b-ec7e62d61343\\\/thumbnail.jpg&quot;,&quot;preview&quot;:&quot;https:\\\/\\\/vz-6eac1650-99a.b-cdn.net\\\/58510326-a684-4217-8d0b-ec7e62d61343\\\/preview.webp&quot;,&quot;visibility&quot;:&quot;public&quot;,&quot;color&quot;:&quot;#00b3ff&quot;,&quot;mutedPreview&quot;:{&quot;enabled&quot;:false,&quot;captions&quot;:false},&quot;mutedOverlay&quot;:{&quot;enabled&quot;:false,&quot;src&quot;:&quot;&quot;,&quot;width&quot;:200,&quot;focalPoint&quot;:{&quot;x&quot;:0.5,&quot;y&quot;:0.5}},&quot;mutedOverlayType&quot;:&quot;text&quot;,&quot;mutedOverlayText&quot;:&quot;Click to play&quot;,&quot;mutedOverlayImageWidth&quot;:200,&quot;chapters&quot;:[],&quot;overlays&quot;:[],&quot;tracks&quot;:[],&quot;openPopupId&quot;:&quot;&quot;,&quot;title&quot;:&quot;00-01 - Faya Braz - How to mix your beatbox - Introduction.mp4&quot;}'\n\t\tanalytics='1'\n\t\tautomations\t\tprovider='bunny'\n\t\t\t\tid=\"presto-player-1\"\n\t\tsrc=\"https:\/\/vz-6eac1650-99a.b-cdn.net\/58510326-a684-4217-8d0b-ec7e62d61343\/playlist.m3u8\"\n\t\tmedia-title=\"00-01 - Faya Braz - How to mix your beatbox - Introduction.mp4\"\n\t\tcss=\"\"\n\t\tclass=\"presto-video-id-295 presto-preset-id-5 skin-stacked caption-style-default\"\n\t\tskin=\"stacked\" \n\t\ticon-url=\"https:\/\/www.lyrebirdbeatbox.com\/wp-content\/plugins\/presto-player\/img\/sprite.svg\" \n\t\tpreload=\"\" \n\t\tposter=\"https:\/\/vz-6eac1650-99a.b-cdn.net\/58510326-a684-4217-8d0b-ec7e62d61343\/thumbnail.jpg\"\n\t\tyoutube=\"{&quot;noCookie&quot;:false,&quot;channelId&quot;:&quot;&quot;,&quot;show_count&quot;:false}\"\n\t\tprovider-video-id=\"\"\n\t\tvideo-id=\"295\"\n\t\t\t\tvideo-attributes='{}'\n\t\tplaysinline\t\tautoplay\t\t>\n\t\t    \n\n\t<\/presto-player>\n<\/figure>\t\t<script type=\"application\/ld+json\">\n\t\t\t{\"@context\":\"https:\\\/\\\/schema.org\",\"@type\":\"VideoObject\",\"name\":\"00-01 - Faya Braz - How to mix your beatbox - Introduction.mp4\",\"thumbnailUrl\":\"https:\\\/\\\/vz-6eac1650-99a.b-cdn.net\\\/58510326-a684-4217-8d0b-ec7e62d61343\\\/thumbnail.jpg\",\"uploadDate\":\"2023-08-24T16:05:23+02:00\",\"contentUrl\":\"https:\\\/\\\/vz-6eac1650-99a.b-cdn.net\\\/58510326-a684-4217-8d0b-ec7e62d61343\\\/playlist.m3u8\"}\t\t<\/script>\n\t\t<\/div>\n\n\n\n\n<hr class=\"wp-block-separator has-alpha-channel-opacity\"\/>\n\n\n\n<p class=\"has-text-align-left\"><strong>Objectif :<\/strong> Ma\u00eetrise les fondamentaux du mixage et applique-les \u00e0 tes projets de beatbox (wildcards, vid\u00e9os promotionnelles&#8230;) pour obtenir un son professionnel et qualitatif.<\/p>\n\n\n\n<p class=\"has-text-align-left\">Apprends pas \u00e0 pas les concepts principaux du mix et comment les appliquer \u00e0 tes compositions de beatbox pour obtenir le rendu audio que tu souhaites !<\/p>\n\n\n\n<p class=\"has-text-align-left\"><strong>Pr\u00e9requis :<\/strong><\/p>\n\n\n\n<p class=\"has-text-align-left\">Pas de pr\u00e9requis n\u00e9cessaire.<\/p>\n\n\n\n<p class=\"has-text-align-left\"><strong>Mat\u00e9riel n\u00e9cessaire :<\/strong><\/p>\n\n\n\n<ul class=\"wp-block-list\">\n<li>Ordinateur \/ ordinateur portable<\/li>\n\n\n\n<li>Casque \/ \u00e9couteurs<\/li>\n\n\n\n<li>Digital Audio Workstation (DAW): Ableton Live, Logic, Cubase, etc.<\/li>\n\n\n\n<li>Avoir un microphone et une carte son est un plus<\/li>\n<\/ul>\n\n\n\n<p><strong>Contenu :<\/strong><\/p>\n\n\n\n<p class=\"has-text-align-left\">25 vid\u00e9os comprenant :<\/p>\n\n\n\n<ul class=\"wp-block-list\">\n<li>22 le\u00e7ons<\/li>\n\n\n\n<li>1 challenge \u00e9l\u00e8ve<\/li>\n\n\n\n<li>Pose tes questions dans les commentaires pour obtenir plus d&rsquo;aide<\/li>\n<\/ul>\n\n\n\n<p class=\"has-text-align-left\"><strong>Dans cette s\u00e9rie de tutoriels, tu vas apprendre :<\/strong><\/p>\n\n\n\n<ul class=\"wp-block-list\">\n<li>\u00c0 mixer un rythme simple<\/li>\n\n\n\n<li>\u00c0 mixer une piste unique<\/li>\n\n\n\n<li>\u00c0 s\u00e9parer les sons d&rsquo;une piste unique afin de les mixer individuellement<\/li>\n\n\n\n<li>\u00c0 mixer des multipistes<\/li>\n\n\n\n<li>Ce que sont les fr\u00e9quences et quelles fr\u00e9quences correspondent \u00e0 quels sons<\/li>\n\n\n\n<li>Les r\u00e9glages d&rsquo;\u00e9galiseur (EQ), de volume, de r\u00e9verb\u00e9ration et de compression<\/li>\n\n\n\n<li>Utiliser un side chain<\/li>\n\n\n\n<li>Exporter avec le format appropri\u00e9 (fr\u00e9quence, etc.)<\/li>\n<\/ul>\n\n\n\n<p>\ud83d\udd51 Dur\u00e9e totale : 4 heures 11 minutes<\/p>\n\n\n\n<p class=\"has-text-align-left\"><strong>\u00c0 la fin de ce cours, tu seras capable de :<\/strong><\/p>\n\n\n\n<ul class=\"wp-block-list\">\n<li>Mixer des compositions de beatbox pour des comp\u00e9titions wildcard et des projets professionnels<\/li>\n\n\n\n<li>Faire en sorte que ton mix sonne bien en fonction de ta capacit\u00e9 d&rsquo;\u00e9coute, de tes go\u00fbts et du rendu que tu souhaites obtenir<\/li>\n<\/ul>\n\n\n\n<p class=\"has-text-align-left\"><strong>Niveau recommand\u00e9:<\/strong> Confirm\u00e9<\/p>\n\n\n\n<p class=\"has-text-align-left\"><strong>Langue audio :<\/strong> \ud83c\uddeb\ud83c\uddf7 Fran\u00e7ais<\/p>\n\n\n\n<p class=\"rouge has-lb-rouge-avan-color has-text-color\"><strong>Sous-titres : bient\u00f4t disponibles mais actuellement indisponibles. Si tu ach\u00e8tes le cours maintenant, tu auras acc\u00e8s aux sous-titres anglais et fran\u00e7ais automatiquement lorsqu&rsquo;ils seront mis en ligne.<\/strong><\/p>\n<\/div><\/div>\n\n<h2 class=\"wp-block-heading has-text-align-center\">Temps restant pour la r\u00e9duction de 50 % :<\/h2>\n\n<div class=\"wp-block-uagb-countdown uagb-block-284779ab\"><div class=\"wp-block-uagb-countdown__box wp-block-uagb-countdown__box-days\"><div class=\"wp-block-uagb-countdown__time wp-block-uagb-countdown__time-days\">&#8211;<\/div><div class=\"wp-block-uagb-countdown__label\">DAYS<\/div><\/div><div class=\"wp-block-uagb-countdown__box wp-block-uagb-countdown__box-hours\"><div class=\"wp-block-uagb-countdown__time wp-block-uagb-countdown__time-hours\">&#8211;<\/div><div class=\"wp-block-uagb-countdown__label\">HOURS<\/div><\/div><div class=\"wp-block-uagb-countdown__box wp-block-uagb-countdown__box-minutes\"><div class=\"wp-block-uagb-countdown__time wp-block-uagb-countdown__time-minutes\">&#8211;<\/div><div class=\"wp-block-uagb-countdown__label\">MINUTES<\/div><\/div><div class=\"wp-block-uagb-countdown__box wp-block-uagb-countdown__box-seconds\"><div class=\"wp-block-uagb-countdown__time wp-block-uagb-countdown__time-seconds\">&#8211;<\/div><div class=\"wp-block-uagb-countdown__label\">SECONDS<\/div><\/div><\/div>\n<p class=\"product woocommerce add_to_cart_inline \" style=\"border:4px solid #ccc; padding: 12px;\"><span class=\"woocommerce-Price-amount amount\"><bdi>89,00<span class=\"woocommerce-Price-currencySymbol\">&euro;<\/span><\/bdi><\/span><a href=\"\/fr\/wp-json\/wp\/v2\/product\/25690?add-to-cart=25689\" aria-describedby=\"woocommerce_loop_add_to_cart_link_describedby_25689\" data-quantity=\"1\" class=\"button product_type_simple add_to_cart_button ajax_add_to_cart\" data-product_id=\"25689\" data-product_sku=\"\" aria-label=\"Ajouter au panier\u00a0: &ldquo;How to mix your beatbox with Faya Braz [Premium Course]&rdquo;\" rel=\"nofollow\" data-success_message=\"\u00ab\u00a0How to mix your beatbox with Faya Braz [Premium Course]\u00a0\u00bb a \u00e9t\u00e9 ajout\u00e9 \u00e0 votre panier\">Ajouter au panier<\/a>\t<span id=\"woocommerce_loop_add_to_cart_link_describedby_25689\" class=\"screen-reader-text\">\n\t\t\t<\/span>\n<\/p>\n","protected":false},"excerpt":{"rendered":"","protected":false},"featured_media":25818,"comment_status":"open","ping_status":"closed","template":"","meta":{"_seopress_robots_primary_cat":"0","_seopress_titles_title":"","_seopress_titles_desc":"","_seopress_robots_index":"","_uag_custom_page_level_css":""},"product_brand":[],"product_cat":[439,393],"product_tag":[],"class_list":{"0":"post-25690","1":"product","2":"type-product","3":"status-publish","4":"has-post-thumbnail","6":"product_cat-cours-video","7":"product_cat-cours-videos-premium","9":"first","10":"instock","11":"virtual","12":"sold-individually","13":"purchasable","14":"product-type-simple"},"uagb_featured_image_src":{"full":["https:\/\/www.lyrebirdbeatbox.com\/wp-content\/uploads\/2023\/08\/faya_braz-comment_mixer_ton_beatbox-1080x1080-1.jpg",1080,1080,false],"thumbnail":["https:\/\/www.lyrebirdbeatbox.com\/wp-content\/uploads\/2023\/08\/faya_braz-comment_mixer_ton_beatbox-1080x1080-1-150x150.jpg",150,150,true],"medium":["https:\/\/www.lyrebirdbeatbox.com\/wp-content\/uploads\/2023\/08\/faya_braz-comment_mixer_ton_beatbox-1080x1080-1-300x300.jpg",300,300,true],"medium_large":["https:\/\/www.lyrebirdbeatbox.com\/wp-content\/uploads\/2023\/08\/faya_braz-comment_mixer_ton_beatbox-1080x1080-1-768x768.jpg",640,640,true],"large":["https:\/\/www.lyrebirdbeatbox.com\/wp-content\/uploads\/2023\/08\/faya_braz-comment_mixer_ton_beatbox-1080x1080-1-1024x1024.jpg",640,640,true],"1536x1536":["https:\/\/www.lyrebirdbeatbox.com\/wp-content\/uploads\/2023\/08\/faya_braz-comment_mixer_ton_beatbox-1080x1080-1.jpg",1080,1080,false],"2048x2048":["https:\/\/www.lyrebirdbeatbox.com\/wp-content\/uploads\/2023\/08\/faya_braz-comment_mixer_ton_beatbox-1080x1080-1.jpg",1080,1080,false],"post-thumbnail":["https:\/\/www.lyrebirdbeatbox.com\/wp-content\/uploads\/2023\/08\/faya_braz-comment_mixer_ton_beatbox-1080x1080-1-624x624.jpg",624,624,true],"woocommerce_thumbnail":["https:\/\/www.lyrebirdbeatbox.com\/wp-content\/uploads\/2023\/08\/faya_braz-comment_mixer_ton_beatbox-1080x1080-1-400x400.jpg",400,400,true],"woocommerce_single":["https:\/\/www.lyrebirdbeatbox.com\/wp-content\/uploads\/2023\/08\/faya_braz-comment_mixer_ton_beatbox-1080x1080-1-600x600.jpg",600,600,true],"woocommerce_gallery_thumbnail":["https:\/\/www.lyrebirdbeatbox.com\/wp-content\/uploads\/2023\/08\/faya_braz-comment_mixer_ton_beatbox-1080x1080-1-100x100.jpg",100,100,true]},"uagb_author_info":{"display_name":"Jabe","author_link":"https:\/\/www.lyrebirdbeatbox.com\/fr\/author\/"},"uagb_comment_info":0,"uagb_excerpt":null,"_links":{"self":[{"href":"https:\/\/www.lyrebirdbeatbox.com\/fr\/wp-json\/wp\/v2\/product\/25690","targetHints":{"allow":["GET"]}}],"collection":[{"href":"https:\/\/www.lyrebirdbeatbox.com\/fr\/wp-json\/wp\/v2\/product"}],"about":[{"href":"https:\/\/www.lyrebirdbeatbox.com\/fr\/wp-json\/wp\/v2\/types\/product"}],"replies":[{"embeddable":true,"href":"https:\/\/www.lyrebirdbeatbox.com\/fr\/wp-json\/wp\/v2\/comments?post=25690"}],"wp:featuredmedia":[{"embeddable":true,"href":"https:\/\/www.lyrebirdbeatbox.com\/fr\/wp-json\/wp\/v2\/media\/25818"}],"wp:attachment":[{"href":"https:\/\/www.lyrebirdbeatbox.com\/fr\/wp-json\/wp\/v2\/media?parent=25690"}],"wp:term":[{"taxonomy":"product_brand","embeddable":true,"href":"https:\/\/www.lyrebirdbeatbox.com\/fr\/wp-json\/wp\/v2\/product_brand?post=25690"},{"taxonomy":"product_cat","embeddable":true,"href":"https:\/\/www.lyrebirdbeatbox.com\/fr\/wp-json\/wp\/v2\/product_cat?post=25690"},{"taxonomy":"product_tag","embeddable":true,"href":"https:\/\/www.lyrebirdbeatbox.com\/fr\/wp-json\/wp\/v2\/product_tag?post=25690"}],"curies":[{"name":"wp","href":"https:\/\/api.w.org\/{rel}","templated":true}]}}