{"id":26278,"date":"2023-05-06T09:32:01","date_gmt":"2023-09-17T22:12:42","guid":{"rendered":"https:\/\/www.lyrebirdbeatbox.com\/shop\/non%20class\u00e9\/repete-apres-alem-entrainement-de-beatbox-coupon-pour-la-prochaine-session\/"},"modified":"2023-09-18T00:12:43","modified_gmt":"2023-09-17T22:12:43","slug":"repete-apres-alem-entrainement-de-beatbox-coupon-pour-la-prochaine-session","status":"publish","type":"product","link":"https:\/\/www.lyrebirdbeatbox.com\/fr\/boutique\/cartes-cadeaux\/repete-apres-alem-entrainement-de-beatbox-coupon-pour-la-prochaine-session\/","title":{"rendered":"R\u00e9p\u00e8te apr\u00e8s Alem &#8211; Entra\u00eenement de beatbox &#8211; Coupon pour la prochaine session"},"content":{"rendered":"\n<div class=\"wp-block-group\"><div class=\"wp-block-group__inner-container is-layout-constrained wp-block-group-is-layout-constrained\">\n<p>Tu manques de puissance dans tes sons ? As-tu des difficult\u00e9s \u00e0 beatboxer dans les temps et de mani\u00e8re constante avec impact ?<\/p>\n\n\n\n<p>Rejoins Alem pour un entra\u00eenement intensif en direct afin d&rsquo;entra\u00eener tes sons comme un champion du monde ! <\/p>\n\n\n\n<p>\u00ab R\u00e9p\u00e8te apr\u00e8s Alem \u00bb avec des exercices personnalis\u00e9s pour pratiquer et am\u00e9liorer tes sons de beatbox en un rien de temps !<\/p>\n\n\n\n<p>Niveau recommand\u00e9 : Tous niveaux \ud83d\udfe1<\/p>\n\n\n\n<p>D\u00e9roul\u00e9 de l\u2019atelier :<\/p>\n\n\n\n<ul class=\"wp-block-list\">\n<li>R\u00e9p\u00e8te apr\u00e8s Alem &#8211; Entra\u00eenement pour tous les niveaux (30 min)<\/li>\n<\/ul>\n\n\n\n<p>Langue : \ud83c\uddec\ud83c\udde7 Anglais.<\/p>\n\n\n\n<p>Prix pour cette masterclass: <s>12\u20ac<\/s> 8\u20ac<\/p>\n\n\n\n<p><\/p>\n\n\n\n<p class=\"has-text-align-center\"><strong>En achetant ceci, vous recevrez un code de r\u00e9duction utilisable pour les prochaines s\u00e9ances d&rsquo;entra\u00eenement de beatbox avec Alem.<\/strong><\/p>\n\n\n\n<p><\/p>\n\n\n\n<h3 class=\"wp-block-heading\">Plus d&rsquo;informations<\/h3>\n\n\n\n<p>\ud83e\udd472x champion du monde de beatbox en cat\u00e9gorie solo et tag-team, \ud83c\udf0e\ud83c\udfc6 champion GBB Tag-Team, \ud83e\udd472x champion de France de beatbox &#8230; \ud83c\uddeb\ud83c\uddf7 Alem est un beatboxeur et un comp\u00e9titeur de classe mondiale qui n&rsquo;a pas besoin d&rsquo;\u00eatre pr\u00e9sent\u00e9. Beatboxeur professionnel et professeur depuis plus de 12 ans, il t&rsquo;aidera \u00e0 d\u00e9passer tes limites et \u00e0 te perfectionner comme jamais auparavant.<\/p>\n\n\n\n<p>Tu apprendras \u00e0 t&rsquo;entra\u00eener comme Alem pour obtenir un beatbox coh\u00e9rent et puissant comme si tu \u00e9tais un vrai batteur !<\/p>\n\n\n\n<p><\/p>\n\n\n\n<h4 class=\"wp-block-heading\">Inscris-toi \u00e0 notre newsletter pour \u00eatre inform\u00e9 de la prochaine date d&rsquo;entra\u00eenement avec notre champion du monde ALEM !<\/h4>\n\n\n\n<p>Pas de spam. Promis \ud83d\ude09<\/p>\n\n\n\n<div id=\"mc_embed_signup\"><form action=\"https:\/\/lyrebirdbeatbox.us7.list-manage.com\/subscribe\/post?u=650cc24cef729fcbb0c2b4157&#038;id=e967d5e996&#038;f_id=0002dde4f0\" method=\"post\" id=\"mc-embedded-subscribe-form\" name=\"mc-embedded-subscribe-form\" class=\"validate\" target=\"_self\"><div id=\"mc_embed_signup_scroll\"><input type=\"hidden\" name=\"LANGUAGE\" value=\"FR\"\/><h2>Abonne-toi \u00e0 la lettre d&rsquo;information Lyrebird pour d\u00e9bloquer le cadeau d&rsquo;Alem :<\/h2><div class=\"indicates-required\"><span class=\"asterisk\">*<\/span>obligatoire<\/div><div class=\"mc-field-group\"><label for=\"mce-FNAME\">Nom :<span class=\"asterisk\">*<\/span><\/label><input type=\"text\" value=\"\" name=\"FNAME\" class=\"required\" id=\"mce-FNAME\" required=\"\"\/><span id=\"mce-FNAME-HELPERTEXT\" class=\"helper_text\"><\/span><\/div><div class=\"mc-field-group\"><label for=\"mce-EMAIL\">E-mail :<span class=\"asterisk\">*<\/span><\/label><input type=\"email\" value=\"\" name=\"EMAIL\" class=\"required email\" id=\"mce-EMAIL\" required=\"\"\/><span id=\"mce-EMAIL-HELPERTEXT\" class=\"helper_text\"><\/span><\/div><div class=\"hidden\"><input type=\"hidden\" name=\"tags\" value=\"3351629,7521353\"\/><\/div><div id=\"mce-responses\" class=\"clear foot\"><div class=\"response\" id=\"mce-error-response\" style=\"display:none\"><\/div><div class=\"response\" id=\"mce-success-response\" style=\"display:none\"><\/div><\/div><div style=\"position:absolute;left:-5000px\" aria-hidden=\"true\"><input type=\"text\" name=\"b_650cc24cef729fcbb0c2b4157_e967d5e996\" tabindex=\"-1\" value=\"\"\/><\/div><div class=\"optionalParent\"><div class=\"clear foot\"><input type=\"submit\" value=\"S'abonner\" name=\"subscribe\" id=\"mc-embedded-subscribe\" class=\"button\"\/><p class=\"brandingLogo\"><a href=\"http:\/\/eepurl.com\/hsXsRL\" title=\"Mailchimp\"><img decoding=\"async\" src=\"https:\/\/eep.io\/mc-cdn-images\/template_images\/branding_logo_text_dark_dtp.svg\" alt=\"Logo MailChimp\"\/><\/a><\/p><\/div><\/div><\/div><\/form><\/div>\n<\/div><\/div>\n","protected":false},"excerpt":{"rendered":"<p style=\"text-align: center;\">En achetant ceci tu recevras un code de r\u00e9duction utilisable pour la prochaine s\u00e9ance d&rsquo;entra\u00eenement de beatbox avec Alem.<\/p>\n","protected":false},"featured_media":24333,"comment_status":"open","ping_status":"closed","template":"","meta":{"_seopress_robots_primary_cat":"0","_seopress_titles_title":"","_seopress_titles_desc":"","_seopress_robots_index":"","_uag_custom_page_level_css":""},"product_brand":[],"product_cat":[592],"product_tag":[],"class_list":{"0":"post-26278","1":"product","2":"type-product","3":"status-publish","4":"has-post-thumbnail","6":"product_cat-cartes-cadeaux","8":"first","9":"instock","10":"purchasable","11":"product-type-wgm_gift_card"},"uagb_featured_image_src":{"full":["https:\/\/www.lyrebirdbeatbox.com\/wp-content\/uploads\/2023\/05\/repeat_after_alem_beatbox_workout_coupon.jpg",1080,1080,false],"thumbnail":["https:\/\/www.lyrebirdbeatbox.com\/wp-content\/uploads\/2023\/05\/repeat_after_alem_beatbox_workout_coupon-150x150.jpg",150,150,true],"medium":["https:\/\/www.lyrebirdbeatbox.com\/wp-content\/uploads\/2023\/05\/repeat_after_alem_beatbox_workout_coupon-300x300.jpg",300,300,true],"medium_large":["https:\/\/www.lyrebirdbeatbox.com\/wp-content\/uploads\/2023\/05\/repeat_after_alem_beatbox_workout_coupon-768x768.jpg",640,640,true],"large":["https:\/\/www.lyrebirdbeatbox.com\/wp-content\/uploads\/2023\/05\/repeat_after_alem_beatbox_workout_coupon-1024x1024.jpg",640,640,true],"1536x1536":["https:\/\/www.lyrebirdbeatbox.com\/wp-content\/uploads\/2023\/05\/repeat_after_alem_beatbox_workout_coupon.jpg",1080,1080,false],"2048x2048":["https:\/\/www.lyrebirdbeatbox.com\/wp-content\/uploads\/2023\/05\/repeat_after_alem_beatbox_workout_coupon.jpg",1080,1080,false],"post-thumbnail":["https:\/\/www.lyrebirdbeatbox.com\/wp-content\/uploads\/2023\/05\/repeat_after_alem_beatbox_workout_coupon-624x624.jpg",624,624,true],"woocommerce_thumbnail":["https:\/\/www.lyrebirdbeatbox.com\/wp-content\/uploads\/2023\/05\/repeat_after_alem_beatbox_workout_coupon-400x400.jpg",400,400,true],"woocommerce_single":["https:\/\/www.lyrebirdbeatbox.com\/wp-content\/uploads\/2023\/05\/repeat_after_alem_beatbox_workout_coupon-600x600.jpg",600,600,true],"woocommerce_gallery_thumbnail":["https:\/\/www.lyrebirdbeatbox.com\/wp-content\/uploads\/2023\/05\/repeat_after_alem_beatbox_workout_coupon-100x100.jpg",100,100,true]},"uagb_author_info":{"display_name":"Jabe","author_link":"https:\/\/www.lyrebirdbeatbox.com\/fr\/author\/"},"uagb_comment_info":0,"uagb_excerpt":"En achetant ceci tu recevras un code de r\u00e9duction utilisable pour la prochaine s\u00e9ance d'entra\u00eenement de beatbox avec Alem.","_links":{"self":[{"href":"https:\/\/www.lyrebirdbeatbox.com\/fr\/wp-json\/wp\/v2\/product\/26278","targetHints":{"allow":["GET"]}}],"collection":[{"href":"https:\/\/www.lyrebirdbeatbox.com\/fr\/wp-json\/wp\/v2\/product"}],"about":[{"href":"https:\/\/www.lyrebirdbeatbox.com\/fr\/wp-json\/wp\/v2\/types\/product"}],"replies":[{"embeddable":true,"href":"https:\/\/www.lyrebirdbeatbox.com\/fr\/wp-json\/wp\/v2\/comments?post=26278"}],"wp:featuredmedia":[{"embeddable":true,"href":"https:\/\/www.lyrebirdbeatbox.com\/fr\/wp-json\/wp\/v2\/media\/24333"}],"wp:attachment":[{"href":"https:\/\/www.lyrebirdbeatbox.com\/fr\/wp-json\/wp\/v2\/media?parent=26278"}],"wp:term":[{"taxonomy":"product_brand","embeddable":true,"href":"https:\/\/www.lyrebirdbeatbox.com\/fr\/wp-json\/wp\/v2\/product_brand?post=26278"},{"taxonomy":"product_cat","embeddable":true,"href":"https:\/\/www.lyrebirdbeatbox.com\/fr\/wp-json\/wp\/v2\/product_cat?post=26278"},{"taxonomy":"product_tag","embeddable":true,"href":"https:\/\/www.lyrebirdbeatbox.com\/fr\/wp-json\/wp\/v2\/product_tag?post=26278"}],"curies":[{"name":"wp","href":"https:\/\/api.w.org\/{rel}","templated":true}]}}