{"id":26394,"date":"2023-09-01T19:13:40","date_gmt":"2023-09-23T16:24:21","guid":{"rendered":"https:\/\/www.lyrebirdbeatbox.com\/shop\/non%20class\u00e9\/comment-construire-un-show-de-beatbox-captivant-avec-keumart-replay-replay\/"},"modified":"2023-09-23T18:41:10","modified_gmt":"2023-09-23T16:41:10","slug":"comment-construire-un-show-de-beatbox-captivant-avec-keumart","status":"publish","type":"product","link":"https:\/\/www.lyrebirdbeatbox.com\/fr\/boutique\/cours-video\/rediffusions-de-masterclass\/comment-construire-un-show-de-beatbox-captivant-avec-keumart\/","title":{"rendered":"Comment construire un show de beatbox captivant avec Keumart [Replay]"},"content":{"rendered":"\n<div class=\"wp-block-group\"><div class=\"wp-block-group__inner-container is-layout-constrained wp-block-group-is-layout-constrained\">\n<div class=\"wp-block-presto-player-reusable-edit\"><!--presto-player:video_id=304--><figure class=\"wp-block-video presto-block-video  presto-provider-bunny\" style=\"--plyr-color-main: var(--presto-player-highlight-color, #1a5e86); --plyr-captions-background: #000000; --presto-player-logo-width: 60px; \">\n\t<presto-player \n\t\tpreset='{&quot;id&quot;:5,&quot;name&quot;:&quot;Premium Course setup&quot;,&quot;slug&quot;:&quot;premium-course-setup&quot;,&quot;icon&quot;:&quot;&quot;,&quot;skin&quot;:&quot;stacked&quot;,&quot;play-large&quot;:true,&quot;rewind&quot;:true,&quot;play&quot;:true,&quot;fast-forward&quot;:true,&quot;progress&quot;:true,&quot;current-time&quot;:true,&quot;mute&quot;:true,&quot;volume&quot;:true,&quot;speed&quot;:true,&quot;pip&quot;:true,&quot;fullscreen&quot;:true,&quot;auto_hide&quot;:true,&quot;save_player_position&quot;:true,&quot;sticky_scroll&quot;:true,&quot;hide_youtube&quot;:true,&quot;lazy_load_youtube&quot;:false,&quot;hide_logo&quot;:false,&quot;border_radius&quot;:0,&quot;caption_style&quot;:&quot;default&quot;,&quot;caption_background&quot;:&quot;#000000&quot;,&quot;is_locked&quot;:false,&quot;created_by&quot;:2074,&quot;created_at&quot;:&quot;2021-04-02 17:50:24&quot;,&quot;updated_at&quot;:&quot;2024-09-25 18:35:46&quot;,&quot;deleted_at&quot;:&quot;&quot;,&quot;reset_on_end&quot;:false,&quot;email_collection&quot;:{&quot;enabled&quot;:false,&quot;behavior&quot;:&quot;pause&quot;,&quot;percentage&quot;:0,&quot;allow_skip&quot;:false,&quot;provider&quot;:&quot;&quot;,&quot;provider_list&quot;:&quot;&quot;,&quot;provider_tag&quot;:&quot;&quot;,&quot;border_radius&quot;:0,&quot;headline&quot;:&quot;&quot;,&quot;bottom_text&quot;:&quot;&quot;,&quot;button_text&quot;:&quot;&quot;,&quot;button_color&quot;:&quot;&quot;,&quot;button_text_color&quot;:&quot;&quot;},&quot;captions_enabled&quot;:true,&quot;sticky_scroll_position&quot;:&quot;bottom right&quot;,&quot;cta&quot;:{&quot;enabled&quot;:false,&quot;percentage&quot;:100,&quot;show_rewatch&quot;:true,&quot;show_skip&quot;:true,&quot;headline&quot;:&quot;&quot;,&quot;bottom_text&quot;:&quot;&quot;,&quot;show_button&quot;:true,&quot;button_text&quot;:&quot;&quot;,&quot;button_color&quot;:&quot;&quot;,&quot;button_text_color&quot;:&quot;&quot;,&quot;background_opacity&quot;:0,&quot;button_link&quot;:{&quot;id&quot;:&quot;&quot;,&quot;url&quot;:&quot;&quot;,&quot;type&quot;:&quot;&quot;,&quot;opensInNewTab&quot;:false},&quot;button_radius&quot;:0},&quot;action_bar&quot;:{&quot;enabled&quot;:false,&quot;percentage_start&quot;:0,&quot;text&quot;:&quot;Like this video?&quot;,&quot;background_color&quot;:&quot;&quot;,&quot;button_type&quot;:&quot;none&quot;,&quot;button_count&quot;:false,&quot;button_text&quot;:&quot;Click Here&quot;,&quot;button_radius&quot;:0,&quot;button_color&quot;:&quot;&quot;,&quot;button_text_color&quot;:&quot;&quot;,&quot;button_link&quot;:{&quot;id&quot;:&quot;&quot;,&quot;url&quot;:&quot;&quot;,&quot;type&quot;:&quot;&quot;,&quot;opensInNewTab&quot;:false}},&quot;captions&quot;:true,&quot;play_video_viewport&quot;:false,&quot;watermark&quot;:{&quot;enabled&quot;:false,&quot;text&quot;:&quot;&quot;,&quot;backgroundColor&quot;:&quot;&quot;,&quot;color&quot;:&quot;&quot;,&quot;opacity&quot;:0,&quot;position&quot;:&quot;&quot;},&quot;on_video_end&quot;:&quot;go-to-start&quot;,&quot;search&quot;:{&quot;enabled&quot;:true,&quot;minMatchCharLength&quot;:1,&quot;threshold&quot;:0.3,&quot;placeholder&quot;:&quot;&quot;},&quot;show_time_elapsed&quot;:false}'\n\t\tbranding='{&quot;logo&quot;:&quot;https:\\\/\\\/www.lyrebirdbeatbox.com\\\/wp-content\\\/uploads\\\/2022\\\/01\\\/lyrebird-beatbox-school-logo-footer.svg&quot;,&quot;color&quot;:&quot;#1a5e86&quot;,&quot;logo_width&quot;:60}'\n\t\tchapters='[{&quot;time&quot;:&quot;00:01&quot;,&quot;title&quot;:&quot;Intro&quot;},{&quot;time&quot;:&quot;05:01&quot;,&quot;title&quot;:&quot;Presence&quot;}]'\n\t\toverlays='[]'\n\t\ttracks='[]'\n\t\tblock-attributes='{&quot;playsInline&quot;:true,&quot;autoplay&quot;:true,&quot;id&quot;:304,&quot;src&quot;:&quot;https:\\\/\\\/vz-6eac1650-99a.b-cdn.net\\\/9550e3e2-cdd8-45e9-aa54-800725b0d2ec\\\/playlist.m3u8&quot;,&quot;preset&quot;:5,&quot;chapters&quot;:[{&quot;time&quot;:&quot;00:01&quot;,&quot;title&quot;:&quot;Intro&quot;},{&quot;time&quot;:&quot;05:01&quot;,&quot;title&quot;:&quot;Presence&quot;}],&quot;thumbnail&quot;:&quot;https:\\\/\\\/vz-6eac1650-99a.b-cdn.net\\\/9550e3e2-cdd8-45e9-aa54-800725b0d2ec\\\/thumbnail.jpg&quot;,&quot;preview&quot;:&quot;https:\\\/\\\/vz-6eac1650-99a.b-cdn.net\\\/9550e3e2-cdd8-45e9-aa54-800725b0d2ec\\\/preview.webp&quot;,&quot;visibility&quot;:&quot;public&quot;,&quot;color&quot;:&quot;#00b3ff&quot;,&quot;mutedPreview&quot;:{&quot;enabled&quot;:false,&quot;captions&quot;:false},&quot;mutedOverlay&quot;:{&quot;enabled&quot;:false,&quot;src&quot;:&quot;&quot;,&quot;width&quot;:200,&quot;focalPoint&quot;:{&quot;x&quot;:0.5,&quot;y&quot;:0.5}},&quot;mutedOverlayType&quot;:&quot;text&quot;,&quot;mutedOverlayText&quot;:&quot;Click to play&quot;,&quot;mutedOverlayImageWidth&quot;:200,&quot;overlays&quot;:[],&quot;tracks&quot;:[],&quot;openPopupId&quot;:&quot;&quot;,&quot;title&quot;:&quot;2023-09-09 - Keumart - How to build a captivating beatbox show - Part 1 of 2.mp4&quot;}'\n\t\tanalytics='1'\n\t\tautomations\t\tprovider='bunny'\n\t\t\t\tid=\"presto-player-1\"\n\t\tsrc=\"https:\/\/vz-6eac1650-99a.b-cdn.net\/9550e3e2-cdd8-45e9-aa54-800725b0d2ec\/playlist.m3u8\"\n\t\tmedia-title=\"2023-09-09 - Keumart - How to build a captivating beatbox show - Part 1 of 2.mp4\"\n\t\tcss=\"\"\n\t\tclass=\"presto-video-id-304 presto-preset-id-5 skin-stacked caption-style-default\"\n\t\tskin=\"stacked\" \n\t\ticon-url=\"https:\/\/www.lyrebirdbeatbox.com\/wp-content\/plugins\/presto-player\/img\/sprite.svg\" \n\t\tpreload=\"\" \n\t\tposter=\"https:\/\/vz-6eac1650-99a.b-cdn.net\/9550e3e2-cdd8-45e9-aa54-800725b0d2ec\/thumbnail.jpg\"\n\t\tyoutube=\"{&quot;noCookie&quot;:false,&quot;channelId&quot;:&quot;&quot;,&quot;show_count&quot;:false}\"\n\t\tprovider-video-id=\"\"\n\t\tvideo-id=\"304\"\n\t\t\t\tvideo-attributes='{}'\n\t\tplaysinline\t\tautoplay\t\t>\n\t\t    \n\n\t<\/presto-player>\n<\/figure>\t\t<script type=\"application\/ld+json\">\n\t\t\t{\"@context\":\"https:\\\/\\\/schema.org\",\"@type\":\"VideoObject\",\"name\":\"2023-09-09 - Keumart - How to build a captivating beatbox show - Part 1 of 2.mp4\",\"thumbnailUrl\":\"https:\\\/\\\/vz-6eac1650-99a.b-cdn.net\\\/9550e3e2-cdd8-45e9-aa54-800725b0d2ec\\\/thumbnail.jpg\",\"uploadDate\":\"2023-09-23T17:45:57+02:00\",\"contentUrl\":\"https:\\\/\\\/vz-6eac1650-99a.b-cdn.net\\\/9550e3e2-cdd8-45e9-aa54-800725b0d2ec\\\/playlist.m3u8\"}\t\t<\/script>\n\t\t<\/div>\n\n\n\n\n<p>\ud83c\udfa4 Grande nouvelle ! Nous vous pr\u00e9sentons notre nouvelle masterclass exclusive de Beatbox\ud83e\udd41<\/p>\n\n\n\n<p>\ud83d\udd25 D\u00e9couvrez l&rsquo;art de cr\u00e9er un spectacle de beatbox envo\u00fbtant ! \ud83d\udd25 Rejoins-nous pour un voyage inspirant o\u00f9 Keumart, artiste professionnel depuis plus de 20 ans et TOP 4 aux championnats du monde de beatbox dans la cat\u00e9gorie Scratch Vocal, r\u00e9v\u00e8le les secrets de la construction d&rsquo;une performance de beatbox captivante.<\/p>\n\n\n\n<p>Ce cours s&rsquo;adresse aux beatboxeurs de tous niveaux qui souhaitent faire des performances live en dehors des battles, qu&rsquo;il s&rsquo;agisse de petits showcases lors d&rsquo;\u00e9v\u00e9nements ou d&rsquo;un spectacle d&rsquo;une heure pour des tourn\u00e9es dans des bars, des salles de concert, des festivals, etc.<\/p>\n\n\n\n<p>Dans cette masterclass de 45 min, tu apprendras les concepts cl\u00e9s qui t\u2019aideront \u00e0 repenser ta structure, tes rythmes et ce que tu souhaites transmettre dans tes spectacles de beatbox pour capter l&rsquo;attention du public.<\/p>\n\n\n\n<p>\ud83c\udf10 Langue : \ud83c\uddec\ud83c\udde7 Anglais.<br\/>\u25b6\ufe0f Acc\u00e8s illimit\u00e9 \u00e0 la rediffusion inclus.<\/p>\n\n\n\n<p>\ud83d\ude80 Am\u00e9liore ton jeu de performance et apprends \u00e0 :<\/p>\n\n\n\n<p>\ud83c\udfb5 Pr\u00e9senter tes prouesses de beatbox dans un spectacle captivant.<br\/>\ud83e\udd29 Garder ton public attentif et le tenir en haleine tout au long de ta performance.<br\/>\ud83c\udfad Exprimer ton identit\u00e9 artistique unique et transmettre des \u00e9motions qui r\u00e9sonnent.<br\/>\ud83c\udf89 Faire de tes prestations en direct une exp\u00e9rience inoubliable qui ravit les foules.<\/p>\n\n\n\n<p>\ud83c\udf8a Que tu sois un passionn\u00e9 de beatbox visant \u00e0 perfectionner ta pr\u00e9sence sur sc\u00e8ne ou un novice d\u00e9sireux de plonger dans le monde des performances live, cette masterclass est ton ticket d&rsquo;or pour le succ\u00e8s.<\/p>\n\n\n\n<p>Pr\u00e9pare-toi \u00e0 t\u2019approprier la sc\u00e8ne comme jamais auparavant ! \ud83c\udfa4\ud83c\udfb6<\/p>\n\n\n\n<p>\ud83d\udccdCette masterclass a \u00e9t\u00e9 enregistr\u00e9e au Theater Zuidplein (Rotterdam) pendant les Dutch Beatbox Champs 23 \ud83c\uddf3\ud83c\uddf1.<\/p>\n\n\n\n<h2 class=\"wp-block-heading has-text-align-center\">Plus d&rsquo;informations :<\/h2>\n\n\n\n<blockquote class=\"wp-block-quote is-layout-flow wp-block-quote-is-layout-flow\">\n<p>\u201c<em>La plupart des beatboxeurs, m\u00eame ceux qui sont tr\u00e8s dou\u00e9s, ont tendance \u00e0 balancer leurs sons et leurs techniques sans penser au rythme ou \u00e0 la structure de leur spectacle, ce qui peut lasser rapidement un public non averti.<\/em>.\u201d<\/p>\n<cite>Keumart, Lyrebird teacher &amp; professional artist.<\/cite><\/blockquote>\n\n\n\n<p>Ce cours s&rsquo;adresse aux beatboxeurs de tous niveaux qui souhaitent faire des performances live en dehors des battles, qu&rsquo;il s&rsquo;agisse de petits showcases lors d&rsquo;\u00e9v\u00e9nements ou d&rsquo;un spectacle d&rsquo;une heure pour des tourn\u00e9es dans des bars, des salles de concert, des festivals, etc. <\/p>\n\n\n\n<p>Dans cette masterclass, tu apprendras les concepts cl\u00e9s qui t\u2019aideront \u00e0 repenser ta structure, tes rythmes et ce que tu souhaites transmettre dans tes spectacles de beatbox pour capter l&rsquo;attention du public.<\/p>\n\n\n\n<h2 class=\"wp-block-heading has-text-align-center\">\u00c0 propos de Keumart :<\/h2>\n\n\n\n<div class=\"wp-block-media-text is-stacked-on-mobile is-image-fill\"><figure class=\"wp-block-media-text__media\" style=\"background-image:url(https:\/\/www.lyrebirdbeatbox.com\/wp-content\/uploads\/2023\/06\/keumart-v2-470x470-1.jpg);background-position:47% 36%\"><img fetchpriority=\"high\" decoding=\"async\" width=\"470\" height=\"470\" src=\"https:\/\/www.lyrebirdbeatbox.com\/wp-content\/uploads\/2023\/06\/keumart-v2-470x470-1.jpg\" alt=\"\" class=\"wp-image-24693 size-full\" srcset=\"https:\/\/www.lyrebirdbeatbox.com\/wp-content\/uploads\/2023\/06\/keumart-v2-470x470-1.jpg 470w, https:\/\/www.lyrebirdbeatbox.com\/wp-content\/uploads\/2023\/06\/keumart-v2-470x470-1-300x300.jpg 300w, https:\/\/www.lyrebirdbeatbox.com\/wp-content\/uploads\/2023\/06\/keumart-v2-470x470-1-150x150.jpg 150w, https:\/\/www.lyrebirdbeatbox.com\/wp-content\/uploads\/2023\/06\/keumart-v2-470x470-1-400x400.jpg 400w, https:\/\/www.lyrebirdbeatbox.com\/wp-content\/uploads\/2023\/06\/keumart-v2-470x470-1-100x100.jpg 100w\" sizes=\"(max-width: 470px) 100vw, 470px\" \/><\/figure><div class=\"wp-block-media-text__content\">\n<p>Keumart est multiple champion suisse de beatbox dans 3 cat\u00e9gories et vice-champion de France en tag-team. R\u00e9cemment class\u00e9 TOP 4 au World Beatbox Championship dans la cat\u00e9gorie Vocal Scratch, il a \u00e9galement remport\u00e9 plusieurs championnats r\u00e9gionaux dans la c\u00e9l\u00e8bre comp\u00e9tition d&rsquo;improvisation rap \u00ab\u00a0End of the Weak\u00a0\u00bb.<\/p>\n\n\n\n<p>Profond\u00e9ment immerg\u00e9 dans la culture hip-hop et reggae, c\u2019est un artiste complet qui partage son amour de la musique \u00e0 travers des spectacles, des ateliers et des cours depuis 23 ans. Il est \u00e9galement professeur de Beatbox dans plusieurs grandes \u00e9coles de musique, dont Lyrebird Beatbox School.<\/p>\n<\/div><\/div>\n\n\n\n<h2 class=\"wp-block-heading has-text-align-center\">Avis clients :<\/h2>\n<\/div><\/div>\n\n<p><em>\u00ab\u00a0Tr\u00e8s satisfait de pouvoir apprendre des choses auxquelles on ne pense pas lorsqu&rsquo;on d\u00e9bute en tant qu&rsquo;artiste ! Il y a des choses que l&rsquo;on sait d\u00e9j\u00e0, mais que l&rsquo;on oublie d&rsquo;am\u00e9liorer. Ce cours \u00e9tait g\u00e9nial !\u00a0\u00bb <\/em>AVH, \ud83e\udd47 2x Champion de beatbox des Pays-Bas cat\u00e9gorie Loop Station 22-23.<\/p>\n\n<p><em>\u00ab\u00a0C&rsquo;\u00e9tait vraiment utile, il y avait beaucoup de le\u00e7ons pr\u00e9cieuses ici et je recommande vraiment ce cours \u00e0 d&rsquo;autres beatboxeurs\/loopers !\u00a0\u00bb <\/em>Eshwin, Vice-Champion de beatbox des Pays-Bas cat\u00e9gorie Loop Station 22.<\/p>\n\n<p><em>\u00ab\u00a0C&rsquo;\u00e9tait super de t&rsquo;avoir parmi nous !!! L&rsquo;atelier \u00e9tait aussi tr\u00e8s utile et int\u00e9ressant, \u00e0 recommander vivement \ud83d\udc9c\ud83d\udc9c\ud83d\udc9c\ud83d\udc9c\u00a0\u00bb<\/em> Dr. Slow Sweat\ud83e\udd48 Vice-Champion de beatbox des Pays-Bas cat\u00e9gorie Loop Station 21.<\/p>\n\n<p><em>\u00ab\u00a0Ce cours \u00e9tait super sympa !\ud83d\ude4c J&rsquo;ai beaucoup appris gr\u00e2ce \u00e0 lui.\ud83d\udd25 Je recommanderai \u00e0 tout le monde de prendre ce cours si c&rsquo;est possible ! Merci beaucoup!\ud83d\ude4f\ud83c\udffb\u00a0\u00bb <\/em>Jar_Nell \ud83e\udd48 Vice-Champion de beatbox des Pays-Bas cat\u00e9gorie Loop Station 23.<\/p>\n","protected":false},"excerpt":{"rendered":"","protected":false},"featured_media":26391,"comment_status":"open","ping_status":"closed","template":"","meta":{"_seopress_robots_primary_cat":"0","_seopress_titles_title":"","_seopress_titles_desc":"","_seopress_robots_index":"","_uag_custom_page_level_css":""},"product_brand":[],"product_cat":[439,560],"product_tag":[],"class_list":{"0":"post-26394","1":"product","2":"type-product","3":"status-publish","4":"has-post-thumbnail","6":"product_cat-cours-video","7":"product_cat-rediffusions-de-masterclass","9":"first","10":"instock","11":"sale","12":"virtual","13":"sold-individually","14":"purchasable","15":"product-type-simple"},"uagb_featured_image_src":{"full":["https:\/\/www.lyrebirdbeatbox.com\/wp-content\/uploads\/2023\/09\/2023-09-09-keumart-comment_construire_un_show_de_beatbox_captivant-1080x1080-1.jpg",1080,1080,false],"thumbnail":["https:\/\/www.lyrebirdbeatbox.com\/wp-content\/uploads\/2023\/09\/2023-09-09-keumart-comment_construire_un_show_de_beatbox_captivant-1080x1080-1-150x150.jpg",150,150,true],"medium":["https:\/\/www.lyrebirdbeatbox.com\/wp-content\/uploads\/2023\/09\/2023-09-09-keumart-comment_construire_un_show_de_beatbox_captivant-1080x1080-1-300x300.jpg",300,300,true],"medium_large":["https:\/\/www.lyrebirdbeatbox.com\/wp-content\/uploads\/2023\/09\/2023-09-09-keumart-comment_construire_un_show_de_beatbox_captivant-1080x1080-1-768x768.jpg",640,640,true],"large":["https:\/\/www.lyrebirdbeatbox.com\/wp-content\/uploads\/2023\/09\/2023-09-09-keumart-comment_construire_un_show_de_beatbox_captivant-1080x1080-1-1024x1024.jpg",640,640,true],"1536x1536":["https:\/\/www.lyrebirdbeatbox.com\/wp-content\/uploads\/2023\/09\/2023-09-09-keumart-comment_construire_un_show_de_beatbox_captivant-1080x1080-1.jpg",1080,1080,false],"2048x2048":["https:\/\/www.lyrebirdbeatbox.com\/wp-content\/uploads\/2023\/09\/2023-09-09-keumart-comment_construire_un_show_de_beatbox_captivant-1080x1080-1.jpg",1080,1080,false],"post-thumbnail":["https:\/\/www.lyrebirdbeatbox.com\/wp-content\/uploads\/2023\/09\/2023-09-09-keumart-comment_construire_un_show_de_beatbox_captivant-1080x1080-1-624x624.jpg",624,624,true],"woocommerce_thumbnail":["https:\/\/www.lyrebirdbeatbox.com\/wp-content\/uploads\/2023\/09\/2023-09-09-keumart-comment_construire_un_show_de_beatbox_captivant-1080x1080-1-400x400.jpg",400,400,true],"woocommerce_single":["https:\/\/www.lyrebirdbeatbox.com\/wp-content\/uploads\/2023\/09\/2023-09-09-keumart-comment_construire_un_show_de_beatbox_captivant-1080x1080-1-600x600.jpg",600,600,true],"woocommerce_gallery_thumbnail":["https:\/\/www.lyrebirdbeatbox.com\/wp-content\/uploads\/2023\/09\/2023-09-09-keumart-comment_construire_un_show_de_beatbox_captivant-1080x1080-1-100x100.jpg",100,100,true]},"uagb_author_info":{"display_name":"Jabe","author_link":"https:\/\/www.lyrebirdbeatbox.com\/fr\/author\/"},"uagb_comment_info":0,"uagb_excerpt":null,"_links":{"self":[{"href":"https:\/\/www.lyrebirdbeatbox.com\/fr\/wp-json\/wp\/v2\/product\/26394","targetHints":{"allow":["GET"]}}],"collection":[{"href":"https:\/\/www.lyrebirdbeatbox.com\/fr\/wp-json\/wp\/v2\/product"}],"about":[{"href":"https:\/\/www.lyrebirdbeatbox.com\/fr\/wp-json\/wp\/v2\/types\/product"}],"replies":[{"embeddable":true,"href":"https:\/\/www.lyrebirdbeatbox.com\/fr\/wp-json\/wp\/v2\/comments?post=26394"}],"wp:featuredmedia":[{"embeddable":true,"href":"https:\/\/www.lyrebirdbeatbox.com\/fr\/wp-json\/wp\/v2\/media\/26391"}],"wp:attachment":[{"href":"https:\/\/www.lyrebirdbeatbox.com\/fr\/wp-json\/wp\/v2\/media?parent=26394"}],"wp:term":[{"taxonomy":"product_brand","embeddable":true,"href":"https:\/\/www.lyrebirdbeatbox.com\/fr\/wp-json\/wp\/v2\/product_brand?post=26394"},{"taxonomy":"product_cat","embeddable":true,"href":"https:\/\/www.lyrebirdbeatbox.com\/fr\/wp-json\/wp\/v2\/product_cat?post=26394"},{"taxonomy":"product_tag","embeddable":true,"href":"https:\/\/www.lyrebirdbeatbox.com\/fr\/wp-json\/wp\/v2\/product_tag?post=26394"}],"curies":[{"name":"wp","href":"https:\/\/api.w.org\/{rel}","templated":true}]}}