{"id":28271,"date":"2024-02-07T18:10:08","date_gmt":"2024-02-08T16:02:31","guid":{"rendered":"https:\/\/www.lyrebirdbeatbox.com\/?post_type=product&#038;p=28271"},"modified":"2024-02-16T18:34:08","modified_gmt":"2024-02-16T17:34:08","slug":"construire-ton-plan-daction-en-beatbox-e-book-par-nazca","status":"publish","type":"product","link":"https:\/\/www.lyrebirdbeatbox.com\/fr\/boutique\/merchandising-fr\/e-books-fr\/construire-ton-plan-daction-en-beatbox-e-book-par-nazca\/","title":{"rendered":"Construire ton plan d\u2019action beatbox \u2013 e-book par Nazca"},"content":{"rendered":"\n<p>Tu as l&rsquo;impression de <strong>stagner<\/strong> ?<\/p>\n\n<p>Tu as l&rsquo;impression qu&rsquo;il te manque quelque chose pour d\u00e9clencher une <strong>progression<\/strong> <strong>exponentielle<\/strong> en beatbox ?<\/p>\n\n<p>Cr\u00e9er et trouver de nouvelles textures, avoir une ex\u00e9cution pr\u00e9cise, poss\u00e9der des routines\/morceaux solides, et m\u00eame rester motiv\u00e9 pendant ta progression. <\/p>\n\n<p>Cet e-book a \u00e9t\u00e9 \u00e9crit pour que tu puisses te cr\u00e9er une progression sur le long terme personnellement et artistiquement.<\/p>\n\n<p>Cet e-book est fait pour toi si tu es motiv\u00e9 pour atteindre tes objectifs et <strong>tes r\u00eaves<\/strong> en tant que beatboxeur. Les concepts cl\u00e9s mentionn\u00e9s dans le livre s&rsquo;appliquent \u00e9galement \u00e0 n&rsquo;importe quel domaine de ta vie. <\/p>\n\n<p>Une seule condition est n\u00e9cessaire pour r\u00e9ussir : <strong>passer \u00e0 l&rsquo;action<\/strong>.<\/p>\n\n<p>Le passage \u00e0 l&rsquo;action a de nombreux avantages :<\/p>\n\n<ul class=\"wp-block-list\">\n<li>Lutter contre le le fait de <strong>trop r\u00e9fl\u00e9chir<\/strong> (comme les doutes, l&rsquo;envie d&rsquo;abandonner, la comparaison)<\/li>\n\n\n\n<li>Augmenter la <strong>confiance en soi<\/strong> car tu es fier de ce que tu fais<\/li>\n\n\n\n<li><strong>Croissance<\/strong> personnelle et artistique long terme<\/li>\n<\/ul>\n\n<p>Dans cet e-book, tu apprendras :<\/p>\n\n<p>\ud83d\udc49 Comment d\u00e9finir tes objectifs de beatbox ?<br\/>\ud83d\udc49 Comment cr\u00e9er ton programme d&rsquo;entra\u00eenement de beatbox<br\/>\ud83d\udc49 Comment ex\u00e9cuter ton programme<br\/>\ud83d\udc49 5 astuces pour ne jamais abandonner<br\/>\ud83d\udc49 Comment rester dans l&rsquo;action et concentr\u00e9<\/p>\n\n<p>Rappelle-toi : fais en sorte que ton chemin soit amusant. Pour les personnes qui r\u00e9ussissent l&rsquo;important c&rsquo;est le chemin et non l&rsquo;arriv\u00e9e.<\/p>\n\n<p>Prends des mesures pour <strong>d\u00e9velopper tes comp\u00e9tences<\/strong> et devenir un <strong>beatboxeur \u00e0 succ\u00e8s<\/strong>.<\/p>\n\n<blockquote class=\"wp-block-quote is-layout-flow wp-block-quote-is-layout-flow\">\n<p>\u00ab Que ton beatbox devienne fort. \u00bb<\/p>\n<cite>NAZCA.<\/cite><\/blockquote>\n\n<div class=\"wp-block-uagb-review uagb-ratings__outer-wrap uagb-block-148d1a9c\"><div class=\"uagb_review_block\"><a href=\"#\" class=\"uagb-rating-link-wrapper\" target=\"\" rel=\"noopener\"><h3 class=\"uagb-rating-title\">Avis des clients :<\/h3><\/a><p class=\"uagb-rating-desc\">\u00ab Ce livre est magnifique, tout a fonctionn\u00e9 super bien, vous avez \u00e9t\u00e9 incroyables en cr\u00e9ant ce chef-d&rsquo;\u0153uvre \u00bb <\/p><p class=\"uagb-rating-author\">\u2013 Duzzy, TOP 4 Championnats de beatbox des Pays Bas 23 &#8211; Cat\u00e9gorie Solo<\/p><div class=\"uagb_review_summary\"><p class=\"uagb_review_summary_title\"><\/p><div class=\"uagb_review_overall_value\"><p class=\"uagb_review_summary_desc\"><\/p><div class=\"uagb_review_average\"><span class=\"uagb_review_rating\">5<\/span><div class=\"uagb_review_average_stars\" style=\"display:flex;flex-direction:flex-row\"><svg xmlns=\"https:\/\/www.w3.org\/2000\/svg\" height=\"20\" width=\"20\" viewbox=\"0 0 150 150\"><defs><mask id=\"uagb_review_star_filter-148d1a9c-average-0\"><rect height=\"150\" width=\"150\" y=\"0\" x=\"0\" fill=\"#fff\"><\/rect><\/mask><\/defs><path fill=\"#888888\" stroke-width=\"2.5\" d=\"m0.75,56.89914l56.02207,0l17.31126,-56.14914l17.31126,56.14914l56.02206,0l-45.32273,34.70168l17.31215,56.14914l-45.32274,-34.70262l-45.32274,34.70262l17.31215,-56.14914l-45.32274,-34.70168z\" stroke=\"#000000\"><\/path><path class=\"star\" id=\"star0\" mask=\"url(#uagb_review_star_filter-148d1a9c-average-0)\" fill=\"#eeee00\" stroke-width=\"2.5\" d=\"m0.75,56.89914l56.02207,0l17.31126,-56.14914l17.31126,56.14914l56.02206,0l-45.32273,34.70168l17.31215,56.14914l-45.32274,-34.70262l-45.32274,34.70262l17.31215,-56.14914l-45.32274,-34.70168z\" stroke=\"#000000\"><\/path><\/svg><svg xmlns=\"https:\/\/www.w3.org\/2000\/svg\" height=\"20\" width=\"20\" viewbox=\"0 0 150 150\"><defs><mask id=\"uagb_review_star_filter-148d1a9c-average-1\"><rect height=\"150\" width=\"150\" y=\"0\" x=\"0\" fill=\"#fff\"><\/rect><\/mask><\/defs><path fill=\"#888888\" stroke-width=\"2.5\" d=\"m0.75,56.89914l56.02207,0l17.31126,-56.14914l17.31126,56.14914l56.02206,0l-45.32273,34.70168l17.31215,56.14914l-45.32274,-34.70262l-45.32274,34.70262l17.31215,-56.14914l-45.32274,-34.70168z\" stroke=\"#000000\"><\/path><path class=\"star\" id=\"star1\" mask=\"url(#uagb_review_star_filter-148d1a9c-average-1)\" fill=\"#eeee00\" stroke-width=\"2.5\" d=\"m0.75,56.89914l56.02207,0l17.31126,-56.14914l17.31126,56.14914l56.02206,0l-45.32273,34.70168l17.31215,56.14914l-45.32274,-34.70262l-45.32274,34.70262l17.31215,-56.14914l-45.32274,-34.70168z\" stroke=\"#000000\"><\/path><\/svg><svg xmlns=\"https:\/\/www.w3.org\/2000\/svg\" height=\"20\" width=\"20\" viewbox=\"0 0 150 150\"><defs><mask id=\"uagb_review_star_filter-148d1a9c-average-2\"><rect height=\"150\" width=\"150\" y=\"0\" x=\"0\" fill=\"#fff\"><\/rect><\/mask><\/defs><path fill=\"#888888\" stroke-width=\"2.5\" d=\"m0.75,56.89914l56.02207,0l17.31126,-56.14914l17.31126,56.14914l56.02206,0l-45.32273,34.70168l17.31215,56.14914l-45.32274,-34.70262l-45.32274,34.70262l17.31215,-56.14914l-45.32274,-34.70168z\" stroke=\"#000000\"><\/path><path class=\"star\" id=\"star2\" mask=\"url(#uagb_review_star_filter-148d1a9c-average-2)\" fill=\"#eeee00\" stroke-width=\"2.5\" d=\"m0.75,56.89914l56.02207,0l17.31126,-56.14914l17.31126,56.14914l56.02206,0l-45.32273,34.70168l17.31215,56.14914l-45.32274,-34.70262l-45.32274,34.70262l17.31215,-56.14914l-45.32274,-34.70168z\" stroke=\"#000000\"><\/path><\/svg><svg xmlns=\"https:\/\/www.w3.org\/2000\/svg\" height=\"20\" width=\"20\" viewbox=\"0 0 150 150\"><defs><mask id=\"uagb_review_star_filter-148d1a9c-average-3\"><rect height=\"150\" width=\"150\" y=\"0\" x=\"0\" fill=\"#fff\"><\/rect><\/mask><\/defs><path fill=\"#888888\" stroke-width=\"2.5\" d=\"m0.75,56.89914l56.02207,0l17.31126,-56.14914l17.31126,56.14914l56.02206,0l-45.32273,34.70168l17.31215,56.14914l-45.32274,-34.70262l-45.32274,34.70262l17.31215,-56.14914l-45.32274,-34.70168z\" stroke=\"#000000\"><\/path><path class=\"star\" id=\"star3\" mask=\"url(#uagb_review_star_filter-148d1a9c-average-3)\" fill=\"#eeee00\" stroke-width=\"2.5\" d=\"m0.75,56.89914l56.02207,0l17.31126,-56.14914l17.31126,56.14914l56.02206,0l-45.32273,34.70168l17.31215,56.14914l-45.32274,-34.70262l-45.32274,34.70262l17.31215,-56.14914l-45.32274,-34.70168z\" stroke=\"#000000\"><\/path><\/svg><svg xmlns=\"https:\/\/www.w3.org\/2000\/svg\" height=\"20\" width=\"20\" viewbox=\"0 0 150 150\"><defs><mask id=\"uagb_review_star_filter-148d1a9c-average-4\"><rect height=\"150\" width=\"150\" y=\"0\" x=\"0\" fill=\"#fff\"><\/rect><\/mask><\/defs><path fill=\"#888888\" stroke-width=\"2.5\" d=\"m0.75,56.89914l56.02207,0l17.31126,-56.14914l17.31126,56.14914l56.02206,0l-45.32273,34.70168l17.31215,56.14914l-45.32274,-34.70262l-45.32274,34.70262l17.31215,-56.14914l-45.32274,-34.70168z\" stroke=\"#000000\"><\/path><path class=\"star\" id=\"star4\" mask=\"url(#uagb_review_star_filter-148d1a9c-average-4)\" fill=\"#eeee00\" stroke-width=\"2.5\" d=\"m0.75,56.89914l56.02207,0l17.31126,-56.14914l17.31126,56.14914l56.02206,0l-45.32273,34.70168l17.31215,56.14914l-45.32274,-34.70262l-45.32274,34.70262l17.31215,-56.14914l-45.32274,-34.70168z\" stroke=\"#000000\"><\/path><\/svg><\/div><\/div><\/div><\/div><\/div><\/div>\n<p class=\"product woocommerce add_to_cart_inline \" style=\"border:4px solid #ccc; padding: 12px;\"><span class=\"woocommerce-Price-amount amount\"><bdi>12,00<span class=\"woocommerce-Price-currencySymbol\">&euro;<\/span><\/bdi><\/span><a href=\"\/fr\/wp-json\/wp\/v2\/product\/28271?add-to-cart=28270\" aria-describedby=\"woocommerce_loop_add_to_cart_link_describedby_28270\" data-quantity=\"1\" class=\"button product_type_simple add_to_cart_button ajax_add_to_cart\" data-product_id=\"28270\" data-product_sku=\"\" aria-label=\"Ajouter au panier\u00a0: &ldquo;How to build your action plan as a beatboxer \u2013 e-book by Nazca&rdquo;\" rel=\"nofollow\" data-success_message=\"\u00ab\u00a0How to build your action plan as a beatboxer \u2013 e-book by Nazca\u00a0\u00bb a \u00e9t\u00e9 ajout\u00e9 \u00e0 votre panier\">Ajouter au panier<\/a>\t<span id=\"woocommerce_loop_add_to_cart_link_describedby_28270\" class=\"screen-reader-text\">\n\t\t\t<\/span>\n<\/p>\n","protected":false},"excerpt":{"rendered":"<p>Prends en main ton parcours de beatbox avec l&rsquo;e-book de Nazca. Apprends \u00e0 te fixer des objectifs clairs, \u00e0 cr\u00e9er des programmes d&rsquo;entra\u00eenement efficaces et \u00e0 rester motiv\u00e9 sur la voie de la ma\u00eetrise du beatbox. Passe \u00e0 l&rsquo;action et lib\u00e8re tout ton potentiel d\u00e8s aujourd&rsquo;hui !<\/p>\n","protected":false},"featured_media":28277,"comment_status":"open","ping_status":"closed","template":"","meta":{"_seopress_robots_primary_cat":"0","_seopress_titles_title":"","_seopress_titles_desc":"Lib\u00e9re ton potentiel de beatbox gr\u00e2ce \u00e0 l&#039;e-book complet de Nazca. Apprends \u00e0 fixer des objectifs, \u00e0 \u00e9laborer des programmes de formation et \u00e0 relever des d\u00e9fis.","_seopress_robots_index":"","_uag_custom_page_level_css":""},"product_brand":[],"product_cat":[707,655],"product_tag":[381,816,546,818,379,859,819,817,383,801,805,860,820],"class_list":{"0":"post-28271","1":"product","2":"type-product","3":"status-publish","4":"has-post-thumbnail","6":"product_cat-e-books-fr","7":"product_cat-merchandising-fr","8":"product_tag-beatbox-fr","9":"product_tag-beatboxing-fr","10":"product_tag-confirme","11":"product_tag-cours","12":"product_tag-debutant","13":"product_tag-e-book-fr","14":"product_tag-formation","15":"product_tag-human-beatbox-fr","16":"product_tag-intermediaire","17":"product_tag-nazca-fr","18":"product_tag-solo-fr","19":"product_tag-tous-niveaux","20":"product_tag-tutoriel","21":"pa_book-language-shop-livre-anglais-boutique","22":"pa_book-language-shop-livre-francais-boutique","23":"pa_category-shop-solo-boutique","24":"pa_recommended-level-shop-confirme-boutique","25":"pa_recommended-level-shop-debutant-boutique","26":"pa_recommended-level-shop-intermediaire-boutique","27":"pa_recommended-level-shop-tous-niveaux-boutique","28":"pa_teacher-shop-nazca-boutique","29":"pa_type-shop-e-book-de-beatbox-boutique","31":"first","32":"instock","33":"downloadable","34":"virtual","35":"sold-individually","36":"purchasable","37":"product-type-simple"},"uagb_featured_image_src":{"full":["https:\/\/www.lyrebirdbeatbox.com\/wp-content\/uploads\/2024\/02\/nazca-ebook-construire_ton_plan_d_action_beatbox-cover.jpg",1080,1080,false],"thumbnail":["https:\/\/www.lyrebirdbeatbox.com\/wp-content\/uploads\/2024\/02\/nazca-ebook-construire_ton_plan_d_action_beatbox-cover-150x150.jpg",150,150,true],"medium":["https:\/\/www.lyrebirdbeatbox.com\/wp-content\/uploads\/2024\/02\/nazca-ebook-construire_ton_plan_d_action_beatbox-cover-300x300.jpg",300,300,true],"medium_large":["https:\/\/www.lyrebirdbeatbox.com\/wp-content\/uploads\/2024\/02\/nazca-ebook-construire_ton_plan_d_action_beatbox-cover-768x768.jpg",640,640,true],"large":["https:\/\/www.lyrebirdbeatbox.com\/wp-content\/uploads\/2024\/02\/nazca-ebook-construire_ton_plan_d_action_beatbox-cover-1024x1024.jpg",640,640,true],"1536x1536":["https:\/\/www.lyrebirdbeatbox.com\/wp-content\/uploads\/2024\/02\/nazca-ebook-construire_ton_plan_d_action_beatbox-cover.jpg",1080,1080,false],"2048x2048":["https:\/\/www.lyrebirdbeatbox.com\/wp-content\/uploads\/2024\/02\/nazca-ebook-construire_ton_plan_d_action_beatbox-cover.jpg",1080,1080,false],"post-thumbnail":["https:\/\/www.lyrebirdbeatbox.com\/wp-content\/uploads\/2024\/02\/nazca-ebook-construire_ton_plan_d_action_beatbox-cover-624x624.jpg",624,624,true],"woocommerce_thumbnail":["https:\/\/www.lyrebirdbeatbox.com\/wp-content\/uploads\/2024\/02\/nazca-ebook-construire_ton_plan_d_action_beatbox-cover-400x400.jpg",400,400,true],"woocommerce_single":["https:\/\/www.lyrebirdbeatbox.com\/wp-content\/uploads\/2024\/02\/nazca-ebook-construire_ton_plan_d_action_beatbox-cover-600x600.jpg",600,600,true],"woocommerce_gallery_thumbnail":["https:\/\/www.lyrebirdbeatbox.com\/wp-content\/uploads\/2024\/02\/nazca-ebook-construire_ton_plan_d_action_beatbox-cover-100x100.jpg",100,100,true]},"uagb_author_info":{"display_name":"Jabe","author_link":"https:\/\/www.lyrebirdbeatbox.com\/fr\/author\/"},"uagb_comment_info":0,"uagb_excerpt":"Prends en main ton parcours de beatbox avec l'e-book de Nazca. Apprends \u00e0 te fixer des objectifs clairs, \u00e0 cr\u00e9er des programmes d'entra\u00eenement efficaces et \u00e0 rester motiv\u00e9 sur la voie de la ma\u00eetrise du beatbox. Passe \u00e0 l'action et lib\u00e8re tout ton potentiel d\u00e8s aujourd'hui !","_links":{"self":[{"href":"https:\/\/www.lyrebirdbeatbox.com\/fr\/wp-json\/wp\/v2\/product\/28271","targetHints":{"allow":["GET"]}}],"collection":[{"href":"https:\/\/www.lyrebirdbeatbox.com\/fr\/wp-json\/wp\/v2\/product"}],"about":[{"href":"https:\/\/www.lyrebirdbeatbox.com\/fr\/wp-json\/wp\/v2\/types\/product"}],"replies":[{"embeddable":true,"href":"https:\/\/www.lyrebirdbeatbox.com\/fr\/wp-json\/wp\/v2\/comments?post=28271"}],"wp:featuredmedia":[{"embeddable":true,"href":"https:\/\/www.lyrebirdbeatbox.com\/fr\/wp-json\/wp\/v2\/media\/28277"}],"wp:attachment":[{"href":"https:\/\/www.lyrebirdbeatbox.com\/fr\/wp-json\/wp\/v2\/media?parent=28271"}],"wp:term":[{"taxonomy":"product_brand","embeddable":true,"href":"https:\/\/www.lyrebirdbeatbox.com\/fr\/wp-json\/wp\/v2\/product_brand?post=28271"},{"taxonomy":"product_cat","embeddable":true,"href":"https:\/\/www.lyrebirdbeatbox.com\/fr\/wp-json\/wp\/v2\/product_cat?post=28271"},{"taxonomy":"product_tag","embeddable":true,"href":"https:\/\/www.lyrebirdbeatbox.com\/fr\/wp-json\/wp\/v2\/product_tag?post=28271"}],"curies":[{"name":"wp","href":"https:\/\/api.w.org\/{rel}","templated":true}]}}