{"id":60487,"date":"2025-11-30T20:31:43","date_gmt":"2025-11-30T19:31:43","guid":{"rendered":"https:\/\/www.lyrebirdbeatbox.com\/shop\/non%20class\u00e9\/apprends-le-beatbox-a-partir-de-zero-avec-jabe-atelier-pour-debutants\/"},"modified":"2026-04-08T16:55:14","modified_gmt":"2026-04-08T14:55:14","slug":"apprends-le-beatbox-a-partir-de-zero-avec-jabe-atelier-pour-debutants","status":"publish","type":"product","link":"https:\/\/www.lyrebirdbeatbox.com\/fr\/boutique\/evenements-humanbeatbox\/ateliers-en-personne\/apprends-le-beatbox-a-partir-de-zero-avec-jabe-atelier-pour-debutants\/","title":{"rendered":"Apprends le beatbox \u00e0 partir de z\u00e9ro avec Jabe \u2013 Atelier pour d\u00e9butants"},"content":{"rendered":"\n<p><strong>Et si tu pouvais apprendre \u00e0 cr\u00e9er de la musique uniquement avec ton corps ? <\/strong><\/p>\n\n<p>Participe \u00e0 un atelier de 45 minutes pour apprendre (ou r\u00e9viser) les bases du beatbox et amuse-toi \u00e0 reproduire n&rsquo;importe quel rythme avec ta bouche !<\/p>\n\n<p>Professeur : Jabe (26 ans d&rsquo;exp\u00e9rience \/ Co-fondateur de la Lyrebird School)<\/p>\n\n<p>Objectif : Apprendre tes premiers rythmes et commencer \u00e0 composer tes propres beats instantan\u00e9ment.<\/p>\n\n<p>\ud83d\udcf6 Niveau : D\u00e9butant (Aucune exp\u00e9rience requise !) \ud83d\udfe2<\/p>\n\n<p><strong>INFOS CL\u00c9S :<\/strong><br\/>\ud83d\udcc5 Date : Samedi 25 avril 2026<br\/>\ud83d\udd5b Horaire : 16h \u2013 16h45 PM (45 min)<br\/>\ud83d\udccd Lieu : Le Florida \ud83c\uddeb\ud83c\uddf7 &#8211; <a href=\"https:\/\/maps.app.goo.gl\/5kwY1PjfzCzxCygw6\">95 Bd du Pr\u00e9sident Carnot 47000 Agen (France)<\/a><br\/>\ud83c\udf10 Langue : \ud83c\uddeb\ud83c\uddf7 Fran\u00e7ais<br\/>\ud83d\udcb2 Prix : 8\u20ac<br\/>\u26a0\ufe0f Limite : 20 places seulement<\/p>\n\n<p><mark style=\"background-color:rgba(0, 0, 0, 0)\" class=\"has-inline-color has-lb-rouge-avan-color\">\u26a0\ufe0f Les places sont limit\u00e9es \u00e0 20 participants pour un apprentissage optimal. <\/mark><br\/><mark style=\"background-color:rgba(0, 0, 0, 0)\" class=\"has-inline-color has-lb-rouge-avan-color\"><strong>Important : Merci d\u2019arriver 15 minutes avant le d\u00e9but de l\u2019atelier afin de commencer \u00e0 l&rsquo;heure !<\/strong><\/mark><\/p>\n\n<h2 class=\"wp-block-heading has-text-align-center\"><strong>PLUS D&rsquo;INFOS SUR LE FLORIDA BEATBOX FESTIVAL (FBBF)<\/strong><\/h2>\n\n<p>Ces ateliers exclusifs destin\u00e9s aux beatboxeurs d\u00e9butants et confirm\u00e9s auront lieu dans le cadre du <strong>Florida Beatbox Festival 2026<\/strong>.<\/p>\n\n<p>Le <strong>Florida Beatbox Festival<\/strong> est un festival annuel de 2 jours 100% d\u00e9di\u00e9 \u00e0 l&rsquo;art du <strong>Human Beatbox<\/strong>. <\/p>\n\n<p>Initi\u00e9 par <strong>Tioneb<\/strong> (Champion du monde <strong><a href=\"https:\/\/www.boss.info\/fr\/\">BOSS<\/a><\/strong> <strong>Loop <\/strong><strong>Station<\/strong> 2012 et musicien de renomm\u00e9e mondiale) et une \u00e9quipe de passionn\u00e9s de beatbox, ce festival est g\u00e9n\u00e9ralement divis\u00e9 en deux parties : <\/p>\n\n<p>La premi\u00e8re journ\u00e9e (<strong>vendredi 24 avri<\/strong>l) est davantage consacr\u00e9e aux concerts de beatbox et aux performances artistiques, tandis que la c\u00e9l\u00e8bre <strong>battle de beatbox<\/strong> a lieu le deuxi\u00e8me jour. <\/p>\n\n<p><span style=\"text-decoration: underline;\">Vendredi 24 Avril 2026 &#8211; 20h30<\/span><\/p>\n\n<p>Vocobox World Cup : 4 champions internationaux s&rsquo;affrontent avec un concept original mixant beatbox &amp; vocodeur. C&rsquo;est toi, le public, qui juges !  <\/p>\n\n<p>Showcase Loop Station de Bizkit : sacr\u00e9 champion dans la cat\u00e9gorie Loop Station lors du Grand Beatbox Battle 2021, Bizkit figure depuis de nombreuses ann\u00e9es parmi les meilleurs lors des comp\u00e9titions am\u00e9ricaines et internationales !<\/p>\n\n<p><span style=\"text-decoration: underline;\">Samedi 25 Avril 2026 &#8211; 20h15<\/span><\/p>\n\n<p>Les 8 meilleurs beatboxeurs internationaux ont \u00e9t\u00e9 s\u00e9lectionn\u00e9s pour s&rsquo;affronter en solo lors de cette nouvelle \u00e9dition du Florida Beatbox Battle ! Le vainqueur remportera sa place pour participer au prochain GBB. <\/p>\n\n<p><strong>PARTICIPANTS :<\/strong><\/p>\n\n<ul class=\"wp-block-list\">\n<li>\ud83c\udde9\ud83c\uddf0 Crythix<\/li>\n\n\n\n<li>\ud83c\udde8\ud83c\uddf4 Exallos<\/li>\n\n\n\n<li>\ud83c\uddec\ud83c\udde7 Izen<\/li>\n\n\n\n<li>\ud83c\uddee\ud83c\uddf1 Max<\/li>\n\n\n\n<li>\ud83c\uddeb\ud83c\uddf7 Osy<\/li>\n\n\n\n<li>\ud83c\uddeb\ud83c\uddf7 Patbox<\/li>\n\n\n\n<li>\ud83c\uddf2\ud83c\uddfe Stitch<\/li>\n\n\n\n<li>\ud83c\uddfa\ud83c\uddf8 ZVD<\/li>\n<\/ul>\n\n<p><strong>JUGES :<\/strong><\/p>\n\n<ul class=\"wp-block-list\">\n<li>\ud83c\uddfa\ud83c\uddf8 Bizkit<\/li>\n\n\n\n<li>\ud83c\uddee\ud83c\uddf9 Blackroll<\/li>\n\n\n\n<li>\ud83c\udde7\ud83c\uddea FootboxG<\/li>\n\n\n\n<li>\ud83c\uddeb\ud83c\uddf7 Julard<\/li>\n\n\n\n<li>\ud83c\udde7\ud83c\uddea Supernova<\/li>\n<\/ul>\n\n<p><\/p>\n\n<iframe src=\"https:\/\/www.google.com\/maps\/embed?pb=!1m18!1m12!1m3!1d2860.206704724438!2d0.6179000764228159!3d44.20280897108137!2m3!1f0!2f0!3f0!3m2!1i1024!2i768!4f13.1!3m3!1m2!1s0x12abb318a87cbe81%3A0xdf0356c7373f2cbe!2sAdem%20Florida!5e0!3m2!1sfr!2sfr!4v1774796029381!5m2!1sfr!2sfr\" style=\"display:block;inline-size:100%;max-inline-size:900px;aspect-ratio:4\/3;block-size:auto;border:0;margin-inline:auto\" allowfullscreen=\"\" loading=\"lazy\" referrerpolicy=\"no-referrer-when-downgrade\"><\/iframe>\n\n<p><\/p>\n\n<div class=\"wp-block-buttons is-content-justification-center is-layout-flex wp-container-core-buttons-is-layout-a89b3969 wp-block-buttons-is-layout-flex\">\n<div class=\"wp-block-button\"><a class=\"wp-block-button__link has-text-align-center wp-element-button\" href=\"https:\/\/www.le-florida.org\/evenement\/florida-beatbox-festival-2026\/\">ACH\u00c8TE TES BILLETS POUR LE FLORIDA BEATBOX FESTIVAL<\/a><\/div>\n<\/div>\n<div id=\"reservation\" class=\"wp-block-group\">\n<script>\n  if (typeof hasAmeliaEvent === 'undefined') {\n    var hasAmeliaEvent = true;\n  }\n  if (typeof hasEventApiCall === 'undefined' && ('' === '' && '' !== '1')) {\n    var hasEventApiCall = true;\n  }\n  var hasEventShortcode = (typeof hasEventShortcode === 'undefined') ? false : true;\n  var ameliaShortcodeData = (typeof ameliaShortcodeData === 'undefined') ? [] : ameliaShortcodeData;\n  ameliaShortcodeData.push(\n    {\n      'hasApiCall': (typeof hasEventApiCall !== 'undefined') && hasEventApiCall,\n      'trigger': '',\n      'trigger_type': '',\n      'triggered_form': 'elf',\n      'in_dialog': '',\n      'counter': '1000',\n      'employee': '',\n      'eventId': '75',\n      'eventRecurring': 0,\n      'eventTag': \"\",\n      'locationId': \"\",\n      'range': \"\"\n    }\n  );\n  var ameliaShortcodeDataTriggered = (typeof ameliaShortcodeDataTriggered === 'undefined') ? [] : ameliaShortcodeDataTriggered;\n  if (ameliaShortcodeData[ameliaShortcodeData.length - 1].trigger !== '') {\n    if (ameliaShortcodeDataTriggered.filter(a => a.counter === ameliaShortcodeData[ameliaShortcodeData.length - 1].counter).length === 0) {\n      ameliaShortcodeDataTriggered.push(ameliaShortcodeData.pop());\n    } else {\n      ameliaShortcodeData.pop()\n    }\n  }\n  if (typeof hasEventApiCall !== 'undefined' && hasEventApiCall) {\n    hasEventApiCall = false;\n  }\n<\/script>\n\n<div\n  id=\"amelia-v2-booking-1000\"\n  class=\"amelia-v2-booking\"\n>\n    <events-list-form-wrapper><\/div>\n\n<\/div>\n","protected":false},"excerpt":{"rendered":"<p><strong>D\u00e9couvre le beatbox en partant de z\u00e9ro avec Jabe!<\/strong><br \/>Participe \u00e0 un atelier de 45 minutes au <a href=\"https:\/\/maps.app.goo.gl\/5kwY1PjfzCzxCygw6\">Le Florida (\u00e0 Agen)<\/a> le samedi 25 avril 2026 et apprends les bases du beatbox avec un professeur exp\u00e9riment\u00e9. Que tu sois d\u00e9butant ou simplement curieux, cet atelier te donnera les bases indispensables pour cr\u00e9er tes propres rythmes, t&rsquo;amuser et peut-\u00eatre m\u00eame te lancer dans la musique vocale. Places limit\u00e9es \u2014 \ud83c\udf10 Fran\u00e7ais \u00b7 \ud83d\udcb6 8\u20ac  <\/p>\n<p><a href=\"https:\/\/www.lyrebirdbeatbox.com\/fr\/boutique\/evenements-humanbeatbox\/ateliers-en-personne\/apprends-le-beatbox-a-partir-de-zero-avec-jabe-atelier-pour-debutants\/#reservation\">Formulaire d&rsquo;inscription ci-dessous.<\/a><\/p>\n","protected":false},"featured_media":74882,"comment_status":"open","ping_status":"closed","template":"","meta":{"_seopress_robots_primary_cat":"none","_seopress_titles_title":"","_seopress_titles_desc":"","_seopress_robots_index":"","_uag_custom_page_level_css":""},"product_brand":[],"product_cat":[661,387],"product_tag":[381,816,379,906,819,817,915,805],"class_list":{"0":"post-60487","1":"product","2":"type-product","3":"status-publish","4":"has-post-thumbnail","6":"product_cat-ateliers-en-personne","7":"product_cat-evenements-humanbeatbox","8":"product_tag-beatbox-fr","9":"product_tag-beatboxing-fr","10":"product_tag-debutant","11":"product_tag-evenement-en-personne","12":"product_tag-formation","13":"product_tag-human-beatbox-fr","14":"product_tag-jabe","15":"product_tag-solo-fr","16":"pa_category-shop-solo-boutique","17":"pa_recommended-level-shop-debutant-boutique","18":"pa_spoken-language-shop-spoken-french-shop","19":"pa_teacher-shop-jabe-boutique","20":"pa_type-shop-evenement-de-beatbox-en-personne-boutique","22":"first","23":"instock","24":"virtual","25":"product-type-simple"},"uagb_featured_image_src":{"full":["https:\/\/www.lyrebirdbeatbox.com\/wp-content\/uploads\/apprends_le_beatbox_a_partir_de_zero_avec_jabe_au_florida_agen.webp",1080,1080,false],"thumbnail":["https:\/\/www.lyrebirdbeatbox.com\/wp-content\/uploads\/apprends_le_beatbox_a_partir_de_zero_avec_jabe_au_florida_agen-150x150.webp",150,150,true],"medium":["https:\/\/www.lyrebirdbeatbox.com\/wp-content\/uploads\/apprends_le_beatbox_a_partir_de_zero_avec_jabe_au_florida_agen-300x300.webp",300,300,true],"medium_large":["https:\/\/www.lyrebirdbeatbox.com\/wp-content\/uploads\/apprends_le_beatbox_a_partir_de_zero_avec_jabe_au_florida_agen-768x768.webp",640,640,true],"large":["https:\/\/www.lyrebirdbeatbox.com\/wp-content\/uploads\/apprends_le_beatbox_a_partir_de_zero_avec_jabe_au_florida_agen-1024x1024.webp",640,640,true],"1536x1536":["https:\/\/www.lyrebirdbeatbox.com\/wp-content\/uploads\/apprends_le_beatbox_a_partir_de_zero_avec_jabe_au_florida_agen.webp",1080,1080,false],"2048x2048":["https:\/\/www.lyrebirdbeatbox.com\/wp-content\/uploads\/apprends_le_beatbox_a_partir_de_zero_avec_jabe_au_florida_agen.webp",1080,1080,false],"post-thumbnail":["https:\/\/www.lyrebirdbeatbox.com\/wp-content\/uploads\/apprends_le_beatbox_a_partir_de_zero_avec_jabe_au_florida_agen-624x624.webp",624,624,true],"woocommerce_thumbnail":["https:\/\/www.lyrebirdbeatbox.com\/wp-content\/uploads\/apprends_le_beatbox_a_partir_de_zero_avec_jabe_au_florida_agen-400x400.webp",400,400,true],"woocommerce_single":["https:\/\/www.lyrebirdbeatbox.com\/wp-content\/uploads\/apprends_le_beatbox_a_partir_de_zero_avec_jabe_au_florida_agen-600x600.webp",600,600,true],"woocommerce_gallery_thumbnail":["https:\/\/www.lyrebirdbeatbox.com\/wp-content\/uploads\/apprends_le_beatbox_a_partir_de_zero_avec_jabe_au_florida_agen-100x100.webp",100,100,true]},"uagb_author_info":{"display_name":"Jabe","author_link":"https:\/\/www.lyrebirdbeatbox.com\/fr\/author\/"},"uagb_comment_info":0,"uagb_excerpt":"D\u00e9couvre le beatbox en partant de z\u00e9ro avec Jabe!Participe \u00e0 un atelier de 45 minutes au Le Florida (\u00e0 Agen) le samedi 25 avril 2026 et apprends les bases du beatbox avec un professeur exp\u00e9riment\u00e9. Que tu sois d\u00e9butant ou simplement curieux, cet atelier te donnera les bases indispensables pour cr\u00e9er tes propres rythmes, t'amuser\u2026","_links":{"self":[{"href":"https:\/\/www.lyrebirdbeatbox.com\/fr\/wp-json\/wp\/v2\/product\/60487","targetHints":{"allow":["GET"]}}],"collection":[{"href":"https:\/\/www.lyrebirdbeatbox.com\/fr\/wp-json\/wp\/v2\/product"}],"about":[{"href":"https:\/\/www.lyrebirdbeatbox.com\/fr\/wp-json\/wp\/v2\/types\/product"}],"replies":[{"embeddable":true,"href":"https:\/\/www.lyrebirdbeatbox.com\/fr\/wp-json\/wp\/v2\/comments?post=60487"}],"wp:featuredmedia":[{"embeddable":true,"href":"https:\/\/www.lyrebirdbeatbox.com\/fr\/wp-json\/wp\/v2\/media\/74882"}],"wp:attachment":[{"href":"https:\/\/www.lyrebirdbeatbox.com\/fr\/wp-json\/wp\/v2\/media?parent=60487"}],"wp:term":[{"taxonomy":"product_brand","embeddable":true,"href":"https:\/\/www.lyrebirdbeatbox.com\/fr\/wp-json\/wp\/v2\/product_brand?post=60487"},{"taxonomy":"product_cat","embeddable":true,"href":"https:\/\/www.lyrebirdbeatbox.com\/fr\/wp-json\/wp\/v2\/product_cat?post=60487"},{"taxonomy":"product_tag","embeddable":true,"href":"https:\/\/www.lyrebirdbeatbox.com\/fr\/wp-json\/wp\/v2\/product_tag?post=60487"}],"curies":[{"name":"wp","href":"https:\/\/api.w.org\/{rel}","templated":true}]}}